{"id":844,"date":"2021-08-20T11:14:56","date_gmt":"2021-08-20T11:14:56","guid":{"rendered":"https:\/\/eldienteroto.org\/wp49\/?page_id=844"},"modified":"2026-02-07T16:38:50","modified_gmt":"2026-02-07T21:08:50","slug":"m","status":"publish","type":"page","link":"https:\/\/eldienteroto.org\/wp49\/m\/","title":{"rendered":"M"},"content":{"rendered":"\n<p><a href=\"https:\/\/eldienteroto.org\/wp49\/luz-machado\/\" target=\"_blank\" rel=\"noopener\">Machado, Luz<\/a><\/p>\n\n\n\n<p><a href=\"https:\/\/eldienteroto.org\/wp49\/neguel-machado\/\" target=\"_blank\" rel=\"noopener\">Machado, Neguel<\/a><\/p>\n\n\n\n<p><a href=\"https:\/\/eldienteroto.org\/wp49\/wilfredo-machado\/\" target=\"_blank\" rel=\"noopener\">Machado, Wilfredo<\/a><\/p>\n\n\n\n<p><a rel=\"noopener\" href=\"https:\/\/eldienteroto.org\/wp49\/antonieta-madrid\/\" target=\"_blank\">Madrid, Antonieta<\/a><\/p>\n\n\n\n<p>Madriz, Federico Le\u00f3n (ver <a rel=\"noreferrer noopener\" href=\"https:\/\/eldienteroto.org\/wp49\/pepe-aleman\/\" target=\"_blank\">Pepe Alem\u00e1n<\/a>)<\/p>\n\n\n\n<p><a href=\"https:\/\/eldienteroto.org\/wp49\/la-magia-de-los-libros\/\">magia de los libros, La<\/a><\/p>\n\n\n\n<p><a href=\"https:\/\/eldienteroto.org\/wp49\/magisterio-americano-bolivar\/\" target=\"_blank\" rel=\"noopener\">magisterio americano de Bol\u00edvar, El<\/a><\/p>\n\n\n\n<p><a href=\"https:\/\/eldienteroto.org\/wp49\/el-mago-de-la-cara-de-vidrio\/\" target=\"_blank\" rel=\"noopener\">Mago de la cara de vidrio, el<\/a><\/p>\n\n\n\n<p><a rel=\"noopener\" href=\"https:\/\/eldienteroto.org\/wp49\/jose-antonio-maitin\/\" target=\"_blank\">Mait\u00edn, Jos\u00e9 Antonio<\/a><\/p>\n\n\n\n<p><a rel=\"noreferrer noopener\" href=\"https:\/\/eldienteroto.org\/wp49\/angel-malave\/\" target=\"_blank\">Malav\u00e9, \u00c1ngel<\/a><\/p>\n\n\n\n<p><a href=\"https:\/\/eldienteroto.org\/wp49\/hector-malave-mata\/\">Malav\u00e9 Mata, H\u00e9cto<\/a><\/p>\n\n\n\n<p><a rel=\"noopener\" href=\"https:\/\/eldienteroto.org\/wp49\/jason-maldonado-skrainka\/\" target=\"_blank\">Maldonado Skrainka, Jason<\/a><\/p>\n\n\n\n<p><a href=\"https:\/\/eldienteroto.org\/wp49\/malena-de-cinco-mundos\/\" target=\"_blank\" rel=\"noreferrer noopener\">Malena de cinco mundos<\/a><\/p>\n\n\n\n<p><a href=\"https:\/\/eldienteroto.org\/wp49\/malencuentro\/\" target=\"_blank\" rel=\"noopener\">Malencuentro<\/a><\/p>\n\n\n\n<p><a href=\"https:\/\/eldienteroto.org\/wp49\/maletin-de-pequenos-objetos\/\" target=\"_blank\" rel=\"noopener\">Malet\u00edn de peque\u00f1os objetos<\/a><\/p>\n\n\n\n<p><a rel=\"noopener\" href=\"https:\/\/eldienteroto.org\/wp49\/los-maletines-fragmentos\/\" target=\"_blank\">Maletines, Los<\/a><\/p>\n\n\n\n<p><a href=\"https:\/\/eldienteroto.org\/wp49\/cosimo-mandrillo\/\" target=\"_blank\" rel=\"noreferrer noopener\">Mandrillo, C\u00f3simo<\/a><\/p>\n\n\n\n<p><a href=\"https:\/\/eldienteroto.org\/wp49\/carmen-mannarino\/\" target=\"_blank\" rel=\"noopener\">Mannarino, Carmen<\/a><\/p>\n\n\n\n<p><a rel=\"noopener\" href=\"https:\/\/eldienteroto.org\/wp49\/manual-para-extranar\/\" target=\"_blank\">Manual para extra\u00f1ar<\/a><\/p>\n\n\n\n<p><a rel=\"noreferrer noopener\" href=\"https:\/\/eldienteroto.org\/wp49\/manual-del-sinverguenza\/\" target=\"_blank\">Manual del sinverg\u00fcenza<\/a><\/p>\n\n\n\n<p><a href=\"https:\/\/eldienteroto.org\/wp49\/maria-lionza\/\" target=\"_blank\" rel=\"noopener\">Mar\u00eda Lionza<\/a> (Ida Gramcko)<\/p>\n\n\n\n<p><a href=\"https:\/\/eldienteroto.org\/wp49\/oscar-marcano\/\" target=\"_blank\" rel=\"noopener\">Marcano, Oscar<\/a><\/p>\n\n\n\n<p><a rel=\"noopener\" href=\"https:\/\/eldienteroto.org\/wp49\/miguel-marcotrigiano\/\" target=\"_blank\">Marcotrigiano, Miguel<\/a><\/p>\n\n\n\n<p><a href=\"https:\/\/eldienteroto.org\/wp49\/eduardo-marino\/\" target=\"_blank\" rel=\"noreferrer noopener\">Mari\u00f1o, Eduardo<\/a><\/p>\n\n\n\n<p><a href=\"https:\/\/eldienteroto.org\/wp49\/andres-marino-palacios\/\" target=\"_blank\" rel=\"noopener\">Mari\u00f1o Palacios, Andr\u00e9s<\/a><\/p>\n\n\n\n<p><a href=\"https:\/\/eldienteroto.org\/wp49\/luis-enrique-marmol\/\" target=\"_blank\" rel=\"noopener\">M\u00e1rmol, Luis Enrique<\/a><\/p>\n\n\n\n<p><a rel=\"noopener\" href=\"https:\/\/eldienteroto.org\/wp49\/poemas-de-luis-gerardo-marmol\/\" target=\"_blank\">M\u00e1rmol-Bosch, Luis Gerardo<\/a><\/p>\n\n\n\n<p><a rel=\"noreferrer noopener\" href=\"https:\/\/eldienteroto.org\/wp49\/fermin-marmol-leon\/\" target=\"_blank\">M\u00e1rmol Le\u00f3n, Ferm\u00edn<\/a><\/p>\n\n\n\n<p><a href=\"https:\/\/eldienteroto.org\/wp49\/alexis-marquez-rodriguez\/\" target=\"_blank\" rel=\"noreferrer noopener\">M\u00e1rquez Rodr\u00edguez, Alexis<\/a><\/p>\n\n\n\n<p><a href=\"https:\/\/eldienteroto.org\/wp49\/vanessa-alejandra-marquez-vargas\/\" target=\"_blank\" rel=\"noopener\">M\u00e1rquez Vargas, Vanessa Alejandra<\/a><\/p>\n\n\n\n<p><a rel=\"noopener\" href=\"https:\/\/eldienteroto.org\/wp49\/antonio-marquez-salas\/\" target=\"_blank\">M\u00e1rquez Salas, Antonio<\/a><\/p>\n\n\n\n<p><a rel=\"noreferrer noopener\" href=\"https:\/\/eldienteroto.org\/wp49\/marta\/\" target=\"_blank\">Marta<\/a> (de Le\u00f3n Weffer)<\/p>\n\n\n\n<p><a rel=\"noreferrer noopener\" href=\"https:\/\/eldienteroto.org\/wp49\/benjamin-martinez-hernandez\/\" target=\"_blank\">Mart\u00ednez\u200b\u200b&nbsp;Hern\u00e1ndez, Benjam\u00edn<\/a><\/p>\n\n\n\n<p><a href=\"https:\/\/eldienteroto.org\/wp49\/christian-martinez\/\" target=\"_blank\" rel=\"noreferrer noopener\">Mart\u00ednez, Christian<\/a><\/p>\n\n\n\n<p><a rel=\"noreferrer noopener\" href=\"https:\/\/eldienteroto.org\/wp49\/dira-martinez\/\" target=\"_blank\">Mart\u00ednez, Dira<\/a><\/p>\n\n\n\n<p><a href=\"https:\/\/eldienteroto.org\/wp49\/edinson-martinez\/\" target=\"_blank\" rel=\"noopener\">Mart\u00ednez, Edinson<\/a><\/p>\n\n\n\n<p><a href=\"https:\/\/eldienteroto.org\/wp49\/ibsen-martinez\/\" target=\"_blank\" rel=\"noopener\">Mart\u00ednez, Ibsen<\/a><\/p>\n\n\n\n<p><a href=\"https:\/\/eldienteroto.org\/wp49\/juan-martins-2\/\" target=\"_blank\" rel=\"noopener\">Mart\u00ednez,&nbsp;<\/a><a href=\"https:\/\/eldienteroto.org\/wp49\/leoncio-martinez\/\">Leoncio <\/a><\/p>\n\n\n\n<p><a href=\"https:\/\/eldienteroto.org\/wp49\/roberto-martinez-bachrich\/\" target=\"_blank\" rel=\"noopener\">Mart\u00ednez Bachrich, Roberto<\/a><\/p>\n\n\n\n<p><a href=\"https:\/\/eldienteroto.org\/wp49\/juan-martins-2\/\" target=\"_blank\" rel=\"noopener\">Martins,&nbsp;<\/a><a href=\"https:\/\/eldienteroto.org\/wp49\/juan-martins-2\/\" target=\"_blank\" rel=\"noopener\">Juan <\/a><\/p>\n\n\n\n<p><a href=\"https:\/\/eldienteroto.org\/wp49\/la-mascara-la-transparencia\/\" target=\"_blank\" rel=\"noopener\">m\u00e1scara, la transparencia (La)<\/a><\/p>\n\n\n\n<p><a href=\"https:\/\/eldienteroto.org\/wp49\/francisco-massiani\/\" target=\"_blank\" rel=\"noopener\">Massiani, Francisco<\/a><\/p>\n\n\n\n<p><a href=\"https:\/\/eldienteroto.org\/wp49\/andres-mata\/\" target=\"_blank\" rel=\"noopener\">Mata, Andr\u00e9s<\/a><\/p>\n\n\n\n<p><a href=\"https:\/\/eldienteroto.org\/wp49\/humberto-mata\/\" target=\"_blank\" rel=\"noopener\">Mata, Humberto<\/a><\/p>\n\n\n\n<p><a href=\"https:\/\/eldienteroto.org\/wp49\/milagros-mata-gil-por-si-misma\/\" target=\"_blank\" rel=\"noopener\">Mata Gil, Milagros<\/a><\/p>\n\n\n\n<p><a rel=\"noopener\" href=\"https:\/\/eldienteroto.org\/wp49\/una-mazurkita-en-la-mayor\/\" target=\"_blank\">Mazurkita en La mayor, una<\/a><\/p>\n\n\n\n<p><a href=\"https:\/\/eldienteroto.org\/wp49\/willy-mckey\/\" target=\"_blank\" rel=\"noreferrer noopener\">McKey, Willy<\/a><\/p>\n\n\n\n<p><a href=\"https:\/\/eldienteroto.org\/wp49\/hare-aire\/\" target=\"_blank\" rel=\"noopener\">Me har\u00e9 de aire<\/a><\/p>\n\n\n\n<p><a href=\"https:\/\/eldienteroto.org\/wp49\/mecanica\/\" target=\"_blank\" rel=\"noopener\">Mec\u00e1nica<\/a><\/p>\n\n\n\n<p><a href=\"https:\/\/eldienteroto.org\/wp49\/celso-medina\/\" target=\"_blank\" rel=\"noopener\">Medina, Celso<\/a><\/p>\n\n\n\n<p><a href=\"https:\/\/eldienteroto.org\/wp49\/jose-ramon-medina\/\" target=\"_blank\" rel=\"noopener\">Medina, Jos\u00e9 Ram\u00f3n<\/a><\/p>\n\n\n\n<p><a href=\"https:\/\/eldienteroto.org\/wp49\/isaias-medina-lopez\/\" target=\"_blank\" rel=\"noopener\">Medina L\u00f3pez, Isa\u00edas<\/a><\/p>\n\n\n\n<p><a rel=\"noopener\" href=\"https:\/\/eldienteroto.org\/wp49\/adolfo-mejias\/\" target=\"_blank\">Mej\u00edas, Adolfo<\/a><\/p>\n\n\n\n<p><a href=\"https:\/\/eldienteroto.org\/wp49\/ricardo-jesus-mejias-hernandez\/\" target=\"_blank\" rel=\"noreferrer noopener\">Mej\u00edas Hern\u00e1ndez, Ricardo Jes\u00fas<\/a><\/p>\n\n\n\n<p><a href=\"https:\/\/eldienteroto.org\/wp49\/memorias-de-altagracia\/\" target=\"_blank\" rel=\"noopener\">Memorias de Altagracia<\/a> (fragmentos)<\/p>\n\n\n\n<p><a href=\"https:\/\/eldienteroto.org\/wp49\/wp-content\/uploads\/2021\/12\/Memorias-de-Mam%C3%A1-Blanca.pdf\" target=\"_blank\" rel=\"noopener\">Memorias de Mam\u00e1 Blanca<\/a><\/p>\n\n\n\n<p><a href=\"https:\/\/eldienteroto.org\/wp49\/memorias-de-un-aventurero-venezolano\/\" target=\"_blank\" rel=\"noopener\">Memorias de un aventurero venezolano<\/a><\/p>\n\n\n\n<p><a href=\"https:\/\/eldienteroto.org\/wp49\/memorias-semibarbaro\/\" target=\"_blank\" rel=\"noopener\">Memorias de un semib\u00e1rbaro<\/a><\/p>\n\n\n\n<div id=\"entryContent\">\n<div id=\"top\" class=\"entryBody font-17 lineHeight-26 letterSpacing-07 wordSpacing--1-2 entryExtraInfo\">\n<p><a href=\"https:\/\/eldienteroto.org\/wp49\/memorias-de-un-venezolano-de-la-decadencia\/\" target=\"_blank\" rel=\"noopener\">Memorias de un venezolano de la decadencia<\/a><\/p>\n<\/div>\n<\/div>\n\n\n\n<p><a href=\"https:\/\/eldienteroto.org\/wp49\/mene-cumboto\/\" target=\"_blank\" rel=\"noopener\">Mene<\/a><\/p>\n\n\n\n<p><a href=\"https:\/\/eldienteroto.org\/wp49\/juan-carlos-mendez-guedez\" target=\"_blank\" rel=\"noopener\">M\u00e9ndez Gu\u00e9dez, Juan Carlos<\/a><\/p>\n\n\n\n<p><a href=\"https:\/\/eldienteroto.org\/wp49\/jose-luis-mendez-la-fuente\/\" target=\"_blank\" rel=\"noopener\">M\u00e9ndez La Fuente, Jos\u00e9 Luis<\/a><\/p>\n\n\n\n<p><a href=\"https:\/\/eldienteroto.org\/wp49\/gladys-mendia\/\" target=\"_blank\" rel=\"noopener\">Mend\u00eda, Gladys<\/a><\/p>\n\n\n\n<p><a href=\"https:\/\/eldienteroto.org\/wp49\/daniel-mendoza\/\" target=\"_blank\" rel=\"noopener\">Mendoza, Daniel<\/a><\/p>\n\n\n\n<p><a rel=\"noopener\" href=\"https:\/\/eldienteroto.org\/wp49\/nestor-mendoza\/\" target=\"_blank\">Mendoza, N\u00e9stor<\/a><\/p>\n\n\n\n<p><a href=\"https:\/\/eldienteroto.org\/wp49\/beatriz-mendoza-sagarzazu\/\" target=\"_blank\" rel=\"noreferrer noopener\">Mendoza Sagarzazu, Beatriz<\/a><\/p>\n\n\n\n<p><a href=\"https:\/\/eldienteroto.org\/wp49\/guillermo-meneses\/\" target=\"_blank\" rel=\"noopener\">Meneses, Guillermo<\/a><\/p>\n\n\n\n<p><a href=\"https:\/\/eldienteroto.org\/wp49\/mensaje-sin-destino-alegria-de-la-tierra\/\" target=\"_blank\" rel=\"noopener\">Mensaje sin destino<\/a><\/p>\n\n\n\n<p><a rel=\"noopener\" href=\"https:\/\/eldienteroto.org\/wp49\/mercancias-cesar-panza\/\" target=\"_blank\">Mercanc\u00edas<\/a><\/p>\n\n\n\n<p><a href=\"https:\/\/eldienteroto.org\/wp49\/vivi-merrill\/\" target=\"_blank\" rel=\"noreferrer noopener\">Merrill, Vivi<\/a><\/p>\n\n\n\n<p><a rel=\"noreferrer noopener\" href=\"https:\/\/eldienteroto.org\/wp49\/el-mestizo-jose-vargas\/\" target=\"_blank\">mestizo Jos\u00e9 Vargas, El<\/a><\/p>\n\n\n\n<p><a rel=\"noreferrer noopener\" href=\"https:\/\/eldienteroto.org\/wp49\/metastasis-del-verbo\/\" target=\"_blank\">Met\u00e1stasis del verbo<\/a><\/p>\n\n\n\n<p><a href=\"https:\/\/eldienteroto.org\/wp49\/amado-marti\/\" target=\"_blank\" rel=\"noopener\">Mi amado Mart\u00ed<\/a><\/p>\n\n\n\n<p><a href=\"https:\/\/eldienteroto.org\/wp49\/benito-mieses\/\" target=\"_blank\" rel=\"noopener\">Mieses, Benito<\/a><\/p>\n\n\n\n<p><a href=\"https:\/\/eldienteroto.org\/wp49\/augusto-mijares\/\" target=\"_blank\" rel=\"noopener\">Mijares, Augusto<\/a><\/p>\n\n\n\n<p><a style=\"font-size: revert;\" href=\"https:\/\/eldienteroto.org\/wp49\/francisco-miranda\/\" target=\"_blank\" rel=\"noopener\">Miranda, Francisco de<\/a><\/p>\n\n\n\n<p><a href=\"https:\/\/eldienteroto.org\/wp49\/julio-miranda\/\" target=\"_blank\" rel=\"noopener\">Miranda, Julio<\/a><\/p>\n\n\n\n<p><a href=\"https:\/\/eldienteroto.org\/wp49\/miriam-mireles\/\" target=\"_blank\" rel=\"noopener\">Mireles, Miriam<\/a><\/p>\n\n\n\n<p><a href=\"https:\/\/eldienteroto.org\/wp49\/rodolfo-moleiro\/\" target=\"_blank\" rel=\"noopener\">Moleiro, Rodolfo<\/a><\/p>\n\n\n\n<p><a href=\"https:\/\/eldienteroto.org\/wp49\/roberto-molinares\/\" target=\"_blank\" rel=\"noopener\">Molinares, Roberto<\/a><\/p>\n\n\n\n<p><a href=\"https:\/\/eldienteroto.org\/wp49\/eugenio-montejo\/\" target=\"_blank\" rel=\"noopener\">Montejo, Eugenio<\/a><\/p>\n\n\n\n<p><a href=\"https:\/\/eldienteroto.org\/wp49\/alvaro-montero\/\" target=\"_blank\" rel=\"noopener\">Montero, \u00c1lvaro<\/a><\/p>\n\n\n\n<p><a href=\"https:\/\/eldienteroto.org\/wp49\/montes-y-culebras\/\" target=\"_blank\" rel=\"noopener\">Montes y culebras<\/a><\/p>\n\n\n\n<p><a href=\"https:\/\/eldienteroto.org\/wp49\/leisie-montiel\/\" target=\"_blank\" rel=\"noopener\">Montiel, Leisie<\/a><\/p>\n\n\n\n<p><a rel=\"noopener\" href=\"https:\/\/eldienteroto.org\/wp49\/jeroh-juan-montilla\/\" target=\"_blank\">Montilla, Jeroh Juan<\/a><\/p>\n\n\n\n<p><a href=\"https:\/\/eldienteroto.org\/wp49\/maria-elena-moran\/\" target=\"_blank\" rel=\"noreferrer noopener\">Mor\u00e1n, Mar\u00eda Elena<\/a><\/p>\n\n\n\n<p><a rel=\"noopener\" href=\"https:\/\/eldienteroto.org\/wp49\/duglas-moreno\/\" target=\"_blank\">Moreno, Duglas<\/a><\/p>\n\n\n\n<p><a href=\"https:\/\/eldienteroto.org\/wp49\/luis-moreno-villamediana\/\">Moreno Villamediana, Luis<\/a><\/p>\n\n\n\n<p><a href=\"https:\/\/eldienteroto.org\/wp49\/mario-morenza\/\" target=\"_blank\" rel=\"noopener\">Morenza, Mario<\/a><\/p>\n\n\n\n<p><a href=\"https:\/\/eldienteroto.org\/wp49\/soledad-morillo-una-semblanza-de-su-vida\/\" target=\"_blank\" rel=\"noopener\">Morillo, Soledad<\/a><\/p>\n\n\n\n<p><a href=\"https:\/\/eldienteroto.org\/wp49\/guillermo-moron\/\" target=\"_blank\" rel=\"noopener\">Mor\u00f3n, Guillermo<\/a><\/p>\n\n\n\n<p><a href=\"https:\/\/eldienteroto.org\/wp49\/camilo-moron\/\" target=\"_blank\" rel=\"noopener\">Mor\u00f3n, Camilo<\/a><\/p>\n\n\n\n<p><a rel=\"noopener\" href=\"https:\/\/eldienteroto.org\/wp49\/stefania-mosca\/\" target=\"_blank\">Mosca, Stefan\u00eda<\/a><\/p>\n\n\n\n<p><a href=\"https:\/\/eldienteroto.org\/wp49\/victor-mosqueda\/\" target=\"_blank\" rel=\"noreferrer noopener\">Mosqueda, V\u00edctor<\/a><\/p>\n\n\n\n<p><a href=\"https:\/\/eldienteroto.org\/wp49\/mudar-la-casa\/\" target=\"_blank\" rel=\"noreferrer noopener\">Mudar la casa<\/a><\/p>\n\n\n\n<p><a href=\"https:\/\/eldienteroto.org\/wp49\/la-muerte-de-honorio\/\" target=\"_blank\" rel=\"noopener\">muerte de Honorio, La<\/a><\/p>\n\n\n\n<p><a href=\"https:\/\/eldienteroto.org\/wp49\/enrique-mujica\/\" target=\"_blank\" rel=\"noopener\">Mujica, Enrique<\/a><\/p>\n\n\n\n<p><a href=\"https:\/\/eldienteroto.org\/wp49\/hector-mujica\/\" target=\"_blank\" rel=\"noopener\">Mujica, H\u00e9ctor<\/a><\/p>\n\n\n\n<p><a href=\"https:\/\/eldienteroto.org\/wp49\/mundo-nuevo-nuevo-mundo\/\" target=\"_blank\" rel=\"noopener\">Mundo nuevo, nuevo mundo<\/a><\/p>\n\n\n\n<p><a href=\"https:\/\/eldienteroto.org\/wp49\/rafael-jose-munoz\/\" target=\"_blank\" rel=\"noopener\">Mu\u00f1oz, Rafael Jos\u00e9<\/a><\/p>\n\n\n\n<p><a href=\"https:\/\/eldienteroto.org\/wp49\/rafael-victorino-munoz\/\" target=\"_blank\" rel=\"noopener\">Mu\u00f1oz, Rafael Victorino<\/a><\/p>\n","protected":false},"excerpt":{"rendered":"<p>Machado, Luz Machado, Neguel Machado, Wilfredo Madrid, Antonieta Madriz, Federico Le\u00f3n (ver Pepe Alem\u00e1n) magia de los libros, La magisterio americano de Bol\u00edvar, El Mago de la cara de vidrio, el Mait\u00edn, Jos\u00e9 Antonio Malav\u00e9, \u00c1ngel Malav\u00e9 Mata, H\u00e9cto Maldonado Skrainka, Jason Malena de cinco mundos Malencuentro Malet\u00edn de peque\u00f1os objetos Maletines, Los Mandrillo, C\u00f3simo [&hellip;]<\/p>\n","protected":false},"author":6,"featured_media":0,"parent":0,"menu_order":0,"comment_status":"closed","ping_status":"closed","template":"","meta":{"_monsterinsights_skip_tracking":false,"_monsterinsights_sitenote_active":false,"_monsterinsights_sitenote_note":"","_monsterinsights_sitenote_category":0,"footnotes":""},"_links":{"self":[{"href":"https:\/\/eldienteroto.org\/wp49\/wp-json\/wp\/v2\/pages\/844"}],"collection":[{"href":"https:\/\/eldienteroto.org\/wp49\/wp-json\/wp\/v2\/pages"}],"about":[{"href":"https:\/\/eldienteroto.org\/wp49\/wp-json\/wp\/v2\/types\/page"}],"author":[{"embeddable":true,"href":"https:\/\/eldienteroto.org\/wp49\/wp-json\/wp\/v2\/users\/6"}],"replies":[{"embeddable":true,"href":"https:\/\/eldienteroto.org\/wp49\/wp-json\/wp\/v2\/comments?post=844"}],"version-history":[{"count":107,"href":"https:\/\/eldienteroto.org\/wp49\/wp-json\/wp\/v2\/pages\/844\/revisions"}],"predecessor-version":[{"id":18282,"href":"https:\/\/eldienteroto.org\/wp49\/wp-json\/wp\/v2\/pages\/844\/revisions\/18282"}],"wp:attachment":[{"href":"https:\/\/eldienteroto.org\/wp49\/wp-json\/wp\/v2\/media?parent=844"}],"curies":[{"name":"wp","href":"https:\/\/api.w.org\/{rel}","templated":true}]}}