{"id":842,"date":"2021-08-20T11:14:33","date_gmt":"2021-08-20T11:14:33","guid":{"rendered":"https:\/\/eldienteroto.org\/wp49\/?page_id=842"},"modified":"2026-03-11T16:57:58","modified_gmt":"2026-03-11T21:27:58","slug":"g","status":"publish","type":"page","link":"https:\/\/eldienteroto.org\/wp49\/g\/","title":{"rendered":"G"},"content":{"rendered":"\n<p><a rel=\"noreferrer noopener\" href=\"https:\/\/eldienteroto.org\/wp49\/argenis-gadea\/\" target=\"_blank\">Gadea, Argenis<\/a><\/p>\n\n\n\n<p><a href=\"https:\/\/eldienteroto.org\/wp49\/eli-galindo\/\" target=\"_blank\" rel=\"noreferrer noopener\">Galindo, Eli<\/a><\/p>\n\n\n\n<p><a href=\"https:\/\/eldienteroto.org\/wp49\/michela-la-galla\/\">Galla, Michela La<\/a><\/p>\n\n\n\n<p><a rel=\"noreferrer noopener\" href=\"https:\/\/eldienteroto.org\/wp49\/jhon-gallardo\/\" target=\"_blank\">Gallardo, Jhon<\/a><\/p>\n\n\n\n<p><a rel=\"noopener\" href=\"https:\/\/eldienteroto.org\/wp49\/gallegos-romulo\/\" target=\"_blank\">Gallegos, R\u00f3mulo<\/a><\/p>\n\n\n\n<p><a href=\"https:\/\/eldienteroto.org\/wp49\/el-gallo-de-las-espuelas-de-oro\/\" target=\"_blank\" rel=\"noopener\">Gallo de las espuelas de oro, el<\/a><\/p>\n\n\n\n<p><a rel=\"noopener\" href=\"https:\/\/eldienteroto.org\/wp49\/cristina-galvez-martos\/\" target=\"_blank\">G\u00e1lvez Martos, Cristina<\/a><\/p>\n\n\n\n<p><a rel=\"noreferrer noopener\" href=\"https:\/\/eldienteroto.org\/wp49\/los-ganadores\/\" target=\"_blank\">ganadores, Los<\/a><\/p>\n\n\n\n<p><a href=\"https:\/\/eldienteroto.org\/wp49\/enza-garcia-arreaza-una-semblanza-de-su-vida\/\" target=\"_blank\" rel=\"noopener\">Garc\u00eda Arreaza, Enza<\/a><\/p>\n\n\n\n<p><a rel=\"noopener\" href=\"https:\/\/eldienteroto.org\/wp49\/beatriz-alicia-garcia\/\" target=\"_blank\">Garc\u00eda, Beatriz Alicia<\/a><\/p>\n\n\n\n<p><a href=\"https:\/\/eldienteroto.org\/wp49\/giordana-garcia\/\" target=\"_blank\" rel=\"noreferrer noopener\">Garc\u00eda, Giordana<\/a><\/p>\n\n\n\n<p><a href=\"https:\/\/eldienteroto.org\/wp49\/leonardo-garcia-por-si-mismo\/\" target=\"_blank\" rel=\"noopener\">Garc\u00eda, Leonardo<\/a><\/p>\n\n\n\n<p><a rel=\"noopener\" href=\"https:\/\/eldienteroto.org\/wp49\/tannia-garcia\/\" target=\"_blank\">Garc\u00eda, Tannia Maruja<\/a><\/p>\n\n\n\n<p><a href=\"https:\/\/eldienteroto.org\/wp49\/adriana-garcia-sojo\/\" target=\"_blank\" rel=\"noreferrer noopener\">Garc\u00eda Sojo, Adriana<\/a><\/p>\n\n\n\n<p><a href=\"https:\/\/eldienteroto.org\/wp49\/julio-garmendia\/\" target=\"_blank\" rel=\"noopener\">Garmendia, Julio<\/a><\/p>\n\n\n\n<p><a rel=\"noopener\" href=\"https:\/\/eldienteroto.org\/wp49\/salvador-garmendia\/\" target=\"_blank\">Garmendia, Salvador<\/a><\/p>\n\n\n\n<p><a href=\"https:\/\/eldienteroto.org\/wp49\/eduardo-gasca\/\" target=\"_blank\" rel=\"noreferrer noopener\">Gasca, Eduardo<\/a><\/p>\n\n\n\n<p><a href=\"https:\/\/eldienteroto.org\/wp49\/johnny-gavlovski\/\" target=\"_blank\" rel=\"noreferrer noopener\">Gavlovski, Johnny<\/a><\/p>\n\n\n\n<p><a rel=\"noopener\" href=\"https:\/\/eldienteroto.org\/wp49\/geometria-de-la-grieta\/\" target=\"_blank\">Geometr\u00eda de la grieta<\/a><\/p>\n\n\n\n<p><a href=\"https:\/\/eldienteroto.org\/wp49\/vicente-gerbasi\/\" target=\"_blank\" rel=\"noopener\">Gerbasi, Vicente<\/a><\/p>\n\n\n\n<p><a rel=\"noopener\" href=\"https:\/\/eldienteroto.org\/wp49\/judit-gerendas\/\" target=\"_blank\">Gerendas, Judit<\/a><\/p>\n\n\n\n<p><a href=\"https:\/\/eldienteroto.org\/wp49\/pio-gil\/\" target=\"_blank\" rel=\"noreferrer noopener\">Gil, P\u00edo<\/a><\/p>\n\n\n\n<p><a href=\"https:\/\/eldienteroto.org\/wp49\/lina-gimenez\/\" target=\"_blank\" rel=\"noopener\">Gim\u00e9nez, Lina<\/a><\/p>\n\n\n\n<p><a href=\"https:\/\/eldienteroto.org\/wp49\/radames-laerte-gimenez\/\" target=\"_blank\" rel=\"noopener\">Gim\u00e9nez, Radam\u00e9s Laerte<\/a><\/p>\n\n\n\n<p><a href=\"https:\/\/eldienteroto.org\/wp49\/la-carretera-giros-de-mi-helice\/\" target=\"_blank\" rel=\"noopener\">Giros de mi h\u00e9lice<\/a><\/p>\n\n\n\n<p><a href=\"https:\/\/eldienteroto.org\/wp49\/luis-jose-glod-sanchez\/\" target=\"_blank\" rel=\"noopener\">Glod, Luis Jos\u00e9<\/a><\/p>\n\n\n\n<p><a href=\"https:\/\/eldienteroto.org\/wp49\/jacqueline-goldberg\/\" target=\"_blank\" rel=\"noopener\">Goldberg, Jacqueline<\/a><\/p>\n\n\n\n<p><a href=\"https:\/\/eldienteroto.org\/wp49\/jaime-ballestas-otrova-gomas\/\" target=\"_blank\" rel=\"noopener\">Gomas, Otrova<\/a><\/p>\n\n\n\n<p><a rel=\"noopener\" href=\"https:\/\/eldienteroto.org\/wp49\/miguel-gomes\/\" target=\"_blank\">Gomes, Miguel<\/a><\/p>\n\n\n\n<p><a href=\"https:\/\/eldienteroto.org\/wp49\/luis-ernesto-gomez\/\" target=\"_blank\" rel=\"noreferrer noopener\">G\u00f3mez, Luis Ernesto<\/a><\/p>\n\n\n\n<p><a rel=\"noopener\" href=\"https:\/\/eldienteroto.org\/wp49\/jorge-gomez-jimenez\/\" target=\"_blank\">G\u00f3mez Jim\u00e9nez, Jorge<\/a><\/p>\n\n\n\n<p><a href=\"https:\/\/eldienteroto.org\/wp49\/hector-nuno-gonzalez\/\" target=\"_blank\" rel=\"noreferrer noopener\">Gonz\u00e1lez, H\u00e9ctor Nuno<\/a><\/p>\n\n\n\n<p><a href=\"https:\/\/eldienteroto.org\/wp49\/jv-gonzalez\/\" target=\"_blank\" rel=\"noopener\">Gonz\u00e1lez, Juan Vicente<\/a><\/p>\n\n\n\n<p><a href=\"https:\/\/eldienteroto.org\/wp49\/maria-elvira-gonzalez\/\" target=\"_blank\" rel=\"noopener\">Gonz\u00e1lez, Mar\u00eda Elvira<\/a><\/p>\n\n\n\n<p><a href=\"https:\/\/eldienteroto.org\/wp49\/adriano-gonzalez-leon\/\" target=\"_blank\" rel=\"noopener\">Gonz\u00e1lez Le\u00f3n, Adriano<\/a><\/p>\n\n\n\n<p><a rel=\"noopener\" href=\"https:\/\/eldienteroto.org\/wp49\/jose-gregorio-gonzalez-marquez\/\" target=\"_blank\">Gonz\u00e1lez M\u00e1rquez, Jos\u00e9 Gregorio<\/a><\/p>\n\n\n\n<p><a href=\"https:\/\/eldienteroto.org\/wp49\/ramon-gonzalez-paredes\/\" target=\"_blank\" rel=\"noreferrer noopener\">Gonz\u00e1lez Paredes, Ram\u00f3n<\/a><\/p>\n\n\n\n<p><a href=\"https:\/\/eldienteroto.org\/wp49\/salustio-gonzalez-rincones\/\" target=\"_blank\" rel=\"noopener\">Gonz\u00e1lez Rincones, Salustio<\/a><\/p>\n\n\n\n<p><a href=\"https:\/\/eldienteroto.org\/wp49\/samuel-gonzalez-seijas\/\" target=\"_blank\" rel=\"noopener\">Gonz\u00e1lez Seijas, Samuel<\/a><\/p>\n\n\n\n<p><a href=\"https:\/\/eldienteroto.org\/wp49\/pedro-grases\/\" target=\"_blank\" rel=\"noopener\">Grases, Pedro<\/a><\/p>\n\n\n\n<p><a href=\"https:\/\/eldienteroto.org\/wp49\/oscar-guaramato\/\" target=\"_blank\" rel=\"noopener\">Guaramato, Oscar<\/a><\/p>\n\n\n\n<p><a href=\"https:\/\/eldienteroto.org\/wp49\/la-guaricha-fragmentos\/\" target=\"_blank\" rel=\"noopener\">Guaricha, La<\/a><\/p>\n\n\n\n<p><a href=\"https:\/\/eldienteroto.org\/wp49\/chevige-guayke\/\" target=\"_blank\" rel=\"noopener\">Guayque, Chevige<\/a><\/p>\n\n\n\n<p><a href=\"https:\/\/eldienteroto.org\/wp49\/ibrahim-guerra\/\" target=\"_blank\" rel=\"noopener\">Guerra, Ibrahim<\/a><\/p>\n\n\n\n<p><a rel=\"noopener\" href=\"https:\/\/eldienteroto.org\/wp49\/rubi-guerra\/\" target=\"_blank\">Guerra, Rubi<\/a><\/p>\n\n\n\n<p><a href=\"https:\/\/eldienteroto.org\/wp49\/gustavo-guerrero\/\" target=\"_blank\" rel=\"noreferrer noopener\">Guerrero, Gustavo<\/a><\/p>\n\n\n\n<p><a href=\"https:\/\/eldienteroto.org\/wp49\/luis-beltran-guerrero\/\" target=\"_blank\" rel=\"noopener\">Guerrero, Luis Beltr\u00e1n<\/a><\/p>\n\n\n\n<p><a href=\"https:\/\/eldienteroto.org\/wp49\/ma-guevara\/\" target=\"_blank\" rel=\"noopener\">Guevara, Miguel Antonio<\/a><\/p>\n\n\n\n<p><a href=\"https:\/\/eldienteroto.org\/wp49\/rafael-guinand\/\" target=\"_blank\" rel=\"noopener\">Guinand, Rafael<\/a><\/p>\n\n\n\n<p><a rel=\"noopener\" href=\"https:\/\/eldienteroto.org\/wp49\/guliverio-de-humboldt-viaje-al-centro-de-la-galaxia-fragmentos\/\" target=\"_blank\">Guliverio de Humboldt. Viaje al centro de la Galaxia<\/a><\/p>\n\n\n\n<p><a href=\"https:\/\/eldienteroto.org\/wp49\/cristina-gutierrez-leal\/\" target=\"_blank\" rel=\"noreferrer noopener\">Guti\u00e9rrez Leal, Cristina<\/a><\/p>\n\n\n\n<p><a href=\"https:\/\/eldienteroto.org\/wp49\/arturo-gutierrez-plaza\/\" target=\"_blank\" rel=\"noopener\">Guti\u00e9rrez Plaza, Arturo<\/a><\/p>\n\n\n\n<p><a href=\"https:\/\/eldienteroto.org\/wp49\/patricia-guzman\/\" target=\"_blank\" rel=\"noopener\">Guzm\u00e1n, Patricia<\/a><\/p>\n","protected":false},"excerpt":{"rendered":"<p>Gadea, Argenis Galindo, Eli Galla, Michela La Gallardo, Jhon Gallegos, R\u00f3mulo Gallo de las espuelas de oro, el G\u00e1lvez Martos, Cristina ganadores, Los Garc\u00eda Arreaza, Enza Garc\u00eda, Beatriz Alicia Garc\u00eda, Giordana Garc\u00eda, Leonardo Garc\u00eda, Tannia Maruja Garc\u00eda Sojo, Adriana Garmendia, Julio Garmendia, Salvador Gasca, Eduardo Gavlovski, Johnny Geometr\u00eda de la grieta Gerbasi, Vicente Gerendas, Judit [&hellip;]<\/p>\n","protected":false},"author":6,"featured_media":0,"parent":0,"menu_order":0,"comment_status":"closed","ping_status":"closed","template":"","meta":{"_monsterinsights_skip_tracking":false,"_monsterinsights_sitenote_active":false,"_monsterinsights_sitenote_note":"","_monsterinsights_sitenote_category":0,"footnotes":""},"_links":{"self":[{"href":"https:\/\/eldienteroto.org\/wp49\/wp-json\/wp\/v2\/pages\/842"}],"collection":[{"href":"https:\/\/eldienteroto.org\/wp49\/wp-json\/wp\/v2\/pages"}],"about":[{"href":"https:\/\/eldienteroto.org\/wp49\/wp-json\/wp\/v2\/types\/page"}],"author":[{"embeddable":true,"href":"https:\/\/eldienteroto.org\/wp49\/wp-json\/wp\/v2\/users\/6"}],"replies":[{"embeddable":true,"href":"https:\/\/eldienteroto.org\/wp49\/wp-json\/wp\/v2\/comments?post=842"}],"version-history":[{"count":53,"href":"https:\/\/eldienteroto.org\/wp49\/wp-json\/wp\/v2\/pages\/842\/revisions"}],"predecessor-version":[{"id":18380,"href":"https:\/\/eldienteroto.org\/wp49\/wp-json\/wp\/v2\/pages\/842\/revisions\/18380"}],"wp:attachment":[{"href":"https:\/\/eldienteroto.org\/wp49\/wp-json\/wp\/v2\/media?parent=842"}],"curies":[{"name":"wp","href":"https:\/\/api.w.org\/{rel}","templated":true}]}}