{"id":840,"date":"2021-08-20T11:14:11","date_gmt":"2021-08-20T11:14:11","guid":{"rendered":"https:\/\/eldienteroto.org\/wp49\/?page_id=840"},"modified":"2025-12-24T07:56:56","modified_gmt":"2025-12-24T12:26:56","slug":"b","status":"publish","type":"page","link":"https:\/\/eldienteroto.org\/wp49\/b\/","title":{"rendered":"B"},"content":{"rendered":"\n<p><a href=\"https:\/\/eldienteroto.org\/wp49\/baedeker-2000\/\" target=\"_blank\" rel=\"noopener\">Baedeker 2000<\/a><\/p>\n\n\n\n<p><a rel=\"noopener\" href=\"https:\/\/eldienteroto.org\/wp49\/maria-baez\/\" target=\"_blank\">B\u00e1ez, Mar\u00eda<\/a><\/p>\n\n\n\n<p><a href=\"https:\/\/eldienteroto.org\/wp49\/elisabetta-balasso\/\" target=\"_blank\" rel=\"noreferrer noopener\">Balasso, Elisabetta<\/a><\/p>\n\n\n\n<p><a href=\"https:\/\/eldienteroto.org\/wp49\/jaime-ballestas-otrova-gomas\/\" target=\"_blank\" rel=\"noopener\">Ballestas, Jaime<\/a><\/p>\n\n\n\n<p><a rel=\"noopener\" href=\"https:\/\/eldienteroto.org\/wp49\/jose-balza\/\" target=\"_blank\">Balza, Jos\u00e9<\/a><\/p>\n\n\n\n<p><a href=\"https:\/\/eldienteroto.org\/wp49\/camilo-balza-donatti\/\" target=\"_blank\" rel=\"noreferrer noopener\">Balza Donatti, Camilo<\/a><\/p>\n\n\n\n<p><a href=\"https:\/\/eldienteroto.org\/wp49\/rafael-maria-baralt\/\" target=\"_blank\" rel=\"noopener\">Baralt, Rafael Mar\u00eda<\/a><\/p>\n\n\n\n<p><a href=\"https:\/\/eldienteroto.org\/wp49\/luis-barrera-linares\/\" target=\"_blank\" rel=\"noopener\">Barrera Linares, Luis<\/a><\/p>\n\n\n\n<p><a href=\"https:\/\/eldienteroto.org\/wp49\/barrera-tyszka\/\" target=\"_blank\" rel=\"noopener\">Barrera Tyszka, Alberto<\/a><\/p>\n\n\n\n<p><a rel=\"noopener\" href=\"https:\/\/eldienteroto.org\/wp49\/igor-barreto\/\" target=\"_blank\">Barreto, Igor<\/a><\/p>\n\n\n\n<p><a rel=\"noreferrer noopener\" href=\"https:\/\/eldienteroto.org\/wp49\/barrio-el-mireteo\/\" target=\"_blank\">Barrio El Mireteo<\/a><\/p>\n\n\n\n<p><a href=\"https:\/\/eldienteroto.org\/wp49\/betina-barrios-ayala\/\" target=\"_blank\" rel=\"noopener\">Barrios, Betina<\/a><\/p>\n\n\n\n<p><a href=\"https:\/\/eldienteroto.org\/wp49\/jose-pepe-barroeta\/\" target=\"_blank\" rel=\"noopener\">Barroeta, Pepe<\/a><\/p>\n\n\n\n<p><a rel=\"noopener\" href=\"https:\/\/eldienteroto.org\/wp49\/belleza-llamas\/\" target=\"_blank\">belleza de las llamas, La<\/a><\/p>\n\n\n\n<p><a href=\"https:\/\/eldienteroto.org\/wp49\/jose-gregorio-bello-porras\/\" target=\"_blank\" rel=\"noreferrer noopener\">Bello Porras, Jos\u00e9 Gregorio<\/a><\/p>\n\n\n\n<p><a href=\"https:\/\/eldienteroto.org\/wp49\/carmen-delia-bencomo\/\">Bencomo, Carmen Delia<\/a><\/p>\n\n\n\n<p><a href=\"https:\/\/eldienteroto.org\/wp49\/bengala-fragmentos\/\">Bengala<\/a><\/p>\n\n\n\n<p><a href=\"https:\/\/eldienteroto.org\/wp49\/ximena-benitez\/\" target=\"_blank\" rel=\"noreferrer noopener\">Ben\u00edtez, Ximena<\/a><\/p>\n\n\n\n<p><a rel=\"noopener\" href=\"https:\/\/eldienteroto.org\/wp49\/krina-ber\/\" target=\"_blank\">Ber, Krina<\/a><\/p>\n\n\n\n<p><a href=\"https:\/\/eldienteroto.org\/wp49\/aglaia-berlutti\/\" target=\"_blank\" rel=\"noreferrer noopener\">Berlutti, Aglaia<\/a><\/p>\n\n\n\n<p><a href=\"https:\/\/eldienteroto.org\/wp49\/mercedes-bermudez-de-belloso\/\" target=\"_blank\" rel=\"noopener\">Berm\u00fadez de Belloso, Mercedes<\/a><\/p>\n\n\n\n<p><a href=\"https:\/\/eldienteroto.org\/wp49\/pedro-berroeta\/\" target=\"_blank\" rel=\"noopener\">Berroeta, Pedro<\/a><\/p>\n\n\n\n<p><a href=\"https:\/\/eldienteroto.org\/wp49\/bitacoras-de-la-pandemia\/\" target=\"_blank\" rel=\"noopener\">Bit\u00e1coras de la pandemia<\/a><\/p>\n\n\n\n<p><a href=\"https:\/\/eldienteroto.org\/wp49\/blackout\/\" target=\"_blank\" rel=\"noopener\">Blackout<\/a><\/p>\n\n\n\n<p><a href=\"https:\/\/eldienteroto.org\/wp49\/blanco-andres-eloy\/\" target=\"_blank\" rel=\"noopener\">Blanco, Andr\u00e9s Eloy<\/a><\/p>\n\n\n\n<p><a href=\"https:\/\/eldienteroto.org\/wp49\/blanco-eduardo\/\" target=\"_blank\" rel=\"noopener\">Blanco, Eduardo<\/a><\/p>\n\n\n\n<p><a rel=\"noopener\" href=\"https:\/\/eldienteroto.org\/wp49\/rufino-blanco-fombona\/\" target=\"_blank\">Blanco Fombona, Rufino<\/a><\/p>\n\n\n\n<p><a href=\"https:\/\/eldienteroto.org\/wp49\/julio-cesar-blanco-rossitto\/\" target=\"_blank\" rel=\"noreferrer noopener\">Blanco Rositto, Julio C\u00e9sar<\/a> <\/p>\n\n\n\n<p><a href=\"https:\/\/eldienteroto.org\/wp49\/andres-bello\/\" target=\"_blank\" rel=\"noopener\">Bello, Andr\u00e9s<\/a><\/p>\n\n\n\n<p><a href=\"https:\/\/eldienteroto.org\/wp49\/mirih-berbin\/\" target=\"_blank\" rel=\"noopener\">Berbin, Mirih<\/a><\/p>\n\n\n\n<p><a href=\"https:\/\/eldienteroto.org\/wp49\/el-bonche-fragmentos\/\" target=\"_blank\" rel=\"noopener\">Bonche, El<\/a><\/p>\n\n\n\n<p><a href=\"https:\/\/eldienteroto.org\/wp49\/boves-el-urogallo\/\" target=\"_blank\" rel=\"noopener\">Boves el urogallo<\/a><\/p>\n\n\n\n<p><a href=\"https:\/\/eldienteroto.org\/wp49\/boca-de-aroa-seleccion\/\" target=\"_blank\" rel=\"noopener\">Boca de Aroa<\/a><\/p>\n\n\n\n<p><a href=\"https:\/\/eldienteroto.org\/wp49\/douglas-bohorquez\/\" target=\"_blank\" rel=\"noopener\">Boh\u00f3rquez, Douglas<\/a><\/p>\n\n\n\n<p><a href=\"https:\/\/eldienteroto.org\/wp49\/nicanor-bolet-peraza\/\" target=\"_blank\" rel=\"noopener\">Bolet Peraza, Nicanor<\/a><\/p>\n\n\n\n<p><a href=\"https:\/\/eldienteroto.org\/wp49\/rafael-bolivar-coronado-2\/\" target=\"_blank\" rel=\"noopener\">Bol\u00edvar Coronado, Rafael<\/a><\/p>\n\n\n\n<p><a rel=\"noopener\" href=\"https:\/\/eldienteroto.org\/wp49\/borburata-fragmentos\/\" target=\"_blank\">Borburata<\/a><\/p>\n\n\n\n<p><a rel=\"noreferrer noopener\" href=\"https:\/\/eldienteroto.org\/wp49\/velia-bosch\/\" target=\"_blank\">Bosch, Velia<\/a><\/p>\n\n\n\n<p><a href=\"https:\/\/eldienteroto.org\/wp49\/ana-cristina-bracho\/\" target=\"_blank\" rel=\"noreferrer noopener\">Bracho, Ana Cristina<\/a><\/p>\n\n\n\n<p><a href=\"https:\/\/eldienteroto.org\/wp49\/gabriel-bracho-montiel\/\" target=\"_blank\" rel=\"noreferrer noopener\">Bracho Montiel, Gabriel<\/a><\/p>\n\n\n\n<p><a rel=\"noopener\" href=\"https:\/\/eldienteroto.org\/wp49\/victor-bravo\/\" target=\"_blank\">Bravo, V\u00edctor<\/a><\/p>\n\n\n\n<p><a href=\"https:\/\/eldienteroto.org\/wp49\/federico-brito-figueroa\/\" target=\"_blank\" rel=\"noreferrer noopener\">Brito Figueroa, Federico<\/a><\/p>\n\n\n\n<p><a href=\"https:\/\/eldienteroto.org\/wp49\/la-brizna-de-paja-en-el-viento\/\" target=\"_blank\" rel=\"noopener\">brizna de paja en el viento, La<\/a><\/p>\n\n\n\n<p><a href=\"https:\/\/eldienteroto.org\/wp49\/karelyn-buenano\/\" target=\"_blank\" rel=\"noopener\">Buena\u00f1o, Karelyn<\/a><\/p>\n\n\n\n<p><a href=\"https:\/\/eldienteroto.org\/wp49\/jose-joaquin-burgos\/\" target=\"_blank\" rel=\"noopener\">Burgos, Jos\u00e9 Joaqu\u00edn<\/a><\/p>\n","protected":false},"excerpt":{"rendered":"<p>Baedeker 2000 B\u00e1ez, Mar\u00eda Balasso, Elisabetta Ballestas, Jaime Balza, Jos\u00e9 Balza Donatti, Camilo Baralt, Rafael Mar\u00eda Barrera Linares, Luis Barrera Tyszka, Alberto Barreto, Igor Barrio El Mireteo Barrios, Betina Barroeta, Pepe belleza de las llamas, La Bello Porras, Jos\u00e9 Gregorio Bencomo, Carmen Delia Bengala Ben\u00edtez, Ximena Ber, Krina Berlutti, Aglaia Berm\u00fadez de Belloso, Mercedes Berroeta, [&hellip;]<\/p>\n","protected":false},"author":6,"featured_media":0,"parent":0,"menu_order":0,"comment_status":"closed","ping_status":"closed","template":"","meta":{"_monsterinsights_skip_tracking":false,"_monsterinsights_sitenote_active":false,"_monsterinsights_sitenote_note":"","_monsterinsights_sitenote_category":0,"footnotes":""},"_links":{"self":[{"href":"https:\/\/eldienteroto.org\/wp49\/wp-json\/wp\/v2\/pages\/840"}],"collection":[{"href":"https:\/\/eldienteroto.org\/wp49\/wp-json\/wp\/v2\/pages"}],"about":[{"href":"https:\/\/eldienteroto.org\/wp49\/wp-json\/wp\/v2\/types\/page"}],"author":[{"embeddable":true,"href":"https:\/\/eldienteroto.org\/wp49\/wp-json\/wp\/v2\/users\/6"}],"replies":[{"embeddable":true,"href":"https:\/\/eldienteroto.org\/wp49\/wp-json\/wp\/v2\/comments?post=840"}],"version-history":[{"count":54,"href":"https:\/\/eldienteroto.org\/wp49\/wp-json\/wp\/v2\/pages\/840\/revisions"}],"predecessor-version":[{"id":18068,"href":"https:\/\/eldienteroto.org\/wp49\/wp-json\/wp\/v2\/pages\/840\/revisions\/18068"}],"wp:attachment":[{"href":"https:\/\/eldienteroto.org\/wp49\/wp-json\/wp\/v2\/media?parent=840"}],"curies":[{"name":"wp","href":"https:\/\/api.w.org\/{rel}","templated":true}]}}