{"id":6877,"date":"2022-12-01T00:23:29","date_gmt":"2022-12-01T00:23:29","guid":{"rendered":"https:\/\/eldienteroto.org\/wp49\/?page_id=6877"},"modified":"2023-11-27T18:24:04","modified_gmt":"2023-11-27T18:24:04","slug":"fundacion-el-diente-roto","status":"publish","type":"page","link":"https:\/\/eldienteroto.org\/wp49\/fundacion-el-diente-roto\/","title":{"rendered":"Qui\u00e9nes somos"},"content":{"rendered":"<h4><strong>Fundaci\u00f3n El diente roto<\/strong><\/h4>\n<p>Es una asociaci\u00f3n civil sin fines de lucro, registrada en el Segundo Circuito del Municipio Valencia, bajo el n\u00famero 5, folio 308, tomo 35.<\/p>\n<p>Constituyen los fines de la FUNDACI\u00d3N EL DIENTE ROTO:<\/p>\n<p>a) Coordinaci\u00f3n, asesoramiento y desarrollo de proyectos culturales de difusi\u00f3n y promoci\u00f3n de la literatura venezolana.<\/p>\n<p>b) Coordinaci\u00f3n, asesoramiento y desarrollo de estudios y trabajos de investigaci\u00f3n en todas las \u00e1reas relacionadas con la literatura.<\/p>\n<p>c) Organizaci\u00f3n y realizaci\u00f3n de eventos, talleres, seminarios, foros, congresos relacionados con la literatura venezolana.<\/p>\n<p>d) Coordinaci\u00f3n, asesoramiento y desarrollo de proyectos editoriales con miras a la publicaci\u00f3n de diversos materiales impresos y electr\u00f3nicos relacionados con la literatura venezolana.<\/p>\n<p>e) Coordinaci\u00f3n, asesoramiento y producci\u00f3n de proyectos audiovisuales relacionados con la literatura venezolana.<\/p>\n<h4><strong>\u00bfQu\u00e9 es El diente roto?<\/strong><\/h4>\n<p>Por su parte, la p\u00e1gina eldienteroto.org es uno de los medios, sino el principal, de que se vale la Fundaci\u00f3n para lograr sus fines. Este <strong>es un espacio de divulgaci\u00f3n de la literatura venezolana<\/strong>.<\/p>\n<p>No obstante, dado que la palabra \u00abespacio\u00bb puede resultar un poco vaga, queremos hacer algunas aclaratorias:<\/p>\n<ul>\n<li>No somos una revista, en el sentido estricto del t\u00e9rmino, ya que nos preocupa menos lo novedoso que lo trascendente o lo permanente.<\/li>\n<li>Tampoco somos una editorial; aunque apoyamos a todos aquellos que publican a los autores venezolanos y aun a aquellos que desean emprender una aventura en tal sentido.<\/li>\n<\/ul>\n<p>Entonces, son varias las cosas que hacemos, todas en torno a un mismo asunto:<\/p>\n<ul>\n<li>eldienteroto.org aspira convertirse en <strong>una enciclopedia hist\u00f3rica de la literatura venezolana<\/strong>; las secciones de <strong>Autores, \u00cdndice <\/strong>y <strong>Cronolog\u00eda<\/strong> est\u00e1n orientadas en tal sentido;<\/li>\n<li>somos una o varias <strong>antolog\u00edas de la literatura venezolana<\/strong>, organizadas por g\u00e9neros; de all\u00ed las secciones de <strong>Poes\u00eda, Cuento, Ensayo, Cr\u00f3nica, Teatro <\/strong>y <strong>Novela<\/strong>;<\/li>\n<li>estamos conformando una <strong>Biblioteca digital, especializada en literatura venezolana<\/strong>; esperamos, alg\u00fan d\u00eda, que esta sea muy vasta, tanto como para albergar la mayor parte de nuestra amplia producci\u00f3n.<\/li>\n<\/ul>\n<p>Y por sobre todas las cosas, <strong>somos un espacio de divulgaci\u00f3n y proyecci\u00f3n de nuestros escritores, con \u00e9nfasis en una visi\u00f3n inclusiva.<\/strong><\/p>\n","protected":false},"excerpt":{"rendered":"<p>Fundaci\u00f3n El diente roto Es una asociaci\u00f3n civil sin fines de lucro, registrada en el Segundo Circuito del Municipio Valencia, bajo el n\u00famero 5, folio 308, tomo 35. Constituyen los fines de la FUNDACI\u00d3N EL DIENTE ROTO: a) Coordinaci\u00f3n, asesoramiento y desarrollo de proyectos culturales de difusi\u00f3n y promoci\u00f3n de la literatura venezolana. b) Coordinaci\u00f3n, [&hellip;]<\/p>\n","protected":false},"author":6,"featured_media":0,"parent":0,"menu_order":0,"comment_status":"closed","ping_status":"closed","template":"","meta":{"_monsterinsights_skip_tracking":false,"_monsterinsights_sitenote_active":false,"_monsterinsights_sitenote_note":"","_monsterinsights_sitenote_category":0,"footnotes":""},"_links":{"self":[{"href":"https:\/\/eldienteroto.org\/wp49\/wp-json\/wp\/v2\/pages\/6877"}],"collection":[{"href":"https:\/\/eldienteroto.org\/wp49\/wp-json\/wp\/v2\/pages"}],"about":[{"href":"https:\/\/eldienteroto.org\/wp49\/wp-json\/wp\/v2\/types\/page"}],"author":[{"embeddable":true,"href":"https:\/\/eldienteroto.org\/wp49\/wp-json\/wp\/v2\/users\/6"}],"replies":[{"embeddable":true,"href":"https:\/\/eldienteroto.org\/wp49\/wp-json\/wp\/v2\/comments?post=6877"}],"version-history":[{"count":8,"href":"https:\/\/eldienteroto.org\/wp49\/wp-json\/wp\/v2\/pages\/6877\/revisions"}],"predecessor-version":[{"id":9614,"href":"https:\/\/eldienteroto.org\/wp49\/wp-json\/wp\/v2\/pages\/6877\/revisions\/9614"}],"wp:attachment":[{"href":"https:\/\/eldienteroto.org\/wp49\/wp-json\/wp\/v2\/media?parent=6877"}],"curies":[{"name":"wp","href":"https:\/\/api.w.org\/{rel}","templated":true}]}}