{"id":5322,"date":"2022-07-19T14:15:55","date_gmt":"2022-07-19T14:15:55","guid":{"rendered":"https:\/\/eldienteroto.org\/wp49\/?page_id=5322"},"modified":"2026-02-05T16:54:31","modified_gmt":"2026-02-05T21:24:31","slug":"1991-2000","status":"publish","type":"page","link":"https:\/\/eldienteroto.org\/wp49\/1991-2000\/","title":{"rendered":"1991-2000"},"content":{"rendered":"\n<h3 class=\"wp-block-heading\">1991<\/h3>\n\n\n\n<p><strong>Nacimientos<\/strong><\/p>\n\n\n\n<ul>\n<li><a href=\"https:\/\/eldienteroto.org\/wp49\/ruben-dario-roca\/\" target=\"_blank\" rel=\"noopener\">Rub\u00e9n Dar\u00edo Roca<\/a><\/li>\n<\/ul>\n\n\n\n<p><strong>Publicaciones<\/strong><\/p>\n\n\n\n<ul>\n<li>Antonia Palacios: <em><a rel=\"noreferrer noopener\" href=\"https:\/\/eldienteroto.org\/wp49\/ese-oscuro-animal-del-sueno\/\" target=\"_blank\">Ese oscuro animal del sue\u00f1o<\/a><\/em><\/li>\n\n\n\n<li>Antonio L\u00f3pez Ortega: <a rel=\"noreferrer noopener\" href=\"https:\/\/eldienteroto.org\/wp49\/naturalezas-menores\/\" target=\"_blank\"><em>Naturalezas menores<\/em><\/a><\/li>\n\n\n\n<li>Gabriel Jim\u00e9nez Em\u00e1n: <em>Tramas imaginarias<\/em><\/li>\n\n\n\n<li>Francisco Massiani: <em>Relatos <\/em><\/li>\n\n\n\n<li>Rafael Cadenas:&nbsp;<em>Antolog\u00eda<\/em><\/li>\n\n\n\n<li>Ednodio Quintero: <em>La danza del jaguar<\/em><\/li>\n\n\n\n<li>Alfredo Chac\u00f3n: <em>Entre centros y afueras<\/em><\/li>\n\n\n\n<li>Boris Izaguirre: <em>El vuelo de los avestruces<\/em><\/li>\n\n\n\n<li>Alberto Jim\u00e9nez Ure: <em>Cuentos abominables<\/em>, <em>Luxfero<\/em><\/li>\n\n\n\n<li>Harry Almela: <em>Muro en lo blanco<\/em><\/li>\n\n\n\n<li>Isaac Chocr\u00f3n: <em>El teatro de Sam Shepard<\/em><\/li>\n\n\n\n<li>C\u00e9sar Seco: <em>El laurel y la piedra<\/em><\/li>\n\n\n\n<li>Rafael de Nogales M\u00e9ndez: <a href=\"https:\/\/eldienteroto.org\/wp49\/memorias-de-un-aventurero-venezolano\/\" target=\"_blank\" rel=\"noopener\"><em>Memorias de un aventurero venezolano<\/em><\/a><\/li>\n<\/ul>\n\n\n\n<p><strong>Fallecimientos<\/strong><\/p>\n\n\n\n<ul>\n<li><a href=\"https:\/\/eldienteroto.org\/wp49\/eduardo-calcano\/\">Eduardo Calca\u00f1o<\/a> (18 de febrero)<\/li>\n\n\n\n<li><a rel=\"noopener\" href=\"https:\/\/eldienteroto.org\/wp49\/francisco-herrera-luque\/\" target=\"_blank\">Francisco Herrera Luque<\/a> (15 de abril)<\/li>\n\n\n\n<li><a href=\"https:\/\/eldienteroto.org\/wp49\/manuel-rodriguez-cardenas\/\" target=\"_blank\" rel=\"noreferrer noopener\">Manuel Rodr\u00edguez C\u00e1rdenas<\/a> (26 de agosto)<\/li>\n\n\n\n<li><a href=\"https:\/\/eldienteroto.org\/wp49\/jose-solanes\/\" target=\"_blank\" rel=\"noopener\">Jos\u00e9 Solanes<\/a> (17 de noviembre)<\/li>\n\n\n\n<li><a href=\"https:\/\/eldienteroto.org\/wp49\/miyo-vestrini\/\" target=\"_blank\" rel=\"noopener\">Miy\u00f3 Vestrini<\/a> (29 de noviembre)<\/li>\n\n\n\n<li><a href=\"https:\/\/eldienteroto.org\/wp49\/atilio-storey-richardson\/\" target=\"_blank\" rel=\"noopener\">Atilio Storey<\/a> (08 de diciembre)<\/li>\n<\/ul>\n\n\n\n<p><strong>Otras noticias<\/strong><\/p>\n\n\n\n<ul>\n<li>Arturo Uslar Pietri obtiene el premio R\u00f3mulo Gallegos por <a href=\"https:\/\/eldienteroto.org\/wp49\/la-visita-en-el-tiempo\/\" target=\"_blank\" rel=\"noopener\"><em>La visita en el tiempo<\/em><\/a><\/li>\n\n\n\n<li><a rel=\"noopener\" href=\"https:\/\/eldienteroto.org\/wp49\/jose-balza\/\" target=\"_blank\">Jos\u00e9 Balza<\/a>: Premio Nacional de Literatura<\/li>\n\n\n\n<li>Se crea el Premio Internacional de Poes\u00eda \u00abJuan Antonio P\u00e9rez Bonalde\u00bb, dotado con 10 mil d\u00f3lares y auspiciado por la Casa de la Poes\u00eda, Editorial Pomaire y el Consejo Nacional de la Cultura.<\/li>\n<\/ul>\n\n\n\n<h3 class=\"wp-block-heading\">1992<\/h3>\n\n\n\n<p><strong>Nacimientos<\/strong><\/p>\n\n\n\n<ul>\n<li><a rel=\"noreferrer noopener\" href=\"https:\/\/eldienteroto.org\/wp49\/jose-leonardo-riera-bravo\/\" target=\"_blank\">Jos\u00e9 Leonardo Riera Bravo<\/a><\/li>\n\n\n\n<li><a href=\"https:\/\/eldienteroto.org\/wp49\/jhon-rivera-stredel\/\" target=\"_blank\" rel=\"noreferrer noopener\">Jhon Rivera Str\u00e9del<\/a><\/li>\n<\/ul>\n\n\n\n<p><strong>Publicaciones<\/strong><\/p>\n\n\n\n<ul>\n<li>Ana Teresa Torres:&nbsp;<em><a href=\"https:\/\/eldienteroto.org\/wp49\/dona-ines-contra-el-olvido\/\" target=\"_blank\" rel=\"noreferrer noopener\">Do\u00f1a In\u00e9s contra el olvido<\/a><\/em><\/li>\n\n\n\n<li>Rafael Arr\u00e1iz Lucca:&nbsp;<em>El abandono y la vigilia<\/em><\/li>\n\n\n\n<li><em>Teor\u00eda y praxis del cuento en Venezuela<\/em><\/li>\n\n\n\n<li>Jos\u00e9 Solanes: <em><a rel=\"noreferrer noopener\" href=\"https:\/\/eldienteroto.org\/wp49\/los-nombres-del-exilio\/\" target=\"_blank\">Los nombres del exilio<\/a><\/em><\/li>\n\n\n\n<li>Alfredo Chac\u00f3n: <em>Palabras asaltantes<\/em><\/li>\n\n\n\n<li>\u00c1ngel Gustavo Infante: <em><a href=\"https:\/\/eldienteroto.org\/wp49\/yo-soy-la-rumba\/\" target=\"_blank\" rel=\"noreferrer noopener\">Yo soy la rumba<\/a><\/em><\/li>\n\n\n\n<li>Lubio Cardozo: <em>Poemas<\/em><\/li>\n\n\n\n<li>Harry Almela: <em>F\u00e9rtil miseria<\/em><\/li>\n\n\n\n<li>Israel Centeno: <a href=\"https:\/\/eldienteroto.org\/wp49\/calletania\/\" target=\"_blank\" rel=\"noopener\"><em>Calletania<\/em><\/a><\/li>\n\n\n\n<li>Jos\u00e9 Manuel Brice\u00f1o Guerrero: <a href=\"https:\/\/eldienteroto.org\/wp49\/anfisbena-culebra-ciega\/\" target=\"_blank\" rel=\"noopener\"><em>Anfisbena<\/em><\/a><\/li>\n\n\n\n<li>Luis Barrera Linares: <a href=\"https:\/\/eldienteroto.org\/wp49\/parto-de-caballeros-cap-8\/\" target=\"_blank\" rel=\"noopener\"><em>Parto de caballeros<\/em><\/a><\/li>\n\n\n\n<li>Laura Antillano: <a href=\"https:\/\/eldienteroto.org\/wp49\/diana-en-la-tierra-wayuu\/\" target=\"_blank\" rel=\"noopener\"><em>Diana en la tierra wayuu<\/em><\/a><\/li>\n<\/ul>\n\n\n\n<p><strong>Fallecimientos<\/strong><\/p>\n\n\n\n<ul>\n<li><a rel=\"noopener\" href=\"https:\/\/eldienteroto.org\/wp49\/vicente-gerbasi\/\" target=\"_blank\">Vicente Gerbasi<\/a> (28 de diciembre)<\/li>\n\n\n\n<li><a href=\"https:\/\/eldienteroto.org\/wp49\/cesar-david-rincon\/\" target=\"_blank\" rel=\"noreferrer noopener\">C\u00e9sar David Rinc\u00f3n<\/a><\/li>\n<\/ul>\n\n\n\n<p><strong>Otras noticias<\/strong><\/p>\n\n\n\n<ul>\n<li>Antonio Garc\u00eda Ponce&nbsp;(1929) recibe el Premio de Novela Miguel Otero Silva por su obra&nbsp;<em>La ilusi\u00f3n del miedo perenne.<\/em>&nbsp;<\/li>\n\n\n\n<li>Rafael Cadenas, con su libro&nbsp;<em>Gestiones<\/em>, gana el Premio Internacional de Poes\u00eda Juan Antonio P\u00e9rez Bonalde<\/li>\n\n\n\n<li>Pedro Grases: premio Nacional de Literatura<\/li>\n<\/ul>\n\n\n\n<h3 class=\"wp-block-heading\">1993<\/h3>\n\n\n\n<p><strong>Nacimientos<\/strong><\/p>\n\n\n\n<ul>\n<li><a href=\"https:\/\/eldienteroto.org\/wp49\/carlos-ivan-padilla\/\" target=\"_blank\" rel=\"noreferrer noopener\">Carlos Iv\u00e1n Padilla<\/a><\/li>\n<\/ul>\n\n\n\n<p><strong>Publicaciones<\/strong><\/p>\n\n\n\n<ul>\n<li>Juan Calzadilla:&nbsp;<em>Minimales<\/em><\/li>\n\n\n\n<li>Rafael Ram\u00f3n Castellanos: <a rel=\"noopener\" href=\"https:\/\/eldienteroto.org\/wp49\/600-nombres\/\" target=\"_blank\"><em>Un hombre con m\u00e1s de 600 nombres<\/em><\/a><\/li>\n\n\n\n<li>Alberto Jim\u00e9nez Ure: <em>Dionisia<\/em><\/li>\n\n\n\n<li>Lubio Cardozo: <em>Lugar de la palabra<\/em><\/li>\n\n\n\n<li>Isaac Chocr\u00f3n: <a href=\"https:\/\/eldienteroto.org\/wp49\/escrito-y-sellado-escena-i\/\">Escrito y sellado (escena I)<\/a><\/li>\n\n\n\n<li>Jos\u00e9 Ram\u00f3n Medina: <a href=\"https:\/\/eldienteroto.org\/wp49\/noventa-anos\/\" target=\"_blank\" rel=\"noopener\"><em>Noventa a\u00f1os de literatura venezolana<\/em><\/a><\/li>\n\n\n\n<li>Alfredo Armas Alfonzo: <em><a href=\"https:\/\/eldienteroto.org\/wp49\/el-osario-de-dios\/\" target=\"_blank\" rel=\"noopener\">El osario de Dios<\/a><\/em><\/li>\n\n\n\n<li>Igor Barreto: <em>Tierranegra<\/em><\/li>\n\n\n\n<li>Juan S\u00e1nchez Pel\u00e1ez: <em>Poes\u00eda<\/em><\/li>\n\n\n\n<li>Alfredo Armas Alfonzo:&nbsp;<em><a href=\"https:\/\/eldienteroto.org\/wp49\/el-osario-de-dios\/\" target=\"_blank\" rel=\"noreferrer noopener\">El osario de Dios<\/a> y otros textos<\/em><\/li>\n<\/ul>\n\n\n\n<p><strong>Fallecimientos<\/strong><\/p>\n\n\n\n<ul>\n<li><a href=\"https:\/\/eldienteroto.org\/wp49\/luis-beltran-prieto-figueroa\/\" target=\"_blank\" rel=\"noopener\">Luis Beltr\u00e1n Prieto Figueroa<\/a> (23 de abril)<\/li>\n\n\n\n<li><a rel=\"noopener\" href=\"https:\/\/eldienteroto.org\/wp49\/miguel-ramon-utrera\/\" target=\"_blank\">Miguel Ram\u00f3n Utrera<\/a> (28 de agosto)<\/li>\n\n\n\n<li><a href=\"https:\/\/eldienteroto.org\/wp49\/jose-parra\/\" target=\"_blank\" rel=\"noreferrer noopener\">Jos\u00e9 Parra<\/a><\/li>\n<\/ul>\n\n\n\n<p><strong>Otras noticias<\/strong><\/p>\n\n\n\n<ul>\n<li><em><a href=\"https:\/\/eldienteroto.org\/wp49\/salomon-estancia-primera\/\" target=\"_blank\" rel=\"noreferrer noopener\">Salom\u00f3n<\/a><\/em>, de Gustavo Luis Carrera , gana el Premio Municipal de Narrativa de Caracas y el Premio Nacional de Narrativa del Consejo Nacional de la Cultura (Conac)<\/li>\n\n\n\n<li>Elizabeth Sch\u00f6n: Premio Nacional de Literatura<\/li>\n<\/ul>\n\n\n\n<h3 class=\"wp-block-heading\">1994<\/h3>\n\n\n\n<p><strong>Nacimientos<\/strong><\/p>\n\n\n\n<ul>\n<li><a href=\"https:\/\/eldienteroto.org\/wp49\/jose-miguel-navas\/\" target=\"_blank\" rel=\"noreferrer noopener\">Jos\u00e9 Miguel Navas<\/a><\/li>\n\n\n\n<li><a rel=\"noopener\" href=\"https:\/\/eldienteroto.org\/wp49\/luis-jose-glod-sanchez\/\" target=\"_blank\">Luis Jos\u00e9 Glod<\/a><\/li>\n\n\n\n<li><a rel=\"noreferrer noopener\" href=\"https:\/\/eldienteroto.org\/wp49\/pamela-rahn-sanchez\/\" target=\"_blank\">Pamela Rahn<\/a><\/li>\n\n\n\n<li><a href=\"https:\/\/eldienteroto.org\/wp49\/michela-la-galla\/\" target=\"_blank\" rel=\"noreferrer noopener\">Michela La Galla<\/a><\/li>\n<\/ul>\n\n\n\n<p><strong>Publicaciones<\/strong><\/p>\n\n\n\n<ul>\n<li> Marta Kornblith: <em><a href=\"https:\/\/eldienteroto.org\/wp49\/oraciones-para-un-dios-ausente\/\">Oraciones para un dios ausente<\/a><\/em><div class=\"loJjTe\"><\/div><\/li>\n\n\n\n<li>Alberto Jim\u00e9nez Ure: <em>Lucubraciones<\/em>, <em>Adeptos<\/em><\/li>\n\n\n\n<li>Lydda Franco Far\u00edas: <em>Recordar a los dormidos<\/em>; <em>Descalabros en obertura mientras ejercito mi coartada<\/em>; <em>Bolero a media luz<\/em><\/li>\n\n\n\n<li>Harry Almela: <em>Fr\u00e1gil en el alba<\/em><\/li>\n\n\n\n<li>Jos\u00e9 Manuel Brice\u00f1o Guerrero: <a href=\"https:\/\/eldienteroto.org\/wp49\/el-laberinto-de-los-tres-minotauros\/\" target=\"_blank\" rel=\"noopener\"><em>El laberinto de los tres minotauros<\/em><\/a><\/li>\n<\/ul>\n\n\n\n<p><strong>Fallecimientos<\/strong><\/p>\n\n\n\n<ul>\n<li><a rel=\"noopener\" href=\"https:\/\/eldienteroto.org\/wp49\/osman-aranguibel\/\" target=\"_blank\">Osm\u00e1n Aranguibel<\/a><\/li>\n\n\n\n<li><a href=\"https:\/\/eldienteroto.org\/wp49\/iraset-paez-urdaneta\/\" target=\"_blank\" rel=\"noreferrer noopener\">Iraset P\u00e1ez Urdaneta<\/a><\/li>\n\n\n\n<li><a href=\"https:\/\/eldienteroto.org\/wp49\/ida-gramcko\/\" target=\"_blank\" rel=\"noopener\">Ida Gramcko<\/a> (02 de mayo)<\/li>\n\n\n\n<li><a rel=\"noopener\" href=\"https:\/\/eldienteroto.org\/wp49\/lucila-palacios\/\" target=\"_blank\">Lucila Palacios<\/a> (30 de agosto)<\/li>\n<\/ul>\n\n\n\n<p><strong>Otras noticias<\/strong><\/p>\n\n\n\n<ul>\n<li>Premio de Novela Miguel Otero Silva a Ednodio Quintero, por <em>El rey de las ratas<\/em><\/li>\n\n\n\n<li>Gustavo D\u00edaz Sol\u00eds: Premio Nacional de Literatura<\/li>\n<\/ul>\n\n\n\n<h3 class=\"wp-block-heading\">1995<\/h3>\n\n\n\n<p><strong>Nacimientos<\/strong><\/p>\n\n\n\n<ul>\n<li><a href=\"https:\/\/eldienteroto.org\/wp49\/stephani-rodriguez\/\" target=\"_blank\" rel=\"noreferrer noopener\">Stephani Rodr\u00edguez<\/a><\/li>\n\n\n\n<li><a rel=\"noreferrer noopener\" href=\"https:\/\/eldienteroto.org\/wp49\/hiranis-serrano\/\" target=\"_blank\">Hiranis Serrano<\/a><\/li>\n\n\n\n<li><a href=\"https:\/\/eldienteroto.org\/wp49\/andrea-sofia-crespo-madrid\/\" target=\"_blank\" rel=\"noreferrer noopener\">Andrea Crespo Madrid<\/a><\/li>\n<\/ul>\n\n\n\n<p><strong>Publicaciones<\/strong><\/p>\n\n\n\n<ul>\n<li>Slavko Zupci: <em><a href=\"https:\/\/eldienteroto.org\/wp49\/vinko-spolovtiva-quien-te-mato-seleccion\/\" target=\"_blank\" rel=\"noreferrer noopener\">Vinko Spolovtiva, \u00bfqui\u00e9n te mat\u00f3?<\/a><\/em><\/li>\n\n\n\n<li>Arnaldo Acosta Bello,&nbsp;<em>Adi\u00f3s al rey<\/em><\/li>\n\n\n\n<li>Ednodio Quintero: <a rel=\"noopener\" href=\"https:\/\/eldienteroto.org\/wp49\/dos-cuentos-de-ednodio-quintero\/\" target=\"_blank\"><em>El combate<\/em><\/a><\/li>\n\n\n\n<li>Alberto Jim\u00e9nez Ure: <em>Aciago<\/em>, <em>Cuentos escogidos<\/em><\/li>\n\n\n\n<li>Adriano Gonz\u00e1lez Le\u00f3n: <a href=\"https:\/\/eldienteroto.org\/wp49\/viejo\/\" target=\"_blank\" rel=\"noopener\"><em>Viejo<\/em><\/a><\/li>\n\n\n\n<li>C\u00e9sar Seco: <em>\u00c1rbol sorprendido<\/em><\/li>\n<\/ul>\n\n\n\n<p><strong>Fallecimientos<\/strong><\/p>\n\n\n\n<ul>\n<li>JM Villaroel Par\u00eds<\/li>\n\n\n\n<li><a rel=\"noreferrer noopener\" href=\"https:\/\/eldienteroto.org\/wp49\/elisio-jimenez-sierra\/\" target=\"_blank\">Elisio Jim\u00e9nez Sierra<\/a><\/li>\n\n\n\n<li><a rel=\"noreferrer noopener\" href=\"https:\/\/eldienteroto.org\/wp49\/juan-nuno\/\" target=\"_blank\">Juan Nu\u00f1o<\/a> (05 de mayo)<\/li>\n\n\n\n<li>Felipe Herrera Vial (31 de mayo)<\/li>\n\n\n\n<li><a href=\"https:\/\/eldienteroto.org\/wp49\/jose-ignacio-cabrujas\/\" target=\"_blank\" rel=\"noopener\">Jos\u00e9 Ignacio Cabrujas<\/a> (21 de octubre)<\/li>\n\n\n\n<li>Al\u00ed Lameda (30 de noviembre)<\/li>\n<\/ul>\n\n\n\n<h3 class=\"wp-block-heading\">1996<\/h3>\n\n\n\n<p><strong>Nacimientos<\/strong><\/p>\n\n\n\n<ul>\n<li><a href=\"https:\/\/eldienteroto.org\/wp49\/thalia-sanchez\/\">Thal\u00eda S\u00e1nchez <\/a><\/li>\n\n\n\n<li><a rel=\"noopener\" href=\"https:\/\/eldienteroto.org\/wp49\/zorian-ramirez-espinoza\/\" target=\"_blank\">Zorian Ram\u00edrez Espinoza<\/a><\/li>\n\n\n\n<li><a href=\"https:\/\/eldienteroto.org\/wp49\/yeiber-roman\/\" target=\"_blank\" rel=\"noreferrer noopener\">Yeiber Rom\u00e1n<\/a><\/li>\n<\/ul>\n\n\n\n<p><strong>Publicaciones<\/strong><\/p>\n\n\n\n<ul>\n<li>Antonia Palacios: <em><a href=\"https:\/\/eldienteroto.org\/wp49\/hondo-temblor-de-lo-secreto\/\" target=\"_blank\" rel=\"noreferrer noopener\">Hondo temblor de lo secreto<\/a><\/em><\/li>\n\n\n\n<li>Salvador Garmendia: <em>Cuentos c\u00f3micos<\/em> <\/li>\n\n\n\n<li>Alberto Jim\u00e9nez Ure: <em>Macabros&nbsp;<\/em><\/li>\n\n\n\n<li>Lubio Cardozo: <em>Un verso cada d\u00eda<\/em><\/li>\n\n\n\n<li>Lina Gim\u00e9nez: <em>El \u00e1guila ciega<\/em><\/li>\n\n\n\n<li>Jos\u00e9 Roberto Duque: <a href=\"https:\/\/eldienteroto.org\/wp49\/salsa-y-control\/\" target=\"_blank\" rel=\"noopener\"><em>Salsa y control<\/em><\/a><\/li>\n<\/ul>\n\n\n\n<p><strong>Fallecimientos<\/strong><\/p>\n\n\n\n<ul>\n<li><a href=\"https:\/\/eldienteroto.org\/wp49\/eduardo-arcila-farias\/\" target=\"_blank\" rel=\"noreferrer noopener\">Eduardo Arcila Far\u00edas<\/a> (07 de enero)<\/li>\n\n\n\n<li><a rel=\"noopener\" href=\"https:\/\/eldienteroto.org\/wp49\/arnaldo-acosta-bello\/\" target=\"_blank\">Arnaldo Acosta Bello<\/a> (06 de abril)<\/li>\n\n\n\n<li><a href=\"https:\/\/eldienteroto.org\/wp49\/oswaldo-trejo\/\" target=\"_blank\" rel=\"noopener\">Oswaldo Trejo<\/a> (24 de diciembre)<\/li>\n\n\n\n<li>Carlos Contramaestre (29 de diciembre)<\/li>\n<\/ul>\n\n\n\n<h4 class=\"wp-block-heading\"><strong>Otras noticias<\/strong><\/h4>\n\n\n\n<ul>\n<li>Premio Nacional de Literatura: <a rel=\"noopener\" href=\"https:\/\/eldienteroto.org\/wp49\/jose-manuel-briceno-guerrero\/\" target=\"_blank\">Jos\u00e9 Manuel Brice\u00f1o Guerrero<\/a><\/li>\n\n\n\n<li>Romeo Costea: Premio Nacional de Teatro&nbsp;<\/li>\n\n\n\n<li>Se entregan los premios del Consejo Nacional de la Cultura (CONAC). El Premio de Narrativa \u201cManuel Vicente Romero Garc\u00eda\u201d es concedido al escritor Carlos Noguera por la novela \u201cJuegos bajo la luna\u201d. El galard\u00f3n de Ensayo lo recibe el escritor espa\u00f1ol Angel Cappelletti por su obra \u201cPositivismo y Evolucionismo en Venezuela\u201d. El Premio de Poes\u00eda \u201cFrancisco Lazo Mart\u00ed\u201d le corresponde al poeta Armando Rojas Guardia por la obra \u201cLa nada vigilante\u201d.&nbsp;<\/li>\n<\/ul>\n\n\n\n<h3 class=\"wp-block-heading\">1997<\/h3>\n\n\n\n<p><strong>Publicaciones<\/strong><\/p>\n\n\n\n<ul>\n<li>Ana Teresa Torres: <em><a href=\"https:\/\/eldienteroto.org\/wp49\/malena-de-cinco-mundos\/\" target=\"_blank\" rel=\"noreferrer noopener\">Malena de cinco mundos<\/a><\/em><\/li>\n\n\n\n<li>Rafael Victorino Mu\u00f1oz: <a rel=\"noopener\" href=\"https:\/\/eldienteroto.org\/wp49\/alba-para-dos-ciegos\/\" target=\"_blank\"><em>Alba para dos ciegos<\/em><\/a><\/li>\n\n\n\n<li>Alfredo Chac\u00f3n: <em>Obra elegida<\/em><\/li>\n\n\n\n<li>Alberto Jim\u00e9nez Ure: <em>Revelaciones&nbsp;<\/em><\/li>\n\n\n\n<li>Harry Almela: <a href=\"https:\/\/eldienteroto.org\/wp49\/el-terco-amor\/\" target=\"_blank\" rel=\"noopener\"><em>El terco amor<\/em><\/a><\/li>\n\n\n\n<li>Luis Barrera Linares: <em><a href=\"https:\/\/eldienteroto.org\/wp49\/desacralizacion-y-parodia\/\" target=\"_blank\" rel=\"noopener\">Desacralizaci\u00f3n y parodia<\/a><\/em><\/li>\n\n\n\n<li>Pedro T\u00e9llez: <em>A\u00f1adir comento<\/em><\/li>\n\n\n\n<li>Enrique Hern\u00e1ndez de Jes\u00fas: <a href=\"https:\/\/eldienteroto.org\/wp49\/tentacion-carne\/\" target=\"_blank\" rel=\"noopener\"><em>La tentaci\u00f3n de la carne<\/em><\/a><\/li>\n<\/ul>\n\n\n\n<p><strong>Fallecimientos<\/strong><\/p>\n\n\n\n<ul>\n<li><a href=\"https:\/\/eldienteroto.org\/wp49\/pedro-berroeta\/\" target=\"_blank\" rel=\"noopener\">Pedro Berroeta<\/a> (08 de marzo)<\/li>\n\n\n\n<li><a href=\"https:\/\/eldienteroto.org\/wp49\/carlos-augusto-leon\/\" target=\"_blank\" rel=\"noreferrer noopener\">Carlos Augusto Le\u00f3n<\/a> (13 de mayo)<\/li>\n\n\n\n<li><a href=\"https:\/\/eldienteroto.org\/wp49\/luis-beltran-guerrero\/\" target=\"_blank\" rel=\"noopener\">Luis Beltr\u00e1n Guerrero<\/a> (16 de mayo)<\/li>\n\n\n\n<li><a href=\"https:\/\/eldienteroto.org\/wp49\/martha-kornblith\/\" target=\"_blank\" rel=\"noopener\">Martha Kornblith<\/a><\/li>\n\n\n\n<li><a rel=\"noopener\" href=\"https:\/\/eldienteroto.org\/wp49\/ada-perez-guevara\/\" target=\"_blank\">Ada P\u00e9rez Guevara<\/a><\/li>\n\n\n\n<li><a href=\"https:\/\/eldienteroto.org\/wp49\/elena-vera\/\">Elena Vera<\/a><\/li>\n<\/ul>\n\n\n\n<p><strong>Otras noticias<\/strong><\/p>\n\n\n\n<ul>\n<li>Francisco Ar\u00e9valo y Henry Vicente ganan el Premio Fundarte de Literatura, en las categor\u00edas de narrativa y ensayo de tema urbano. El rubro poes\u00eda es declarado desierto.<\/li>\n\n\n\n<li>Milagros Socorro, por su libro&nbsp;<em>Actos de salvajismo<\/em>, y Gustavo Pereira, por su poemario&nbsp;<em>De como cierta melancol\u00eda puede convertirse en urgencia<\/em>, resultan ganadores de la XII Bienal Literaria Jos\u00e9 Antonio Ramos Sucre, en las categor\u00edas de Cuento y Poes\u00eda, respectivamente<\/li>\n<\/ul>\n\n\n\n<h3 class=\"wp-block-heading\">1998<\/h3>\n\n\n\n<p><strong>Publicaciones<\/strong><\/p>\n\n\n\n<ul>\n<li>Alejandro Rebolledo: <a href=\"https:\/\/eldienteroto.org\/wp49\/pim-pam-pum\/\" target=\"_blank\" rel=\"noopener\"><em>Pim pam pum<\/em><\/a><\/li>\n\n\n\n<li>Alberto Jim\u00e9nez Ure: <em>Desahuciados&nbsp;<\/em><\/li>\n\n\n\n<li>Lydda Franco Far\u00edas: <em>Una<\/em><\/li>\n\n\n\n<li>Harry Almela: <em>Los trabajos y las noches<\/em><\/li>\n\n\n\n<li>Pedro T\u00e9llez: <em>Fichas y remates<\/em><\/li>\n\n\n\n<li>Boris Izaguirre: <em>Azul petr\u00f3leo<\/em><\/li>\n\n\n\n<li>Arturo Uslar Pietri: <a href=\"https:\/\/eldienteroto.org\/wp49\/mundo-nuevo-nuevo-mundo\/\" target=\"_blank\" rel=\"noopener\"><em>Mundo nuevo nuevo mundo<\/em><\/a><\/li>\n\n\n\n<li>Luis Britto Garc\u00eda: <a href=\"https:\/\/eldienteroto.org\/wp49\/pirata\/\" target=\"_blank\" rel=\"noopener\"><em>Pirata<\/em><\/a><\/li>\n\n\n\n<li>Francisco Massiani: <a href=\"https:\/\/eldienteroto.org\/wp49\/agua-en-la-piel\/\" target=\"_blank\" rel=\"noopener\"><em>Con agua en la piel<\/em><\/a><\/li>\n<\/ul>\n\n\n\n<p><strong>Otras noticias<\/strong><\/p>\n\n\n\n<ul>\n<li>Premio Nacional de Literatura: <a rel=\"noopener\" href=\"https:\/\/eldienteroto.org\/wp49\/eugenio-montejo\/\" target=\"_blank\">Eugenio Montejo<\/a><\/li>\n\n\n\n<li>Ana Teresa Torres gana el premio&nbsp;<em>Pegasus<\/em>&nbsp;de Literatura por su novela&nbsp;<em>Do\u00f1a In\u00e9s contra el olvido<\/em><\/li>\n\n\n\n<li>Luis Enrique del Monte gana la LIII edici\u00f3n del premio Adonais de poes\u00eda con <em>In\u00fatil registro<\/em>.<\/li>\n<\/ul>\n\n\n\n<p><strong>Fallecimientos<\/strong><\/p>\n\n\n\n<ul>\n<li><a href=\"https:\/\/eldienteroto.org\/wp49\/gilberto-antolinez\/\" target=\"_blank\" rel=\"noopener\">Gilberto Antol\u00ednez<\/a> (05 de mayo)<\/li>\n\n\n\n<li><a rel=\"noopener\" href=\"https:\/\/eldienteroto.org\/wp49\/julio-miranda\/\" target=\"_blank\">Julio Miranda<\/a> (14 de septiembre)<\/li>\n\n\n\n<li><a href=\"https:\/\/eldienteroto.org\/wp49\/morita-carrillo\/\">Morita Carrillo<\/a> (30 de septiembre)<\/li>\n<\/ul>\n\n\n\n<h3 class=\"wp-block-heading\">1999<\/h3>\n\n\n\n<p><strong>Nacimientos<\/strong><\/p>\n\n\n\n<ul>\n<li><a href=\"https:\/\/eldienteroto.org\/wp49\/adrian-chauran\/\" target=\"_blank\" rel=\"noopener\">Adri\u00e1n Chauri\u00e1n<\/a> (17 de diciembre)<\/li>\n<\/ul>\n\n\n\n<p><strong>Publicaciones<\/strong><\/p>\n\n\n\n<ul>\n<li>Ana Teresa Torres: <em><a href=\"https:\/\/eldienteroto.org\/wp49\/los-ultimos-espectadores-del-acorazado-potemkin\/\" target=\"_blank\" rel=\"noreferrer noopener\">Los \u00faltimos espectadores del acorazado Potemkin<\/a><\/em><\/li>\n\n\n\n<li>Alfredo Chac\u00f3n: <em>La voz y la palabra: lecturas de poes\u00eda venezolana<\/em><\/li>\n\n\n\n<li>Lubio Cardozo: <em>Ver<\/em><\/li>\n\n\n\n<li>Pedro T\u00e9llez: <em>Tela de ara\u00f1a<\/em><\/li>\n\n\n\n<li>C\u00e9sar Seco: <em>Oscuro Ilumina<\/em><\/li>\n\n\n\n<li>Jos\u00e9 Napole\u00f3n Oropeza: <em>Testamento de un p\u00e1jaro<\/em><\/li>\n<\/ul>\n\n\n\n<p><strong>Fallecimientos<\/strong><\/p>\n\n\n\n<ul>\n<li><a href=\"https:\/\/eldienteroto.org\/wp49\/denzil-romero\/\" target=\"_blank\" rel=\"noopener\">Denzil Romero<\/a> (07 de marzo)<\/li>\n\n\n\n<li><a rel=\"noopener\" href=\"https:\/\/eldienteroto.org\/wp49\/luz-machado\/\" target=\"_blank\">Luz Machado<\/a> (11 de agosto)<\/li>\n\n\n\n<li>Ernesto Luis Rodr\u00edguez (24 de agosto)<\/li>\n\n\n\n<li><a rel=\"noreferrer noopener\" href=\"https:\/\/eldienteroto.org\/wp49\/elena-vera\/\" target=\"_blank\">Elena Vera<\/a><\/li>\n\n\n\n<li><a href=\"https:\/\/eldienteroto.org\/wp49\/raul-valera\/\" target=\"_blank\" rel=\"noreferrer noopener\">Ra\u00fal Valera<\/a><\/li>\n<\/ul>\n\n\n\n<p><strong>Otras noticias<\/strong><\/p>\n\n\n\n<ul>\n<li>Premio Nacional de Literatura: <a rel=\"noopener\" href=\"https:\/\/eldienteroto.org\/wp49\/elisa-lerner\/\" target=\"_blank\">Elisa Lerner<\/a><\/li>\n\n\n\n<li>Denzil Romero Premio Municipal de Narrativa 1999 menci\u00f3n novela, por <em>Para seguir al vagavagar<\/em><\/li>\n<\/ul>\n\n\n\n<h3 class=\"wp-block-heading\">2000<\/h3>\n\n\n\n<p><strong>Publicaciones<\/strong><\/p>\n\n\n\n<ul>\n<li>Lina Gim\u00e9nez: <em><a href=\"https:\/\/eldienteroto.org\/wp49\/monologo-con-soledad\/\" target=\"_blank\" rel=\"noreferrer noopener\">Mon\u00f3logo con soledad<\/a><\/em><\/li>\n\n\n\n<li>Alberto Jim\u00e9nez Ure: <em>Confeso<\/em><\/li>\n\n\n\n<li>Lydda Franco Far\u00edas: <em><a href=\"https:\/\/eldienteroto.org\/wp49\/aracne\/\" target=\"_blank\" rel=\"noreferrer noopener\">Aracn\u00e9<\/a><\/em><\/li>\n\n\n\n<li>Lina Gim\u00e9nez: <em>Mon\u00f3logo con soledad y Conjuros para no morir<\/em><\/li>\n\n\n\n<li>Harry Almela: <em>Palabra o indigencia<\/em><\/li>\n\n\n\n<li>Gregory Zambrano: <a href=\"https:\/\/eldienteroto.org\/wp49\/desvelo-de-ulises\/\" target=\"_blank\" rel=\"noopener\"><em>El Desvelo de Ulises<\/em><\/a><\/li>\n\n\n\n<li>Boris Izaguirre: <em>Morir de Glamour<\/em><\/li>\n<\/ul>\n\n\n\n<p><strong>Fallecimientos<\/strong><\/p>\n\n\n\n<ul>\n<li><a rel=\"noreferrer noopener\" href=\"https:\/\/eldienteroto.org\/wp49\/isaac-j-pardo\/\" target=\"_blank\">Isaac J. Pardo<\/a> (03 de marzo)<\/li>\n\n\n\n<li><a rel=\"noreferrer noopener\" href=\"https:\/\/eldienteroto.org\/wp49\/argenis-rodriguez\/\" target=\"_blank\">Argenis Rodr\u00edguez<\/a> (06 de marzo)<\/li>\n\n\n\n<li><a rel=\"noreferrer noopener\" href=\"https:\/\/eldienteroto.org\/wp49\/federico-brito-figueroa\/\" target=\"_blank\">Federico Brito Figueroa<\/a> (28 de abril)<\/li>\n\n\n\n<li><a rel=\"noopener\" href=\"https:\/\/eldienteroto.org\/wp49\/mercedes-bermudez-de-belloso\/\" target=\"_blank\">Mercedes Berm\u00fadez de Belloso<\/a> (05 de agosto)<\/li>\n\n\n\n<li><a href=\"https:\/\/eldienteroto.org\/wp49\/hesnor-rivera\/\" target=\"_blank\" rel=\"noopener\">Hesnor Rivera<\/a> (17 de octubre)<\/li>\n<\/ul>\n\n\n\n<p><strong>Otras noticias<\/strong><\/p>\n\n\n\n<ul>\n<li>Premio Nacional de Literatura: <a href=\"https:\/\/eldienteroto.org\/wp49\/gustavo-pereira\/\" target=\"_blank\" rel=\"noopener\">Gustavo Pereira<\/a><\/li>\n<\/ul>\n","protected":false},"excerpt":{"rendered":"<p>1991 Nacimientos Publicaciones Fallecimientos Otras noticias 1992 Nacimientos Publicaciones Fallecimientos Otras noticias 1993 Nacimientos Publicaciones Fallecimientos Otras noticias 1994 Nacimientos Publicaciones Fallecimientos Otras noticias 1995 Nacimientos Publicaciones Fallecimientos 1996 Nacimientos Publicaciones Fallecimientos Otras noticias 1997 Publicaciones Fallecimientos Otras noticias 1998 Publicaciones Otras noticias Fallecimientos 1999 Nacimientos Publicaciones Fallecimientos Otras noticias 2000 Publicaciones Fallecimientos Otras noticias<\/p>\n","protected":false},"author":6,"featured_media":0,"parent":0,"menu_order":0,"comment_status":"closed","ping_status":"closed","template":"","meta":{"_monsterinsights_skip_tracking":false,"_monsterinsights_sitenote_active":false,"_monsterinsights_sitenote_note":"","_monsterinsights_sitenote_category":0,"footnotes":""},"_links":{"self":[{"href":"https:\/\/eldienteroto.org\/wp49\/wp-json\/wp\/v2\/pages\/5322"}],"collection":[{"href":"https:\/\/eldienteroto.org\/wp49\/wp-json\/wp\/v2\/pages"}],"about":[{"href":"https:\/\/eldienteroto.org\/wp49\/wp-json\/wp\/v2\/types\/page"}],"author":[{"embeddable":true,"href":"https:\/\/eldienteroto.org\/wp49\/wp-json\/wp\/v2\/users\/6"}],"replies":[{"embeddable":true,"href":"https:\/\/eldienteroto.org\/wp49\/wp-json\/wp\/v2\/comments?post=5322"}],"version-history":[{"count":97,"href":"https:\/\/eldienteroto.org\/wp49\/wp-json\/wp\/v2\/pages\/5322\/revisions"}],"predecessor-version":[{"id":18262,"href":"https:\/\/eldienteroto.org\/wp49\/wp-json\/wp\/v2\/pages\/5322\/revisions\/18262"}],"wp:attachment":[{"href":"https:\/\/eldienteroto.org\/wp49\/wp-json\/wp\/v2\/media?parent=5322"}],"curies":[{"name":"wp","href":"https:\/\/api.w.org\/{rel}","templated":true}]}}