{"id":5305,"date":"2022-07-19T14:07:48","date_gmt":"2022-07-19T14:07:48","guid":{"rendered":"https:\/\/eldienteroto.org\/wp49\/?page_id=5305"},"modified":"2025-11-17T15:29:46","modified_gmt":"2025-11-17T19:59:46","slug":"1911-1920","status":"publish","type":"page","link":"https:\/\/eldienteroto.org\/wp49\/1911-1920\/","title":{"rendered":"1911-1920"},"content":{"rendered":"\n<h3 class=\"wp-block-heading\"><strong>1911<\/strong><\/h3>\n\n\n\n<p><strong>Nacimientos<\/strong><\/p>\n\n\n\n<ul>\n<li><a href=\"https:\/\/eldienteroto.org\/wp49\/carlos-augusto-leon\/\" target=\"_blank\" rel=\"noreferrer noopener\">Carlos Augusto Le\u00f3n<\/a><\/li>\n\n\n\n<li><a href=\"https:\/\/eldienteroto.org\/wp49\/pascual-venegas-filardo\/\" target=\"_blank\" rel=\"noreferrer noopener\">Pascual Venegas Filardo<\/a> (25 de marzo)<\/li>\n\n\n\n<li><a href=\"https:\/\/eldienteroto.org\/wp49\/jose-fabbiani-ruiz\/\" target=\"_blank\" rel=\"noreferrer noopener\">Jos\u00e9 Fabbiani Ruiz<\/a> (17 de julio)<\/li>\n\n\n\n<li><a href=\"https:\/\/eldienteroto.org\/wp49\/guillermo-meneses\/\" target=\"_blank\" rel=\"noopener\">Guillermo Meneses<\/a> (15 de diciembre)<\/li>\n<\/ul>\n\n\n\n<p><strong>Publicaciones<\/strong><\/p>\n\n\n\n<ul>\n<li>Tulio Febres Cordero: <em>La hija del cacique<\/em><\/li>\n\n\n\n<li>Francisco Tosta Garc\u00eda: <em>Risa sana<\/em><\/li>\n\n\n\n<li>Pedro Arismendi Brito: <em>Versos apenas versos<\/em><\/li>\n\n\n\n<li>Jos\u00e9 Arreaza Calatrava: <em>Canto a Venezuela; Cantos de la carne y el reino interior<\/em><\/li>\n\n\n\n<li>Leonor Bernab\u00f3: <em>Quejas del alma<\/em><\/li>\n\n\n\n<li>Rufino Blanco Fombona: <a href=\"https:\/\/eldienteroto.org\/wp49\/cantos-de-la-prision-y-del-destierro\/\" target=\"_blank\" rel=\"noreferrer noopener\"><em>Cantos de la prisi\u00f3n y del destierro<\/em><\/a><\/li>\n\n\n\n<li>Ricardo de los r\u00edos: <em>Melod\u00edas y versos<\/em><\/li>\n\n\n\n<li>Felipe Valderrama: <em>Ensue\u00f1os y emociones; Horas fugaces<\/em><\/li>\n<\/ul>\n\n\n\n<h3 class=\"wp-block-heading\"><strong>1912<\/strong><\/h3>\n\n\n\n<p><strong>Nacimientos<\/strong><\/p>\n\n\n\n<ul>\n<li><a href=\"https:\/\/eldienteroto.org\/wp49\/eduardo-arcila-farias\/\" target=\"_blank\" rel=\"noreferrer noopener\">Eduardo Arcila Far\u00edas<\/a> (17 de febrero)<\/li>\n\n\n\n<li><a rel=\"noreferrer noopener\" href=\"https:\/\/eldienteroto.org\/wp49\/otto-de-sola\/\" target=\"_blank\">Otto de Sola<\/a> (15 de abril)<\/li>\n\n\n\n<li><a href=\"https:\/\/eldienteroto.org\/wp49\/manuel-rodriguez-cardenas\/\" target=\"_blank\" rel=\"noreferrer noopener\">Manuel Rodr\u00edguez C\u00e1rdenas<\/a> (17 de septiembre)<\/li>\n\n\n\n<li><a rel=\"noreferrer noopener\" href=\"https:\/\/eldienteroto.org\/wp49\/gloria-stolk\/\" target=\"_blank\">Gloria Stolk<\/a><\/li>\n\n\n\n<li><a href=\"https:\/\/eldienteroto.org\/wp49\/raul-valera\/\" target=\"_blank\" rel=\"noreferrer noopener\">Ra\u00fal Valera<\/a><\/li>\n<\/ul>\n\n\n\n<p><strong>Publicaciones<\/strong><\/p>\n\n\n\n<ul>\n<li>Rafael Bol\u00edvar: <em>Cuentos chicos<\/em><\/li>\n\n\n\n<li>Ricardo de los R\u00edos: <em>Versos errantes<\/em><\/li>\n\n\n\n<li>Jos\u00e9 Domingo Tejera: <em>M\u00fasica criolla<\/em><\/li>\n\n\n\n<li>Jos\u00e9 Faustino Fortique: <em>Latidos y arrullos<\/em><\/li>\n<\/ul>\n\n\n\n<p><strong>Fallecimientos<\/strong><\/p>\n\n\n\n<ul>\n<li><a href=\"https:\/\/eldienteroto.org\/wp49\/blanco-eduardo\/\" target=\"_blank\" rel=\"noopener\">Eduardo Blanco<\/a> (30 de enero)<\/li>\n\n\n\n<li><a href=\"https:\/\/eldienteroto.org\/wp49\/henrique-soublette\/\" target=\"_blank\" rel=\"noopener\">Henrique Soublette<\/a><\/li>\n<\/ul>\n\n\n\n<h3 class=\"wp-block-heading\"><strong>1913<\/strong><\/h3>\n\n\n\n<p><strong>Nacimientos<\/strong><\/p>\n\n\n\n<ul>\n<li><a href=\"https:\/\/eldienteroto.org\/wp49\/vicente-gerbasi\/\" target=\"_blank\" rel=\"noopener\">Vicente Gerbasi<\/a> (02 de junio)<\/li>\n\n\n\n<li>Felipe Herrera Vial (05 de febrero)<\/li>\n<\/ul>\n\n\n\n<p><strong>Publicaciones<\/strong><\/p>\n\n\n\n<ul>\n<li>Rufino Blanco Fombona: <em>Cuentos americanos<\/em><\/li>\n\n\n\n<li>Julio Calca\u00f1o: <a href=\"https:\/\/eldienteroto.org\/wp49\/cuentos-escogidos-de-julio-calcano\/\" target=\"_blank\" rel=\"noopener\"><em>Cuentos escogidos<\/em><\/a><\/li>\n\n\n\n<li>R\u00f3mulo Gallegos: <em>Los aventureros<\/em><\/li>\n\n\n\n<li>Jos\u00e9 Rafael Pocaterra: <a href=\"https:\/\/eldienteroto.org\/wp49\/politica-feminista-o-el-doctor-bebe\/\" target=\"_blank\" rel=\"noopener\"><em>Pol\u00edtica feminista<\/em><\/a><\/li>\n\n\n\n<li>Francisco Tosta Garc\u00eda: <em>Partidos en facha<\/em><\/li>\n\n\n\n<li>Jos\u00e9 Arreaza Calatrava: <em>Odas. La triste y otros poemas<\/em><\/li>\n\n\n\n<li>Antonio Calca\u00f1o Herrera: <em>Versos de juventud<\/em><\/li>\n\n\n\n<li>Ud\u00f3n P\u00e9rez: <a href=\"https:\/\/eldienteroto.org\/wp49\/anfora-criolla\/\" target=\"_blank\" rel=\"noopener\"><em>\u00c1nfora criolla<\/em><\/a><\/li>\n\n\n\n<li>Luis Y\u00e9pez: <em>Primavera rom\u00e1ntica<\/em><\/li>\n<\/ul>\n\n\n\n<h3 class=\"wp-block-heading\"><strong>1914<\/strong><\/h3>\n\n\n\n<p><strong>Nacimientos<\/strong><\/p>\n\n\n\n<ul>\n<li>Rafael \u00c1ngel Insausti<\/li>\n\n\n\n<li><a href=\"https:\/\/eldienteroto.org\/wp49\/pedro-berroeta\/\" target=\"_blank\" rel=\"noopener\">Pedro Berroeta<\/a> (30 de agosto)<\/li>\n\n\n\n<li><a href=\"https:\/\/eldienteroto.org\/wp49\/luis-beltran-guerrero\/\" target=\"_blank\" rel=\"noopener\">Luis Beltr\u00e1n Guerrero<\/a> (11 de octubre)<\/li>\n\n\n\n<li>Carlos Augusto Le\u00f3n (20 de octubre)<\/li>\n<\/ul>\n\n\n\n<p><strong>Publicaciones<\/strong><\/p>\n\n\n\n<ul>\n<li>Eduardo Blanco: <em>Tradiciones \u00e9picas y cuentos viejos<\/em><\/li>\n\n\n\n<li>Gonzalo Pic\u00f3n Febres: <em>Nieve y lodo<\/em><\/li>\n\n\n\n<li>Julio Rosales: <em>Bajo el cielo dorado<\/em><\/li>\n\n\n\n<li>Eduardo Arroyo Lameda: <em>Momentos<\/em><\/li>\n\n\n\n<li>Antonio Calca\u00f1o Herrera: <em>Un amor en las selvas<\/em><\/li>\n\n\n\n<li>Francisco Lazo Mart\u00ed: <em>Poes\u00edas<\/em><\/li>\n<\/ul>\n\n\n\n<h3 class=\"wp-block-heading\"><strong>1915<\/strong><\/h3>\n\n\n\n<p><strong>Nacimientos<\/strong><\/p>\n\n\n\n<ul>\n<li><a href=\"https:\/\/eldienteroto.org\/wp49\/tomasa-ochoa-cordero\/\" target=\"_blank\" rel=\"noopener\">Tomasa Ochoa Cordero<\/a> (15 de enero)<\/li>\n\n\n\n<li><a href=\"https:\/\/eldienteroto.org\/wp49\/cesar-rengifo\/\" target=\"_blank\" rel=\"noopener\">C\u00e9sar Rengifo<\/a> (14 de mayo)<\/li>\n\n\n\n<li><a href=\"https:\/\/eldienteroto.org\/wp49\/mercedes-bermudez-de-belloso\/\" target=\"_blank\" rel=\"noopener\">Mercedes Berm\u00fadez de Belloso<\/a> (27 de junio)<\/li>\n\n\n\n<li><a href=\"https:\/\/eldienteroto.org\/wp49\/juan-liscano\/\" target=\"_blank\" rel=\"noopener\">Juan Liscano<\/a> (07 de julio)<\/li>\n<\/ul>\n\n\n\n<p><strong>Publicaciones<\/strong><\/p>\n\n\n\n<ul>\n<li>Rufino Blanco Fombona: <em>El hombre de oro<\/em><\/li>\n\n\n\n<li>Rafael Bol\u00edvar Coronado: <em>La tristeza de Blancapobre<\/em><\/li>\n\n\n\n<li>Julio Calca\u00f1o: <em>Poes\u00edas<\/em><\/li>\n\n\n\n<li>Ricardo de los r\u00edos: <em>La loca de la playa<\/em><\/li>\n\n\n\n<li>Medardo Vivas P\u00e9rez: <em>Flores y zarza<\/em><\/li>\n<\/ul>\n\n\n\n<h3 class=\"wp-block-heading\"><strong>1916<\/strong><\/h3>\n\n\n\n<p><strong>Nacimientos<\/strong><\/p>\n\n\n\n<ul>\n<li><a href=\"https:\/\/eldienteroto.org\/wp49\/palmenes-yarza\/\" target=\"_blank\" rel=\"noopener\">P\u00e1lmenes Yarza<\/a> (01 de enero)<\/li>\n\n\n\n<li><a href=\"https:\/\/eldienteroto.org\/wp49\/luz-machado\/\" target=\"_blank\" rel=\"noopener\">Luz Machado<\/a> (03 de febrero)<\/li>\n\n\n\n<li><a href=\"https:\/\/eldienteroto.org\/wp49\/oscar-guaramato\/\" target=\"_blank\" rel=\"noopener\">Oscar Guaramato<\/a> (08 de mayo)<\/li>\n<\/ul>\n\n\n\n<p><strong>Publicaciones<\/strong><\/p>\n\n\n\n<ul>\n<li>Gabriel Pic\u00f3n Febres (hijo): <a rel=\"noreferrer noopener\" href=\"https:\/\/eldienteroto.org\/wp49\/cuentos-venezolanos-picon-febres\/\" target=\"_blank\"><em>Cuentos venezolanos<\/em><\/a><\/li>\n\n\n\n<li>Pedro Emilio Coll:&nbsp;<em><a rel=\"noopener\" href=\"https:\/\/eldienteroto.org\/wp49\/el-castillo-de-elsinor\/\" target=\"_blank\">El Castillo de Elsinor<\/a><\/em><\/li>\n\n\n\n<li>Jos\u00e9 Rafael Pocaterra: <a href=\"https:\/\/eldienteroto.org\/wp49\/vidas-oscuras\/\" target=\"_blank\" rel=\"noopener\"><em>Vidas oscuras<\/em><\/a><\/li>\n\n\n\n<li>Jos\u00e9 Faustino Fortique: <em>Hojas de oto\u00f1o<\/em><\/li>\n\n\n\n<li>Juan Gonz\u00e1lez Camargo: <em>Banderas gloriosas<\/em><\/li>\n\n\n\n<li>Miguel \u00c1ngel Mata Silva: <em>Rojos \u00e9picos<\/em><\/li>\n\n\n\n<li>Augusto M\u00e9ndez Loynaz: <em>Hojas secas<\/em><\/li>\n\n\n\n<li>Ud\u00f3n P\u00e9rez: <em>Dos poemas<\/em><\/li>\n\n\n\n<li>Jos\u00e9 Domingo Tejera: <em>\u00c9glogas andinas<\/em><\/li>\n\n\n\n<li>Pedro Lizardo: <em>El forastero<\/em><\/li>\n<\/ul>\n\n\n\n<h3 class=\"wp-block-heading\"><strong>1917<\/strong><\/h3>\n\n\n\n<p><strong>Nacimientos<\/strong><\/p>\n\n\n\n<ul>\n<li><a rel=\"noopener\" href=\"https:\/\/eldienteroto.org\/wp49\/jose-antonio-escalona-escalona\/\" target=\"_blank\">Jos\u00e9 Antonio Escalona-Escalona<\/a> (01 de enero)<\/li>\n\n\n\n<li><a rel=\"noreferrer noopener\" href=\"https:\/\/eldienteroto.org\/wp49\/pedro-pablo-paredes\/\" target=\"_blank\">Pedro Pablo Paredes<\/a> (21 de enero)<\/li>\n<\/ul>\n\n\n\n<p><strong>Publicaciones<\/strong><\/p>\n\n\n\n<ul>\n<li>Polita de Lima: <em>Sue\u00f1os r\u00edtmicos<\/em><\/li>\n\n\n\n<li>Francisco Pimentel (Job Pim): <em>Pitorreos<\/em><\/li>\n\n\n\n<li>Jorge Schmidke: <em>Musa her\u00e1ldica<\/em><\/li>\n\n\n\n<li>Tulio Febres Cordero: <em>En broma y en serio<\/em><\/li>\n\n\n\n<li>Pedro Miguel Queremel: <em>Excursiones espirituales<\/em><\/li>\n\n\n\n<li>Jos\u00e9 Domingo Tejera: <em>La esfinge indiana<\/em><\/li>\n<\/ul>\n\n\n\n<h4 class=\"wp-block-heading\"><strong>Fallecimientos<\/strong><\/h4>\n\n\n\n<ul>\n<li>Manuel Vicente Romerogarc\u00eda (22 de agosto)<\/li>\n<\/ul>\n\n\n\n<h3 class=\"wp-block-heading\"><strong>1918<\/strong><\/h3>\n\n\n\n<p><strong>Nacimientos<\/strong><\/p>\n\n\n\n<ul>\n<li><a href=\"https:\/\/eldienteroto.org\/wp49\/humberto-rivas-mijares\/\" target=\"_blank\" rel=\"noopener\">Humberto Rivas Mijares<\/a> (21 de diciembre)<\/li>\n<\/ul>\n\n\n\n<p><strong>Publicaciones<\/strong><\/p>\n\n\n\n<ul>\n<li>Rafael Bol\u00edvar Coronado: <em><a href=\"https:\/\/eldienteroto.org\/wp49\/los-caciques-heroicos\/\" target=\"_blank\" rel=\"noreferrer noopener\">Los caciques heroicos<\/a><\/em><\/li>\n\n\n\n<li>Jos\u00e9 Rafael Pocaterra: <em>Tierra del sol amada; <a rel=\"noreferrer noopener\" href=\"https:\/\/eldienteroto.org\/wp49\/politica-feminista-o-el-doctor-bebe\/\" target=\"_blank\">El doctor Beb\u00e9<\/a><\/em><\/li>\n\n\n\n<li>Andr\u00e9s Eloy Blanco: <em>El huerto de la epopeya<\/em><\/li>\n\n\n\n<li>Rufino Blanco Fombona: <em>Cancionero del amor infeliz<\/em><\/li>\n\n\n\n<li>Enrique Bernardo N\u00fa\u00f1ez: <em>Sol interior<\/em><\/li>\n\n\n\n<li>Jos\u00e9 Faustino Fortique: <em>Paisajes y rumores<\/em><\/li>\n\n\n\n<li>Juan Gonz\u00e1lez Camargo: <em>Canto a Italia<\/em><\/li>\n\n\n\n<li>Jes\u00fas Enrique Lossada: <em>Madr\u00e9poras<\/em><\/li>\n\n\n\n<li>Jorge Schmidke: <em>Tis\u00fa<\/em><\/li>\n<\/ul>\n\n\n\n<h4 class=\"wp-block-heading\"><strong>Fallecimientos<\/strong><\/h4>\n\n\n\n<ul>\n<li><a href=\"https:\/\/eldienteroto.org\/wp49\/pio-gil\/\" target=\"_blank\" rel=\"noreferrer noopener\">P\u00edo Gil<\/a> (04 de febrero)<\/li>\n\n\n\n<li><a rel=\"noopener\" href=\"https:\/\/eldienteroto.org\/wp49\/gonzalo-picon-febres\/\" target=\"_blank\">Gonzalo Pic\u00f3n Febres<\/a> (06 de junio)<\/li>\n\n\n\n<li><a href=\"https:\/\/eldienteroto.org\/wp49\/julio-calcano\/\" target=\"_blank\" rel=\"noopener\">Julio Calca\u00f1o<\/a> (18 de agosto)<\/li>\n<\/ul>\n\n\n\n<h3 class=\"wp-block-heading\"><strong>1919<\/strong><\/h3>\n\n\n\n<p><strong>Nacimientos<\/strong><\/p>\n\n\n\n<ul>\n<li><a href=\"https:\/\/eldienteroto.org\/wp49\/jose-ramon-medina\/\" target=\"_blank\" rel=\"noopener\">Jos\u00e9 Ram\u00f3n Medina<\/a> (20 de julio)<\/li>\n\n\n\n<li><a rel=\"noopener\" href=\"https:\/\/eldienteroto.org\/wp49\/antonio-marquez-salas\/\" target=\"_blank\">Antonio M\u00e1rquez Salas<\/a> (06 de julio)<\/li>\n\n\n\n<li><a href=\"https:\/\/eldienteroto.org\/wp49\/elisio-jimenez-sierra\/\" target=\"_blank\" rel=\"noreferrer noopener\">Elisio Jim\u00e9nez Sierra<\/a><\/li>\n<\/ul>\n\n\n\n<p><strong>Publicaciones<\/strong><\/p>\n\n\n\n<ul>\n<li>Rafael Bol\u00edvar Coronado: <a rel=\"noopener\" href=\"https:\/\/eldienteroto.org\/wp49\/memorias-semibarbaro\/\" target=\"_blank\"><em>Memorias de un semib\u00e1rbaro<\/em><\/a><\/li>\n\n\n\n<li>Juan Gonz\u00e1lez Camargo: <em>Himno al trabajo<\/em><\/li>\n\n\n\n<li>F\u00e9liz Armando N\u00fa\u00f1ez: <em>La luna de oto\u00f1o; La voz \u00edntima<\/em><\/li>\n\n\n\n<li>Enrique Planchart: <em>Primeros poemas<\/em><\/li>\n\n\n\n<li>Ricardo de los r\u00edos: <em>Nocturnos del desierto<\/em><\/li>\n\n\n\n<li>Carlos Paz Garc\u00eda: <em><a href=\"https:\/\/eldienteroto.org\/wp49\/cuentos-de-carlos-paz-garcia\/\" target=\"_blank\" rel=\"noreferrer noopener\">La daga de oro<\/a><\/em><\/li>\n\n\n\n<li>Laureano Vallenilla Lanz: <a href=\"https:\/\/eldienteroto.org\/wp49\/cesarismo-democratico\/\" target=\"_blank\" rel=\"noopener\"><em>Cesarismo democr\u00e1tico<\/em><\/a><\/li>\n<\/ul>\n\n\n\n<h3 class=\"wp-block-heading\"><strong>1920<\/strong><\/h3>\n\n\n\n<p><strong>Nacimientos <\/strong><\/p>\n\n\n\n<ul>\n<li>Pedro Francisco Lizardo (25 de enero)<\/li>\n\n\n\n<li><a href=\"https:\/\/eldienteroto.org\/wp49\/gustavo-diaz-solis\/\" target=\"_blank\" rel=\"noopener\">Gustavo D\u00edaz Sol\u00eds<\/a> (02 de febrero)<\/li>\n\n\n\n<li><a href=\"https:\/\/eldienteroto.org\/wp49\/aquiles-nazoa\/\" target=\"_blank\" rel=\"noopener\">Aquiles Nazoa<\/a> (17 de mayo)<\/li>\n<\/ul>\n\n\n\n<p><strong>Publicaciones<\/strong><\/p>\n\n\n\n<ul>\n<li>Jos\u00e9 Domingo Tejera: <em>Poema apote\u00f3sico, Canto a Trujillo.<\/em><\/li>\n\n\n\n<li>Gonzalo Carnevali: <em>El alba de oro<\/em><\/li>\n\n\n\n<li>Rufino Blanco Fombona: <em>Dramas m\u00ednimos<\/em><\/li>\n\n\n\n<li>R\u00f3mulo Gallegos: <a href=\"https:\/\/eldienteroto.org\/wp49\/el-ultimo-solar\/\" target=\"_blank\" rel=\"noreferrer noopener\"><em>El \u00faltimo Solar<\/em><\/a><\/li>\n\n\n\n<li>Enrique Bernardo N\u00fa\u00f1ez: <em>Despu\u00e9s de Ayacucho<\/em><\/li>\n\n\n\n<li>Luis M. Urbaneja Achelpohl: <a href=\"https:\/\/eldienteroto.org\/wp49\/en-este-pais\/\" target=\"_blank\" rel=\"noopener\"><em>En este pa\u00eds<\/em><\/a><\/li>\n<\/ul>\n","protected":false},"excerpt":{"rendered":"<p>1911 Nacimientos Publicaciones 1912 Nacimientos Publicaciones Fallecimientos 1913 Nacimientos Publicaciones 1914 Nacimientos Publicaciones 1915 Nacimientos Publicaciones 1916 Nacimientos Publicaciones 1917 Nacimientos Publicaciones Fallecimientos 1918 Nacimientos Publicaciones Fallecimientos 1919 Nacimientos Publicaciones 1920 Nacimientos Publicaciones<\/p>\n","protected":false},"author":6,"featured_media":0,"parent":0,"menu_order":0,"comment_status":"closed","ping_status":"closed","template":"","meta":{"_monsterinsights_skip_tracking":false,"_monsterinsights_sitenote_active":false,"_monsterinsights_sitenote_note":"","_monsterinsights_sitenote_category":0,"footnotes":""},"_links":{"self":[{"href":"https:\/\/eldienteroto.org\/wp49\/wp-json\/wp\/v2\/pages\/5305"}],"collection":[{"href":"https:\/\/eldienteroto.org\/wp49\/wp-json\/wp\/v2\/pages"}],"about":[{"href":"https:\/\/eldienteroto.org\/wp49\/wp-json\/wp\/v2\/types\/page"}],"author":[{"embeddable":true,"href":"https:\/\/eldienteroto.org\/wp49\/wp-json\/wp\/v2\/users\/6"}],"replies":[{"embeddable":true,"href":"https:\/\/eldienteroto.org\/wp49\/wp-json\/wp\/v2\/comments?post=5305"}],"version-history":[{"count":46,"href":"https:\/\/eldienteroto.org\/wp49\/wp-json\/wp\/v2\/pages\/5305\/revisions"}],"predecessor-version":[{"id":17858,"href":"https:\/\/eldienteroto.org\/wp49\/wp-json\/wp\/v2\/pages\/5305\/revisions\/17858"}],"wp:attachment":[{"href":"https:\/\/eldienteroto.org\/wp49\/wp-json\/wp\/v2\/media?parent=5305"}],"curies":[{"name":"wp","href":"https:\/\/api.w.org\/{rel}","templated":true}]}}