{"id":5299,"date":"2022-07-19T14:01:02","date_gmt":"2022-07-19T14:01:02","guid":{"rendered":"https:\/\/eldienteroto.org\/wp49\/?page_id=5299"},"modified":"2025-12-03T14:51:11","modified_gmt":"2025-12-03T19:21:11","slug":"siglo-xix-segunda-mitad","status":"publish","type":"page","link":"https:\/\/eldienteroto.org\/wp49\/siglo-xix-segunda-mitad\/","title":{"rendered":"Siglo XIX (segunda mitad)"},"content":{"rendered":"\n<h4 class=\"wp-block-heading\">1851<\/h4>\n\n\n\n<p><a href=\"https:\/\/eldienteroto.org\/wp49\/canto-funebre\/\" target=\"_blank\" rel=\"noopener\"><i>Canto f\u00fanebre<\/i><\/a> de Jos\u00e9 Antonio Mait\u00edn<\/p>\n\n\n\n<h4 class=\"wp-block-heading\">1853<\/h4>\n\n\n\n<p><strong>Publicaciones<\/strong><\/p>\n\n\n\n<ul>\n<li><i>Venezuela pintoresca <\/i><\/li>\n\n\n\n<li><i>Manual de urbanidad y buenas maneras<\/i>, de Manuel Antonio Carre\u00f1o.<\/li>\n<\/ul>\n\n\n\n<h4 class=\"wp-block-heading\">1854<\/h4>\n\n\n\n<p><i>Hecatonfon\u00eda<\/i> de Ferm\u00edn Toro.<\/p>\n\n\n\n<h4 class=\"wp-block-heading\">1855<\/h4>\n\n\n\n<p>Se estrena <i>Don Fadrique, Gran Maestre de Santiago<\/i>, de Heraclio Mart\u00edn de la Guardia.<\/p>\n\n\n\n<h4 class=\"wp-block-heading\">1856<\/h4>\n\n\n\n<p>Cecilio Acosta: <a href=\"https:\/\/eldienteroto.org\/wp49\/cosas-sabidas-y-cosas-por-saberse\/\" target=\"_blank\" rel=\"noopener\"><em>Cosas sabidas y por saberse<\/em><\/a><\/p>\n\n\n\n<h4 class=\"wp-block-heading\">1859<\/h4>\n\n\n\n<p>Nace <a href=\"https:\/\/eldienteroto.org\/wp49\/rafael-bolivar\/\" target=\"_blank\" rel=\"noopener\">Rafael Bol\u00edvar<\/a> (7 de octubre)<\/p>\n\n\n\n<h4 class=\"wp-block-heading\">1860<\/h4>\n\n\n\n<p><strong>Nacimientos<\/strong><\/p>\n\n\n\n<ul>\n<li><a href=\"https:\/\/eldienteroto.org\/wp49\/tulio-febres-cordero\/\" target=\"_blank\" rel=\"noopener\">Tulio Febres Cordero<\/a> (31 de mayo)<\/li>\n\n\n\n<li><a href=\"https:\/\/eldienteroto.org\/wp49\/gonzalo-picon-febres\/\" target=\"_blank\" rel=\"noopener\">Gonzalo Pic\u00f3n Febres<\/a> (10 de septiembre)<\/li>\n<\/ul>\n\n\n\n<p><strong>Publicaciones<\/strong><\/p>\n\n\n\n<ul>\n<li><i>Anaida<\/i> de Jos\u00e9 Ram\u00f3n Yepes<\/li>\n<\/ul>\n\n\n\n<p><strong>Fallecimientos<\/strong><\/p>\n\n\n\n<ul>\n<li><a href=\"https:\/\/eldienteroto.org\/wp49\/rafael-maria-baralt\/\" target=\"_blank\" rel=\"noopener\">Rafael Mar\u00eda Baralt<\/a> (04 de enero)<\/li>\n<\/ul>\n\n\n\n<h4 class=\"wp-block-heading\">1861<\/h4>\n\n\n\n<p><strong>Nacimientos<\/strong><\/p>\n\n\n\n<ul>\n<li><a href=\"https:\/\/eldienteroto.org\/wp49\/manuel-vicente-romerogarcia\/\" target=\"_blank\" rel=\"noopener\">Manuel Vicente Romerogarc\u00eda<\/a> (24 de julio)<\/li>\n\n\n\n<li><a href=\"https:\/\/eldienteroto.org\/wp49\/gil-fortoul\/\" target=\"_blank\" rel=\"noopener\">Jos\u00e9 Gil Fortoul<\/a> (25 de noviembre)<\/li>\n<\/ul>\n\n\n\n<h4 class=\"wp-block-heading\">1863<\/h4>\n\n\n\n<p><strong>Publicaciones:<\/strong><\/p>\n\n\n\n<ul>\n<li>Jos\u00e9 Gabriel N\u00fa\u00f1ez Romberg: <i>Teor\u00eda de la m\u00fasica al alcance de todos<\/i><\/li>\n\n\n\n<li>Antonio Ros de Olano: <a href=\"https:\/\/eldienteroto.org\/wp49\/doctor-lanuela\/\" target=\"_blank\" rel=\"noopener\"><em>El doctor La\u00f1uela<\/em><\/a>\/<em>Leyendas de \u00c1frica<\/em><\/li>\n<\/ul>\n\n\n\n<h4 class=\"wp-block-heading\">1864<\/h4>\n\n\n\n<ul>\n<li>Abiga\u00edl Lozano: <em>Colecci\u00f3n de Poes\u00edas originales<\/em><\/li>\n<\/ul>\n\n\n\n<h4 class=\"wp-block-heading\">1865<\/h4>\n\n\n\n<p><strong>Nacimientos<\/strong><\/p>\n\n\n\n<ul>\n<li><a href=\"https:\/\/eldienteroto.org\/wp49\/pio-gil\/\" target=\"_blank\" rel=\"noreferrer noopener\">P\u00edo Gil<\/a> (24 de octubre)<\/li>\n<\/ul>\n\n\n\n<p><strong>Fallecimientos<\/strong><\/p>\n\n\n\n<ul>\n<li><a href=\"https:\/\/eldienteroto.org\/wp49\/jv-gonzalez\/\" target=\"_blank\" rel=\"noopener\">Juan Vicente Gonz\u00e1lez<\/a> (01 de octubre)<\/li>\n\n\n\n<li><a href=\"https:\/\/eldienteroto.org\/wp49\/andres-bello-2\/\" target=\"_blank\" rel=\"noopener\">Andr\u00e9s Bello<\/a> (15 de octubre)<\/li>\n\n\n\n<li><a href=\"https:\/\/eldienteroto.org\/wp49\/fermin-toro\/\" target=\"_blank\" rel=\"noopener\">Ferm\u00edn Toro<\/a> (23 de diciembre)<\/li>\n<\/ul>\n\n\n\n<p><strong>Publicaciones<\/strong><\/p>\n\n\n\n<ul>\n<li>Rafael Urdaneta<i>: El libro de la infancia<\/i>, trabajo pionero de la literatura infantil.<\/li>\n<\/ul>\n\n\n\n<p><strong>Otras noticias<\/strong><\/p>\n\n\n\n<ul>\n<li>Se publica la <i>Revista Literaria<\/i>, dirigida por Juan Vicente Gonz\u00e1lez.<\/li>\n\n\n\n<li>Se publica la revista <i>El Museo Venezolano, <\/i>editada por Los hermanos Bolet<i><br><\/i><\/li>\n<\/ul>\n\n\n\n<h4 class=\"wp-block-heading\">1866<\/h4>\n\n\n\n<p><strong>Fallecimientos<\/strong><\/p>\n\n\n\n<ul>\n<li><a href=\"https:\/\/eldienteroto.org\/wp49\/abigail-lozano\/\">Abiga\u00edl Lozano<\/a> (08 de julio)<\/li>\n\n\n\n<li>Antonio Ros de Olano (24 de julio)<\/li>\n<\/ul>\n\n\n\n<h4 class=\"wp-block-heading\">1868<\/h4>\n\n\n\n<p><strong>Nacimientos<\/strong><\/p>\n\n\n\n<ul>\n<li><a href=\"https:\/\/eldienteroto.org\/wp49\/miguel-eduardo-pardo\/\" target=\"_blank\" rel=\"noopener\">Miguel Eduardo Pardo<\/a><\/li>\n<\/ul>\n\n\n\n<h4 class=\"wp-block-heading\">1869<\/h4>\n\n\n\n<p><strong>Nacimientos<\/strong><\/p>\n\n\n\n<ul>\n<li><a href=\"https:\/\/eldienteroto.org\/wp49\/francisco-lazo-marti\/\" target=\"_blank\" rel=\"noopener\">Francisco Lazo Mart\u00ed<\/a> (14 de marzo)<\/li>\n<\/ul>\n\n\n\n<p><strong>Otras noticias<\/strong><\/p>\n\n\n\n<ul>\n<li>Incorporaci\u00f3n de Cecilio Acosta como individuo correspondiente extranjero de la Real Academia Espa\u00f1ola de la Lengua.<\/li>\n<\/ul>\n\n\n\n<h4 class=\"wp-block-heading\">1870<\/h4>\n\n\n\n<p><strong>Nacimientos<\/strong><\/p>\n\n\n\n<ul>\n<li><a href=\"https:\/\/eldienteroto.org\/wp49\/victor-racamonde\/\" target=\"_blank\" rel=\"noopener\">V\u00edctor Racamonde<\/a><\/li>\n\n\n\n<li><a rel=\"noopener\" href=\"https:\/\/eldienteroto.org\/wp49\/andres-mata\/\" target=\"_blank\">Andr\u00e9s Mata<\/a> (10 de noviembre)<\/li>\n\n\n\n<li><a href=\"https:\/\/eldienteroto.org\/wp49\/laureano-vallenilla-lanz\/\" target=\"_blank\" rel=\"noreferrer noopener\">Laureano Vallenilla Lanz<\/a> (11 de noviembre)<\/li>\n<\/ul>\n\n\n\n<p><strong>Fallecimientos<\/strong><\/p>\n\n\n\n<ul>\n<li><a href=\"https:\/\/eldienteroto.org\/wp49\/daniel-mendoza\/\" target=\"_blank\" rel=\"noopener\">Daniel Mendoza<\/a> (04 de septiembre)<\/li>\n<\/ul>\n\n\n\n<h4 class=\"wp-block-heading\">1871<\/h4>\n\n\n\n<p><strong>Nacimientos<\/strong><\/p>\n\n\n\n<ul>\n<li><a href=\"https:\/\/eldienteroto.org\/wp49\/manuel-diaz-rodriguez\/\" target=\"_blank\" rel=\"noopener\">Manuel D\u00edaz Rodr\u00edguez<\/a> (28 de febrero)<\/li>\n\n\n\n<li><a href=\"https:\/\/eldienteroto.org\/wp49\/udon-perez\/\" target=\"_blank\" rel=\"noopener\">Ud\u00f3n P\u00e9rez<\/a> (06 de marzo)<\/li>\n\n\n\n<li><a href=\"https:\/\/eldienteroto.org\/wp49\/curiel-elias-david\/\" target=\"_blank\" rel=\"noopener\">El\u00edas David Curiel<\/a> (09 de agosto)<\/li>\n<\/ul>\n\n\n\n<h4 class=\"wp-block-heading\">1872<\/h4>\n\n\n\n<p><strong>Nacimientos<\/strong><\/p>\n\n\n\n<ul>\n<li><a rel=\"noopener\" href=\"https:\/\/eldienteroto.org\/wp49\/pedro-emilio-coll\/\" target=\"_blank\">Pedro Emilio Coll<\/a> (12 de julio)<\/li>\n\n\n\n<li><a href=\"https:\/\/eldienteroto.org\/wp49\/rafael-cabrera-malo\/\" target=\"_blank\" rel=\"noreferrer noopener\">Rafael Cabrera Malo<\/a><\/li>\n<\/ul>\n\n\n\n<p><strong>Otras noticias<\/strong><\/p>\n\n\n\n<ul>\n<li>Instalaci\u00f3n de la Academia Venezolana de Literatura<\/li>\n<\/ul>\n\n\n\n<p><strong>Fallecimientos<\/strong><\/p>\n\n\n\n<ul>\n<li><a href=\"https:\/\/eldienteroto.org\/wp49\/juan-vicente-camacho\/\" target=\"_blank\" rel=\"noopener\">Juan Vicente Camacho<\/a> (04 de agosto)<\/li>\n<\/ul>\n\n\n\n<h4 class=\"wp-block-heading\">1873<\/h4>\n\n\n\n<p>Nace <a href=\"https:\/\/eldienteroto.org\/wp49\/luis-manuel-urbaneja-achelpohl\/\" target=\"_blank\" rel=\"noopener\">Luis Manuel Urbaneja Achelpohl<\/a> (25 de febrero)<\/p>\n\n\n\n<h4 class=\"wp-block-heading\">1874<\/h4>\n\n\n\n<p><strong>Nacimientos<\/strong><\/p>\n\n\n\n<ul>\n<li><a href=\"https:\/\/eldienteroto.org\/wp49\/santiago-key-ayala\/\" target=\"_blank\" rel=\"noopener\">Santiago Key-Ayala<\/a> (25 de abril)<\/li>\n\n\n\n<li><a href=\"https:\/\/eldienteroto.org\/wp49\/rufino-blanco-fombona\/\" target=\"_blank\" rel=\"noopener\">Rufino Blanco Fombona<\/a> (17 de junio)<\/li>\n<\/ul>\n\n\n\n<p><strong>Publicaciones<\/strong><\/p>\n\n\n\n<ul>\n<li>Eduardo Blanco: <a href=\"https:\/\/eldienteroto.org\/wp49\/vanitas-vanitatum\/\" target=\"_blank\" rel=\"noopener\">Vanitas vanitatum<\/a><\/li>\n<\/ul>\n\n\n\n<p><strong>Fallecimientos<\/strong><\/p>\n\n\n\n<ul>\n<li><a href=\"https:\/\/eldienteroto.org\/wp49\/jose-antonio-maitin\/\" target=\"_blank\" rel=\"noopener\">Jos\u00e9 Antonio Mait\u00edn<\/a> (04 de agosto)<\/li>\n<\/ul>\n\n\n\n<h4 class=\"wp-block-heading\">1875<\/h4>\n\n\n\n<p><strong>Publicaciones<\/strong><\/p>\n\n\n\n<ul>\n<li>Jos\u00e9 Mar\u00eda de Rojas: <i>Biblioteca de escritores venezolanos contempor\u00e1neos<\/i><\/li>\n<\/ul>\n\n\n\n<h4 class=\"wp-block-heading\">1876<\/h4>\n\n\n\n<p><strong>Otras noticias<\/strong><\/p>\n\n\n\n<ul>\n<li><a href=\"https:\/\/eldienteroto.org\/wp49\/fermin-toro\/\" target=\"_blank\" rel=\"noopener\">Ferm\u00edn Toro<\/a> es exaltado al Pante\u00f3n Nacional<\/li>\n<\/ul>\n\n\n\n<h4 class=\"wp-block-heading\">1877<\/h4>\n\n\n\n<p><strong>Publicaciones<\/strong><\/p>\n\n\n\n<ul>\n<li>Juan Antonio P\u00e9rez Bonalde: <a href=\"https:\/\/eldienteroto.org\/wp49\/vuelta-a-la-patria\/\" target=\"_blank\" rel=\"noopener\"><em>Vuelta a la patria<\/em><\/a><\/li>\n<\/ul>\n\n\n\n<h4 class=\"wp-block-heading\">1879<\/h4>\n\n\n\n<p><strong>Nacimientos<\/strong><\/p>\n\n\n\n<ul>\n<li><a href=\"https:\/\/eldienteroto.org\/wp49\/rafael-de-nogales-mendez\/\" target=\"_blank\" rel=\"noopener\">Rafael de Nogales M\u00e9ndez<\/a> (14 de octubre)<\/li>\n<\/ul>\n\n\n\n<h4 class=\"wp-block-heading\">1880<\/h4>\n\n\n\n<p><strong>Nacimientos<\/strong><\/p>\n\n\n\n<ul>\n<li><a rel=\"noreferrer noopener\" href=\"https:\/\/eldienteroto.org\/wp49\/gabriel-picon-febres\/\" target=\"_blank\">Gabriel Pic\u00f3n Febres<\/a> (27 de febrero)<\/li>\n<\/ul>\n\n\n\n<p><strong>Publicaciones<\/strong><\/p>\n\n\n\n<ul>\n<li>Jos\u00e9 Gil Fortoul: <em>Infancia de mi musa<\/em><\/li>\n\n\n\n<li>Juan Antonio P\u00e9rez Bonalde: <a href=\"https:\/\/eldienteroto.org\/wp49\/ritmos-de-perez-bonalde\/\" target=\"_blank\" rel=\"noopener\"><em>Ritmos<\/em><\/a><\/li>\n<\/ul>\n\n\n\n<h4 class=\"wp-block-heading\">1881<\/h4>\n\n\n\n<p><strong>Fallecimientos<\/strong><\/p>\n\n\n\n<ul>\n<li>Cecilio Acosta (08 de julio)<\/li>\n\n\n\n<li><a href=\"https:\/\/eldienteroto.org\/wp49\/jose-ramon-yepes\/\" target=\"_blank\" rel=\"noopener\">Jos\u00e9 Ram\u00f3n Yepes<\/a> (22 de agosto)<\/li>\n<\/ul>\n\n\n\n<p><strong>Otras noticias<\/strong><\/p>\n\n\n\n<ul>\n<li>Inauguraci\u00f3n del teatro Guzm\u00e1n Blanco<\/li>\n<\/ul>\n\n\n\n<h4 class=\"wp-block-heading\">1882<\/h4>\n\n\n\n<p><strong>Publicaciones<\/strong><\/p>\n\n\n\n<ul>\n<li>Eduardo Blanco: <i>Z\u00e1rate<\/i><\/li>\n<\/ul>\n\n\n\n<p><strong>Otras noticias<\/strong><\/p>\n\n\n\n<ul>\n<li>Primer n\u00famero de la revista <i>Lira Venezolana<\/i>, fundada por Salvador Narciso Llamozas<\/li>\n<\/ul>\n\n\n\n<h4 class=\"wp-block-heading\">1883<\/h4>\n\n\n\n<p><strong>Nacimientos<\/strong><\/p>\n\n\n\n<ul>\n<li><a href=\"https:\/\/eldienteroto.org\/wp49\/alfredo-arvelo-larriva\/\" target=\"_blank\" rel=\"noopener\">Alfredo Arvelo Larriva<\/a> (25 de mayo)<\/li>\n<\/ul>\n\n\n\n<p><strong>Publicaciones<\/strong><\/p>\n\n\n\n<ul>\n<li>Ram\u00f3n de la Plaza<i>: Ensayo sobre el arte en Venezuela<\/i>,<\/li>\n<\/ul>\n\n\n\n<p><strong>Otras noticias<\/strong><\/p>\n\n\n\n<ul>\n<li>Se inagura el Teatro Baralt<\/li>\n\n\n\n<li>Decreto de creaci\u00f3n de la Academia Venezolana de la Lengua<\/li>\n<\/ul>\n\n\n\n<h4 class=\"wp-block-heading\">1884<\/h4>\n\n\n\n<p><strong>Nacimientos<\/strong><\/p>\n\n\n\n<ul>\n<li><a href=\"https:\/\/eldienteroto.org\/wp49\/gallegos-romulo\/\" target=\"_blank\" rel=\"noopener\">R\u00f3mulo Gallegos<\/a> (02 de agosto)<\/li>\n\n\n\n<li><a href=\"https:\/\/eldienteroto.org\/wp49\/jesus-semprum\/\" target=\"_blank\" rel=\"noopener\">Jes\u00fas Semprum<\/a> (25 de septiembre)<\/li>\n\n\n\n<li><a href=\"https:\/\/eldienteroto.org\/wp49\/rafael-bolivar-coronado-2\/\" target=\"_blank\" rel=\"noopener\">Rafael Bol\u00edvar Coronado<\/a><\/li>\n<\/ul>\n\n\n\n<p><strong>Publicaciones<\/strong><\/p>\n\n\n\n<ul>\n<li>Tom\u00e1s Michelena: <i>D\u00e9bora<\/i><\/li>\n\n\n\n<li>Antonio Ros de Olano: <em>Episodios militares<\/em><\/li>\n<\/ul>\n\n\n\n<h4 class=\"wp-block-heading\">1885<\/h4>\n\n\n\n<p><strong>Nacimientos<\/strong><\/p>\n\n\n\n<ul>\n<li><a href=\"https:\/\/eldienteroto.org\/wp49\/rafael-guinand\/\" target=\"_blank\" rel=\"noopener\">Rafael Guinand<\/a> (12 de marzo)<\/li>\n\n\n\n<li><a rel=\"noopener\" href=\"https:\/\/eldienteroto.org\/wp49\/julio-horacio-rosales-echeverria\/\" target=\"_blank\">Julio Rosales<\/a> (14 de febrero)<\/li>\n\n\n\n<li><a href=\"https:\/\/eldienteroto.org\/wp49\/julio-planchart-loynaz\/\" target=\"_blank\" rel=\"noreferrer noopener\">Julio Planchart<\/a> (30 de mayo)<\/li>\n<\/ul>\n\n\n\n<p><strong>Publicaciones<\/strong><\/p>\n\n\n\n<ul>\n<li>Zulima: <a href=\"https:\/\/eldienteroto.org\/wp49\/zulima-novelas\/\" target=\"_blank\" rel=\"noopener\"><em>El medall\u00f3n<\/em><\/a><\/li>\n<\/ul>\n\n\n\n<p><strong>Otras noticias<\/strong><\/p>\n\n\n\n<ul>\n<li>Tiene lugar el episodio conocido como la <a href=\"https:\/\/eldienteroto.org\/wp49\/la-delpiniada-y-otros-temas\/\" target=\"_blank\" rel=\"noopener\">Delpinada<\/a> o Delpiniada (14 de marzo)<\/li>\n<\/ul>\n\n\n\n<h4 class=\"wp-block-heading\">1886<\/h4>\n\n\n\n<p><strong>Nacimientos<\/strong><\/p>\n\n\n\n<ul>\n<li><a href=\"https:\/\/eldienteroto.org\/wp49\/enriqueta-arvelo-larriva\/\" target=\"_blank\" rel=\"noopener\">Enriqueta Arvelo Larriva <\/a> (22 de marzo)<\/li>\n\n\n\n<li><a href=\"https:\/\/eldienteroto.org\/wp49\/salustio-gonzalez-rincones\/\" target=\"_blank\" rel=\"noopener\">Salustio Gonz\u00e1lez Rincones<\/a> (01 de junio)<\/li>\n\n\n\n<li><a href=\"https:\/\/eldienteroto.org\/wp49\/henrique-soublette\/\" target=\"_blank\" rel=\"noopener\">Henrique Soublete<\/a><\/li>\n<\/ul>\n\n\n\n<p><strong>Publicaciones<\/strong><\/p>\n\n\n\n<ul>\n<li>Antonio Ros de Olano: <em>Poes\u00edas<\/em><\/li>\n\n\n\n<li>Jos\u00e9 Gil Fortoul: <em>Recuerdos de Par\u00eds<\/em><\/li>\n<\/ul>\n\n\n\n<p><strong>Fallecimientos<\/strong><\/p>\n\n\n\n<ul>\n<li><a href=\"https:\/\/eldienteroto.org\/wp49\/ros-de-olano\/\" target=\"_blank\" rel=\"noopener\">Antonio Ros de Olano<\/a> (24 de julio)<\/li>\n<\/ul>\n\n\n\n<h4 class=\"wp-block-heading\">1888<\/h4>\n\n\n\n<p><strong>Nacimientos<\/strong><\/p>\n\n\n\n<ul>\n<li><a href=\"https:\/\/eldienteroto.org\/wp49\/leoncio-martinez\/\" target=\"_blank\" rel=\"noopener\">Leoncio Mart\u00ednez<\/a> (22 de diciembre)<\/li>\n<\/ul>\n\n\n\n<p><strong>Publicaciones<\/strong><\/p>\n\n\n\n<ul>\n<li>Andr\u00e9s Silva: <i>Cuentos y tradiciones<\/i>, primer libro de cuentos venezolano.<\/li>\n\n\n\n<li>Jos\u00e9 Gil Fortoul: <em><a href=\"https:\/\/eldienteroto.org\/wp49\/julian\/\">Juli\u00e1n<\/a><\/em><\/li>\n<\/ul>\n\n\n\n<p><strong>Otras noticias<\/strong><\/p>\n\n\n\n<ul>\n<li>En Ciudad Bol\u00edvar, Concepci\u00f3n Acevedo de Taylhardat, poeta, periodista y educadora, funda el peri\u00f3dico literario <i>Brisas del Orinoco<\/i><\/li>\n<\/ul>\n\n\n\n<h4 class=\"wp-block-heading\">1889<\/h4>\n\n\n\n<p><strong>Nacimientos<\/strong><\/p>\n\n\n\n<ul>\n<li><a href=\"https:\/\/eldienteroto.org\/wp49\/teresa-de-la-parra\/\" target=\"_blank\" rel=\"noopener\">Teresa de la Parra<\/a> (5 de octubre)<\/li>\n\n\n\n<li><a href=\"https:\/\/eldienteroto.org\/wp49\/pocaterra-jose-rafael\/\" target=\"_blank\" rel=\"noopener\">Jos\u00e9 Rafael Pocaterra<\/a> (18 de diciembre)<\/li>\n\n\n\n<li><a href=\"https:\/\/eldienteroto.org\/wp49\/job-pim\/\" target=\"_blank\" rel=\"noopener\">Francisco Pimentel<\/a> <em>Job Pim <\/em>(01 de septiembre)<\/li>\n<\/ul>\n\n\n\n<p><strong>Publicaciones<\/strong><\/p>\n\n\n\n<ul>\n<li>Zulima: <a href=\"https:\/\/eldienteroto.org\/wp49\/un-crimen-misterioso\/\" target=\"_blank\" rel=\"noreferrer noopener\"><em>Un crimen misterioso<\/em><\/a><\/li>\n<\/ul>\n\n\n\n<h4 class=\"wp-block-heading\">1890<\/h4>\n\n\n\n<p><strong>Nacimientos<\/strong><\/p>\n\n\n\n<ul>\n<li><a rel=\"noopener\" href=\"https:\/\/eldienteroto.org\/wp49\/jose-antonio-ramos-sucre\/\" target=\"_blank\">Jos\u00e9 Antonio Ramos Sucre<\/a> (09 de junio)<\/li>\n\n\n\n<li><a href=\"https:\/\/eldienteroto.org\/wp49\/jorge-schmidke\/\" target=\"_blank\" rel=\"noreferrer noopener\">Jorge Schmidke<\/a><\/li>\n<\/ul>\n\n\n\n<p><strong>Publicaciones<\/strong><\/p>\n\n\n\n<ul>\n<li>Ar\u00edstides Rojas:<em><strong> <a class=\"row-title\" href=\"https:\/\/eldienteroto.org\/wp49\/leyendas-historicas\/\" target=\"_blank\" rel=\"noopener\" aria-label=\"\u00abLeyendas hist\u00f3ricas de Venezuela\u00bb (Editar)\">Leyendas hist\u00f3ricas de Venezuela<\/a><\/strong><\/em><\/li>\n<\/ul>\n\n\n\n<h4 class=\"wp-block-heading\">1891<\/h4>\n\n\n\n<p><strong>Publicaciones<\/strong><\/p>\n\n\n\n<ul>\n<li>Ar\u00edstides Rojas: <em><a href=\"https:\/\/eldienteroto.org\/wp49\/origenes-venezolanos\/\" target=\"_blank\" rel=\"noopener\">Or\u00edgenes venezolanos<\/a><\/em><\/li>\n<\/ul>\n\n\n\n<h4 class=\"wp-block-heading\">1892<\/h4>\n\n\n\n<p><strong>Nacimientos<\/strong><\/p>\n\n\n\n<ul>\n<li><a rel=\"noopener\" href=\"https:\/\/eldienteroto.org\/wp49\/salmeron-acosta\/\" target=\"_blank\">Cruz Salmer\u00f3n Acosta<\/a> (03 de enero)<\/li>\n\n\n\n<li>Luisa del Valle Silva (08 de enero)<\/li>\n\n\n\n<li><a rel=\"noreferrer noopener\" href=\"https:\/\/eldienteroto.org\/wp49\/jesus-enrique-lossada\/\" target=\"_blank\">Jes\u00fas Enrique Lossada<\/a> (15 de julio)<\/li>\n<\/ul>\n\n\n\n<p><strong>Publicaciones<\/strong><\/p>\n\n\n\n<ul>\n<li>Julio Calca\u00f1o: <em>El Parnaso venezolano<\/em><\/li>\n\n\n\n<li>Jos\u00e9 Gil Fortoul: <em>\u00bfIdilio?<\/em><\/li>\n<\/ul>\n\n\n\n<p><strong>Fallecimientos<\/strong><\/p>\n\n\n\n<ul>\n<li><a href=\"https:\/\/eldienteroto.org\/wp49\/juan-antonio-perez-bonalde\/\" target=\"_blank\" rel=\"noopener\">Juan Antonio P\u00e9rez Bonalde<\/a> (04 de octubre)<\/li>\n<\/ul>\n\n\n\n<p><strong>Otras noticias<\/strong><\/p>\n\n\n\n<ul>\n<li>Aparece el primer n\u00famero de <em>El cojo ilustrado<\/em><\/li>\n<\/ul>\n\n\n\n<h4 class=\"wp-block-heading\">1893<\/h4>\n\n\n\n<p><strong>Nacimientos<\/strong><\/p>\n\n\n\n<ul>\n<li><a href=\"https:\/\/eldienteroto.org\/wp49\/fernando-paz-castillo\/\" target=\"_blank\" rel=\"noopener\">Fernando Paz Castillo<\/a> (11 de abril)<\/li>\n<\/ul>\n\n\n\n<p><strong>Publicaciones<\/strong><\/p>\n\n\n\n<ul>\n<li>Gonzalo Pic\u00f3n Febres: <em>Cal\u00e9ndulas y Fidelia<\/em><\/li>\n<\/ul>\n\n\n\n<h4 class=\"wp-block-heading\">1894<\/h4>\n\n\n\n<p><strong>Nacimientos<\/strong><\/p>\n\n\n\n<ul>\n<li><a rel=\"noreferrer noopener\" href=\"https:\/\/eldienteroto.org\/wp49\/enrique-planchart-loynaz\/\" target=\"_blank\">Enrique Planchart<\/a> (10 de marzo)<\/li>\n<\/ul>\n\n\n\n<p><strong>Fallecimientos<\/strong><\/p>\n\n\n\n<ul>\n<li><a href=\"https:\/\/eldienteroto.org\/wp49\/aristides-rojas\/\" target=\"_blank\" rel=\"noopener\">Ar\u00edstides Rojas<\/a> (04 de marzo)<\/li>\n<\/ul>\n\n\n\n<p><strong>Otras noticias<\/strong><\/p>\n\n\n\n<ul>\n<li>Pedro C\u00e9sar Dom\u00ednici, Luis Manuel Urbaneja Achelpohl y Pedro Emilio Coll fundan la revista <em>Cosm\u00f3polis<\/em><\/li>\n<\/ul>\n\n\n\n<h4 class=\"wp-block-heading\">1895<\/h4>\n\n\n\n<p><strong>Nacimientos<\/strong><\/p>\n\n\n\n<ul>\n<li><a href=\"https:\/\/eldienteroto.org\/wp49\/enrique-bernardo-nunez\/\" target=\"_blank\" rel=\"noopener\">Enrique Bernardo N\u00fa\u00f1ez<\/a> (20 de mayo)<\/li>\n<\/ul>\n\n\n\n<p><strong>Publicaciones<\/strong><\/p>\n\n\n\n<ul>\n<li>Jos\u00e9 Gil Fortoul: <a href=\"https:\/\/eldienteroto.org\/wp49\/pasiones-capitulo-i\/\" target=\"_blank\" rel=\"noreferrer noopener\">Pasiones<\/a><\/li>\n\n\n\n<li>Abelardo Gorrochotegui: <em>Aramare<\/em><\/li>\n\n\n\n<li>Gonzalo Pic\u00f3n Febres: <em>Claveles encarnados y amarillos<\/em><\/li>\n\n\n\n<li>La Asociaci\u00f3n Venezolana de Literatura, Ciencias y Bellas Artes publica el <em>Primer libro venezolano de literatura, ciencias y bellas artes<\/em><\/li>\n<\/ul>\n\n\n\n<h4 class=\"wp-block-heading\">1896<\/h4>\n\n\n\n<p><strong>Nacimientos<\/strong><\/p>\n\n\n\n<ul>\n<li><a href=\"https:\/\/eldienteroto.org\/wp49\/luisa-del-valle-silva\/\" target=\"_blank\" rel=\"noreferrer noopener\">Luisa del Valle Silva<\/a> (08 de enero)<\/li>\n\n\n\n<li><a rel=\"noopener\" href=\"https:\/\/eldienteroto.org\/wp49\/blanco-andres-eloy\/\" target=\"_blank\">Andr\u00e9s Eloy Blanco<\/a> (06 de agosto)<\/li>\n\n\n\n<li><a href=\"https:\/\/eldienteroto.org\/wp49\/pepe-aleman\/\" target=\"_blank\" rel=\"noreferrer noopener\">Pepe Alem\u00e1n<\/a><\/li>\n<\/ul>\n\n\n\n<p><strong>Publicacions<\/strong><\/p>\n\n\n\n<ul>\n<li>Manuel D\u00edaz Rodr\u00edguez: <em><a href=\"https:\/\/eldienteroto.org\/wp49\/confidencias-de-psiquis\/\" target=\"_blank\" rel=\"noreferrer noopener\">Confidencias de Psiquis<\/a><\/em><\/li>\n\n\n\n<li>Pedro Emilio Coll: <em>Palabras<\/em><\/li>\n\n\n\n<li>Zulima: <a href=\"https:\/\/eldienteroto.org\/wp49\/zulima-novelas\/\" target=\"_blank\" rel=\"noopener\"><em>Blanca o Consecuencias de la vanidad<\/em><\/a><\/li>\n<\/ul>\n\n\n\n<h4 class=\"wp-block-heading\">1897<\/h4>\n\n\n\n<p><strong>Nacimientos<\/strong><\/p>\n\n\n\n<ul>\n<li><a href=\"https:\/\/eldienteroto.org\/wp49\/augusto-mijares\/\" target=\"_blank\" rel=\"noopener\">Augusto Mijares<\/a> (12 de noviembre)<\/li>\n\n\n\n<li><a href=\"https:\/\/eldienteroto.org\/wp49\/luis-enrique-marmol\/\" target=\"_blank\" rel=\"noopener\">Luis Enrique M\u00e1rmol<\/a> (21 de agosto)<\/li>\n\n\n\n<li><a href=\"https:\/\/eldienteroto.org\/wp49\/mario-briceno-iragorry\/\" target=\"_blank\" rel=\"noopener\">Mario Brice\u00f1o Iragorry<\/a> (15 de septiembre)<\/li>\n\n\n\n<li><a href=\"https:\/\/eldienteroto.org\/wp49\/felix-armando-nunez\/\" target=\"_blank\" rel=\"noopener\">F\u00e9lix Armando N\u00fa\u00f1ez<\/a> (28 de noviembre)<\/li>\n<\/ul>\n\n\n\n<p><strong>Publicaciones<\/strong><\/p>\n\n\n\n<ul>\n<li>Julio Calca\u00f1o: <em>El castellano en Venezuela<\/em><\/li>\n\n\n\n<li>V\u00edctor Racamonde: <em>Mis versos<\/em><\/li>\n<\/ul>\n\n\n\n<h4 class=\"wp-block-heading\">1898<\/h4>\n\n\n\n<p><strong>Nacimientos<\/strong><\/p>\n\n\n\n<ul>\n<li><a rel=\"noopener\" href=\"https:\/\/eldienteroto.org\/wp49\/julio-garmendia\/\" target=\"_blank\">Julio Garmendia <\/a> (09 de enero)<\/li>\n\n\n\n<li><a rel=\"noreferrer noopener\" href=\"https:\/\/eldienteroto.org\/wp49\/rafael-angarita-arvelo\/\" target=\"_blank\">Rafael Angarita Arvelo<\/a> (04 de abril)<\/li>\n\n\n\n<li><a href=\"https:\/\/eldienteroto.org\/wp49\/rodolfo-moleiro\/\" target=\"_blank\" rel=\"noopener\">Rodolfo Moleiro<\/a> (04 de septiembre)<\/li>\n<\/ul>\n\n\n\n<p><strong>Publicaciones<\/strong><\/p>\n\n\n\n<ul>\n<li>Rufino Blanco Fombona: <em>Trovadores y trovas<\/em><\/li>\n<\/ul>\n\n\n\n<p><strong>Otras noticias<\/strong><\/p>\n\n\n\n<ul>\n<li><strong>El Cojo Ilustrado<\/strong> promueve su Primer Concurso de Cuentos. Adem\u00e1s, la revista publica <em>Cuentos de color<\/em>, de Manuel D\u00edaz Rodr\u00edguez.<\/li>\n<\/ul>\n\n\n\n<h4 class=\"wp-block-heading\">1899<\/h4>\n\n\n\n<p><strong>Publicaciones<\/strong><\/p>\n\n\n\n<ul>\n<li>Gonzalo Pic\u00f3n Febres: <a href=\"https:\/\/eldienteroto.org\/wp49\/el-sargento-felipe\/\" target=\"_blank\" rel=\"noopener\"><em>El sargento Felipe<\/em><\/a><\/li>\n<\/ul>\n\n\n\n<h4 class=\"wp-block-heading\"><strong>1900<\/strong><\/h4>\n\n\n\n<p><strong>Nacimientos<\/strong><\/p>\n\n\n\n<ul>\n<li><a rel=\"noreferrer noopener\" href=\"https:\/\/eldienteroto.org\/wp49\/angel-miguel-queremel\/\" target=\"_blank\">\u00c1ngel Miguel Queremel<\/a><\/li>\n\n\n\n<li><a href=\"https:\/\/eldienteroto.org\/wp49\/carmen-clemente-travieso\/\" target=\"_blank\" rel=\"noreferrer noopener\">Carmen Clemente Travieso<\/a> (24 de julio)<\/li>\n\n\n\n<li><a href=\"https:\/\/eldienteroto.org\/wp49\/jose-ramon-heredia\/\" target=\"_blank\" rel=\"noopener\">Jos\u00e9 Ram\u00f3n Heredia<\/a> (10 de noviembre)<\/li>\n<\/ul>\n\n\n\n<p><strong>Publicaciones<\/strong><\/p>\n\n\n\n<ul>\n<li>Miguel S\u00e1nchez Pesquera: <em>Sonetos<\/em><\/li>\n\n\n\n<li>Rufino Blanco Fombona: <em>Cuentos de poeta<\/em><\/li>\n<\/ul>\n\n\n\n<p><strong>Fallecimientos<\/strong><\/p>\n\n\n\n<ul>\n<li><a href=\"https:\/\/eldienteroto.org\/wp49\/rafael-bolivar\/\" target=\"_blank\" rel=\"noopener\">Rafael Bol\u00edvar<\/a> (17 de mayo)<\/li>\n<\/ul>\n","protected":false},"excerpt":{"rendered":"<p>1851 Canto f\u00fanebre de Jos\u00e9 Antonio Mait\u00edn 1853 Publicaciones 1854 Hecatonfon\u00eda de Ferm\u00edn Toro. 1855 Se estrena Don Fadrique, Gran Maestre de Santiago, de Heraclio Mart\u00edn de la Guardia. 1856 Cecilio Acosta: Cosas sabidas y por saberse 1859 Nace Rafael Bol\u00edvar (7 de octubre) 1860 Nacimientos Publicaciones Fallecimientos 1861 Nacimientos 1863 Publicaciones: 1864 1865 Nacimientos [&hellip;]<\/p>\n","protected":false},"author":6,"featured_media":0,"parent":0,"menu_order":0,"comment_status":"closed","ping_status":"closed","template":"","meta":{"_monsterinsights_skip_tracking":false,"_monsterinsights_sitenote_active":false,"_monsterinsights_sitenote_note":"","_monsterinsights_sitenote_category":0,"footnotes":""},"_links":{"self":[{"href":"https:\/\/eldienteroto.org\/wp49\/wp-json\/wp\/v2\/pages\/5299"}],"collection":[{"href":"https:\/\/eldienteroto.org\/wp49\/wp-json\/wp\/v2\/pages"}],"about":[{"href":"https:\/\/eldienteroto.org\/wp49\/wp-json\/wp\/v2\/types\/page"}],"author":[{"embeddable":true,"href":"https:\/\/eldienteroto.org\/wp49\/wp-json\/wp\/v2\/users\/6"}],"replies":[{"embeddable":true,"href":"https:\/\/eldienteroto.org\/wp49\/wp-json\/wp\/v2\/comments?post=5299"}],"version-history":[{"count":72,"href":"https:\/\/eldienteroto.org\/wp49\/wp-json\/wp\/v2\/pages\/5299\/revisions"}],"predecessor-version":[{"id":17956,"href":"https:\/\/eldienteroto.org\/wp49\/wp-json\/wp\/v2\/pages\/5299\/revisions\/17956"}],"wp:attachment":[{"href":"https:\/\/eldienteroto.org\/wp49\/wp-json\/wp\/v2\/media?parent=5299"}],"curies":[{"name":"wp","href":"https:\/\/api.w.org\/{rel}","templated":true}]}}