{"id":5297,"date":"2022-07-19T13:58:57","date_gmt":"2022-07-19T13:58:57","guid":{"rendered":"https:\/\/eldienteroto.org\/wp49\/?page_id=5297"},"modified":"2025-03-10T20:07:10","modified_gmt":"2025-03-11T00:37:10","slug":"siglo-xix-primera-mitad","status":"publish","type":"page","link":"https:\/\/eldienteroto.org\/wp49\/siglo-xix-primera-mitad\/","title":{"rendered":"Siglo XIX (primera mitad)"},"content":{"rendered":"\n<h4 class=\"wp-block-heading\">1804<\/h4>\n\n\n\n<p><strong>Nacimientos<\/strong><\/p>\n\n\n\n<ul>\n<li><a href=\"https:\/\/eldienteroto.org\/wp49\/jose-antonio-maitin\/\" target=\"_blank\" rel=\"noopener\">Jos\u00e9 Antonio Mait\u00edn<\/a> (21 de octubre)<\/li>\n<\/ul>\n\n\n\n<p><strong>Publicaciones<\/strong><\/p>\n\n\n\n<ul>\n<li>Andr\u00e9s Bello escribe la pieza teatral <i>Venezuela consolada<\/i><\/li>\n<\/ul>\n\n\n\n<h4 class=\"wp-block-heading\">1806<\/h4>\n\n\n\n<ul>\n<li>Probable nacimiento de <a href=\"https:\/\/eldienteroto.org\/wp49\/fermin-toro\/\" target=\"_blank\" rel=\"noopener\">Ferm\u00edn Toro<\/a> (14 de julio)<\/li>\n<\/ul>\n\n\n\n<h4 class=\"wp-block-heading\">1808<\/h4>\n\n\n\n<p><strong>Nacimientos<\/strong><\/p>\n\n\n\n<ul>\n<li><a href=\"https:\/\/eldienteroto.org\/wp49\/ros-de-olano\/\" target=\"_blank\" rel=\"noopener\">Antonio Ros de Olano<\/a> (09 de noviembre)<\/li>\n<\/ul>\n\n\n\n<p><strong>Publicaciones<\/strong><\/p>\n\n\n\n<ul>\n<li>Circula el primer n\u00famero de la <i>Gazeta de Caracas<\/i><\/li>\n<\/ul>\n\n\n\n<p><strong>Otras noticias<\/strong><\/p>\n\n\n\n<ul>\n<li>Andr\u00e9s Bello estrena su segunda obra para teatro: <i>La Espa\u00f1a Restaurada<\/i>.<\/li>\n<\/ul>\n\n\n\n<h4 class=\"wp-block-heading\">1810<\/h4>\n\n\n\n<p><strong>Nacimientos<\/strong><\/p>\n\n\n\n<ul>\n<li><a href=\"https:\/\/eldienteroto.org\/wp49\/jv-gonzalez\/\" target=\"_blank\" rel=\"noopener\">Juan Vicente Gonz\u00e1lez<\/a> (28 de mayo)<\/li>\n\n\n\n<li><a href=\"https:\/\/eldienteroto.org\/wp49\/rafael-maria-baralt\/\" target=\"_blank\" rel=\"noopener\">Rafael Mar\u00eda Baralt<\/a> (03 de julio)<\/li>\n<\/ul>\n\n\n\n<h4 class=\"wp-block-heading\">1816<\/h4>\n\n\n\n<p>Muere <a href=\"https:\/\/eldienteroto.org\/wp49\/francisco-miranda\/\" target=\"_blank\" rel=\"noopener\">Francisco de Miranda<\/a> (14 de julio)<\/p>\n\n\n\n<h4 class=\"wp-block-heading\">1818<\/h4>\n\n\n\n<p>Nace Cecilio Acosta (01 de febrero)<\/p>\n\n\n\n<h4 class=\"wp-block-heading\">1821<\/h4>\n\n\n\n<p>Nace Abiga\u00edl Lozano (25 de mayo)<\/p>\n\n\n\n<h4 class=\"wp-block-heading\">1822<\/h4>\n\n\n\n<p>Sim\u00f3n Bol\u00edvar escribe <i>Mi delirio sobre El Chimborazo<\/i><\/p>\n\n\n\n<p>Nace <a href=\"https:\/\/eldienteroto.org\/wp49\/jose-ramon-yepes\/\" target=\"_blank\" rel=\"noopener\">Jos\u00e9 Ram\u00f3n Yepes<\/a> (09 de diciembre)<\/p>\n\n\n\n<h4 class=\"wp-block-heading\">1823<\/h4>\n\n\n\n<p><strong>Nacimientos<\/strong><\/p>\n\n\n\n<ul>\n<li><a href=\"https:\/\/eldienteroto.org\/wp49\/daniel-mendoza\/\" target=\"_blank\" rel=\"noopener\">Daniel Mendoza<\/a> (13 de mayo)<\/li>\n\n\n\n<li><a href=\"https:\/\/eldienteroto.org\/wp49\/abigail-lozano\/\">Abiga\u00edl Lozano<\/a> (25 de mayo)<\/li>\n<\/ul>\n\n\n\n<p><strong>Publicaciones<\/strong><\/p>\n\n\n\n<ul>\n<li>Andr\u00e9s Bello: <em>Alocuci\u00f3n a la poes\u00eda<\/em><\/li>\n<\/ul>\n\n\n\n<h4 class=\"wp-block-heading\">1825<\/h4>\n\n\n\n<ul>\n<li>Nace Lina L\u00f3pez de Aramburu, mejor conocida como <a href=\"https:\/\/eldienteroto.org\/wp49\/zulima-lina-lopez-de-aramburu\/\" target=\"_blank\" rel=\"noreferrer noopener\">Zulima<\/a> (11 de agosto)<\/li>\n<\/ul>\n\n\n\n<h4 class=\"wp-block-heading\">1826<\/h4>\n\n\n\n<p><strong>Nacimientos<\/strong><\/p>\n\n\n\n<ul>\n<li><a href=\"https:\/\/eldienteroto.org\/wp49\/aristides-rojas\/\" target=\"_blank\" rel=\"noopener\">Ar\u00edstides Rojas <\/a>(05 de noviembre)<\/li>\n<\/ul>\n\n\n\n<p><strong>Publicaciones <\/strong><\/p>\n\n\n\n<ul>\n<li>Andr\u00e9s Bello: <em><a href=\"https:\/\/eldienteroto.org\/wp49\/silva-a-la-agricultura-de-la-zona-torrida\/\" target=\"_blank\" rel=\"noopener\">Silva a la agricultura de la zona t\u00f3rrida<\/a><\/em><\/li>\n<\/ul>\n\n\n\n<h4 class=\"wp-block-heading\">1828<\/h4>\n\n\n\n<p>Sim\u00f3n Rodr\u00edguez: <em>Sociedades americanas<\/em><\/p>\n\n\n\n<h4 class=\"wp-block-heading\">1829<\/h4>\n\n\n\n<p>Nace <a href=\"https:\/\/eldienteroto.org\/wp49\/juan-vicente-camacho\/\" target=\"_blank\" rel=\"noopener\">Juan Vicente Camacho<\/a> (08 de julio)<\/p>\n\n\n\n<h4 class=\"wp-block-heading\">1836<\/h4>\n\n\n\n<p>Nace <a href=\"https:\/\/eldienteroto.org\/wp49\/francisco-de-sales-perez\/\" target=\"_blank\" rel=\"noopener\">Francisco de Sales P\u00e9rez<\/a> (15 de mayo)<\/p>\n\n\n\n<h4 class=\"wp-block-heading\">1837<\/h4>\n\n\n\n<p>Se inicia la publicaci\u00f3n de <i>La Oliva<\/i>, primera revista literaria del pa\u00eds.<\/p>\n\n\n\n<h4 class=\"wp-block-heading\">1838<\/h4>\n\n\n\n<p><strong>Nacimientos<\/strong><\/p>\n\n\n\n<ul>\n<li><a href=\"https:\/\/eldienteroto.org\/wp49\/nicanor-bolet-peraza\/\" target=\"_blank\" rel=\"noopener\">Nicanor Bolet Peraza<\/a> (04 de junio)<\/li>\n\n\n\n<li><a href=\"https:\/\/eldienteroto.org\/wp49\/blanco-eduardo\/\" target=\"_blank\" rel=\"noopener\">Eduardo Blanco<\/a> (25 de diciembre)<\/li>\n<\/ul>\n\n\n\n<h4 class=\"wp-block-heading\">1839<\/h4>\n\n\n\n<p><strong>Publicaciones<\/strong><\/p>\n\n\n\n<ul>\n<li><i>Europa y Am\u00e9rica<\/i>, de Ferm\u00edn Toro, uno de los primeros ensayos sociol\u00f3gicos en Venezuela<\/li>\n\n\n\n<li>Circula el primer n\u00famero del semanario <i>Correo de Caracas<\/i><\/li>\n\n\n\n<li>Ferm\u00edn Toro, publica su cuento <a href=\"https:\/\/eldienteroto.org\/wp49\/dos-cuentos-de-fermin-toro\/\" target=\"_blank\" rel=\"noopener\"><em>La viuda de Corinto<\/em><\/a>, en el diario caraque\u00f1o <i>El Liberal<\/i>.<\/li>\n<\/ul>\n\n\n\n<p><strong>Otras noticias<\/strong><\/p>\n\n\n\n<ul>\n<li>El Congreso dicta una Ley sobre propiedad de las producciones literarias.<\/li>\n<\/ul>\n\n\n\n<h4 class=\"wp-block-heading\">1840<\/h4>\n\n\n\n<p><strong>Nacimientos<\/strong><\/p>\n\n\n\n<ul>\n<li><a href=\"https:\/\/eldienteroto.org\/wp49\/julio-calcano\/\" target=\"_blank\" rel=\"noopener\">Julio Calca\u00f1o<\/a> (04 de diciembre)<\/li>\n<\/ul>\n\n\n\n<p><strong>Publicaciones<\/strong><\/p>\n\n\n\n<ul>\n<li>Antonio Ros de Olano: <em><a href=\"https:\/\/eldienteroto.org\/wp49\/diablo-carga\/\" target=\"_blank\" rel=\"noreferrer noopener\">El diablo las carga<\/a><\/em><\/li>\n\n\n\n<li>Se redacta e imprime el peri\u00f3dico <i>La Antorcha Barinesa<\/i>.<\/li>\n\n\n\n<li>Se publica el <i>Compendio de la historia de Venezuela hasta 1812<\/i>, de Francisco Javier Yanes.<\/li>\n<\/ul>\n\n\n\n<p><strong>Otras noticias<\/strong><\/p>\n\n\n\n<ul>\n<li>Se funda en Maracaibo la Compa\u00f1\u00eda Dram\u00e1tica de Aficionados.<\/li>\n\n\n\n<li>Se instala en M\u00e9rida la primera litograf\u00eda.<\/li>\n<\/ul>\n\n\n\n<h4 class=\"wp-block-heading\">1841<\/h4>\n\n\n\n<p><strong>Publicaciones<\/strong><\/p>\n\n\n\n<ul>\n<li>Juan Vicente Gonz\u00e1lez: <em>Compendio de gram\u00e1tica castellana, seg\u00fan Salv\u00e1 y otros autores<\/em><\/li>\n<\/ul>\n\n\n\n<h4 class=\"wp-block-heading\">1842<\/h4>\n\n\n\n<p><strong>Publicaciones<\/strong><\/p>\n\n\n\n<ul>\n<li>Olegario Meneses publica en el peri\u00f3dico <i>Liceo venezolano<\/i> el primer ensayo cr\u00edtico que se conoce sobre la arquitectura de Caracas.<\/li>\n\n\n\n<li>Ferm\u00edn Toro publica la primera entrega de <a href=\"https:\/\/eldienteroto.org\/wp49\/los-martires\/\" target=\"_blank\" rel=\"noopener\"><i>Los m\u00e1rtires<\/i><\/a> en el peri\u00f3dico <i>El Liceo Venezolano<\/i><\/li>\n<\/ul>\n\n\n\n<h4 class=\"wp-block-heading\">1843<\/h4>\n\n\n\n<p><strong>Publicaciones<\/strong><\/p>\n\n\n\n<ul>\n<li>Juan Vicente Gonz\u00e1lez: <em>Elementos de ortolog\u00eda castellana<\/em><\/li>\n\n\n\n<li>Ferm\u00edn Toro: <i>Descripci\u00f3n de los honores f\u00fanebres consagrados a los restos del Libertador<\/i><\/li>\n\n\n\n<li><i>El Promotor<\/i>, primer peri\u00f3dico ilustrado del pa\u00eds<\/li>\n<\/ul>\n\n\n\n<h4 class=\"wp-block-heading\">1844<\/h4>\n\n\n\n<p><strong>Publicaciones<\/strong><\/p>\n\n\n\n<ul>\n<li>Se publica <i>C\u00edtara de Apure o melod\u00edas del desierto<\/i>, de Rafael Agostini, primera obra en versos publicada en libro en el pa\u00eds.<\/li>\n\n\n\n<li>Se publica desde el mes de noviembre el peri\u00f3dico literario <i>El \u00c1lbum<\/i><\/li>\n<\/ul>\n\n\n\n<h4 class=\"wp-block-heading\">1846<\/h4>\n\n\n\n<p><strong>Nacimientos <\/strong><\/p>\n\n\n\n<ul>\n<li><a href=\"https:\/\/eldienteroto.org\/wp49\/juan-antonio-perez-bonalde\/\" target=\"_blank\" rel=\"noopener\">Juan Antonio P\u00e9rez Bonalde<\/a> (30 de enero)<\/li>\n\n\n\n<li><a href=\"https:\/\/eldienteroto.org\/wp49\/felipe-tejera\/\" target=\"_blank\" rel=\"noopener\">Felipe Tejera<\/a> (25 de mayo)<\/li>\n<\/ul>\n","protected":false},"excerpt":{"rendered":"<p>1804 Nacimientos Publicaciones 1806 1808 Nacimientos Publicaciones Otras noticias 1810 Nacimientos 1816 Muere Francisco de Miranda (14 de julio) 1818 Nace Cecilio Acosta (01 de febrero) 1821 Nace Abiga\u00edl Lozano (25 de mayo) 1822 Sim\u00f3n Bol\u00edvar escribe Mi delirio sobre El Chimborazo Nace Jos\u00e9 Ram\u00f3n Yepes (09 de diciembre) 1823 Nacimientos Publicaciones 1825 1826 Nacimientos [&hellip;]<\/p>\n","protected":false},"author":6,"featured_media":0,"parent":0,"menu_order":0,"comment_status":"closed","ping_status":"closed","template":"","meta":{"_monsterinsights_skip_tracking":false,"_monsterinsights_sitenote_active":false,"_monsterinsights_sitenote_note":"","_monsterinsights_sitenote_category":0,"footnotes":""},"_links":{"self":[{"href":"https:\/\/eldienteroto.org\/wp49\/wp-json\/wp\/v2\/pages\/5297"}],"collection":[{"href":"https:\/\/eldienteroto.org\/wp49\/wp-json\/wp\/v2\/pages"}],"about":[{"href":"https:\/\/eldienteroto.org\/wp49\/wp-json\/wp\/v2\/types\/page"}],"author":[{"embeddable":true,"href":"https:\/\/eldienteroto.org\/wp49\/wp-json\/wp\/v2\/users\/6"}],"replies":[{"embeddable":true,"href":"https:\/\/eldienteroto.org\/wp49\/wp-json\/wp\/v2\/comments?post=5297"}],"version-history":[{"count":25,"href":"https:\/\/eldienteroto.org\/wp49\/wp-json\/wp\/v2\/pages\/5297\/revisions"}],"predecessor-version":[{"id":15452,"href":"https:\/\/eldienteroto.org\/wp49\/wp-json\/wp\/v2\/pages\/5297\/revisions\/15452"}],"wp:attachment":[{"href":"https:\/\/eldienteroto.org\/wp49\/wp-json\/wp\/v2\/media?parent=5297"}],"curies":[{"name":"wp","href":"https:\/\/api.w.org\/{rel}","templated":true}]}}