{"id":2804,"date":"2021-12-21T20:24:26","date_gmt":"2021-12-21T20:24:26","guid":{"rendered":"https:\/\/eldienteroto.org\/wp49\/?page_id=2804"},"modified":"2025-12-12T16:47:10","modified_gmt":"2025-12-12T21:17:10","slug":"z","status":"publish","type":"page","link":"https:\/\/eldienteroto.org\/wp49\/z\/","title":{"rendered":"Z"},"content":{"rendered":"\n<p><a href=\"https:\/\/eldienteroto.org\/wp49\/angela-zago\/\" target=\"_blank\" rel=\"noreferrer noopener\">Zago, \u00c1ngela<\/a><\/p>\n\n\n\n<p><a rel=\"noopener\" href=\"https:\/\/eldienteroto.org\/wp49\/gregroy-zambrano\/\" target=\"_blank\">Zambrano, Gregory<\/a><\/p>\n\n\n\n<p><a href=\"https:\/\/eldienteroto.org\/wp49\/simon-zambrano\/\" target=\"_blank\" rel=\"noopener\">Zambrano, Sim\u00f3n<\/a><\/p>\n\n\n\n<p><a href=\"https:\/\/eldienteroto.org\/wp49\/josefa-zambrano-espinosa\/\" target=\"_blank\" rel=\"noopener\">Zambrano Espinosa, Josefina<\/a><\/p>\n\n\n\n<p><a href=\"https:\/\/eldienteroto.org\/wp49\/francisco-zambrano-gomez\/\" target=\"_blank\" rel=\"noopener\">Zambrano G\u00f3mez, Francisco<\/a><\/p>\n\n\n\n<p><a href=\"https:\/\/eldienteroto.org\/wp49\/hernan-zamora\/\" target=\"_blank\" rel=\"noopener\">Zamora, Hern\u00e1n<\/a><\/p>\n\n\n\n<p><a href=\"https:\/\/eldienteroto.org\/wp49\/conociendo-a-rafael-zarraga\/\" target=\"_blank\" rel=\"noopener\">Z\u00e1rraga, Rafael<\/a><\/p>\n\n\n\n<p><a href=\"https:\/\/eldienteroto.org\/wp49\/zona-de-tolerancia\/\" target=\"_blank\" rel=\"noopener\">Zona de tolerancia<\/a><\/p>\n\n\n\n<p><a href=\"https:\/\/eldienteroto.org\/wp49\/zoo-anatomia-del-insecto\/\" target=\"_blank\" rel=\"noopener\">Zoo: anatom\u00eda del insecto<\/a><\/p>\n\n\n\n<p><a href=\"https:\/\/eldienteroto.org\/wp49\/slavko-zupcic\/\" target=\"_blank\" rel=\"noopener\">Zupcic, Slavko<\/a><\/p>\n","protected":false},"excerpt":{"rendered":"<p>Zago, \u00c1ngela Zambrano, Gregory Zambrano, Sim\u00f3n Zambrano Espinosa, Josefina Zambrano G\u00f3mez, Francisco Zamora, Hern\u00e1n Z\u00e1rraga, Rafael Zona de tolerancia Zoo: anatom\u00eda del insecto Zupcic, Slavko<\/p>\n","protected":false},"author":6,"featured_media":0,"parent":0,"menu_order":0,"comment_status":"closed","ping_status":"closed","template":"","meta":{"_monsterinsights_skip_tracking":false,"_monsterinsights_sitenote_active":false,"_monsterinsights_sitenote_note":"","_monsterinsights_sitenote_category":0,"footnotes":""},"_links":{"self":[{"href":"https:\/\/eldienteroto.org\/wp49\/wp-json\/wp\/v2\/pages\/2804"}],"collection":[{"href":"https:\/\/eldienteroto.org\/wp49\/wp-json\/wp\/v2\/pages"}],"about":[{"href":"https:\/\/eldienteroto.org\/wp49\/wp-json\/wp\/v2\/types\/page"}],"author":[{"embeddable":true,"href":"https:\/\/eldienteroto.org\/wp49\/wp-json\/wp\/v2\/users\/6"}],"replies":[{"embeddable":true,"href":"https:\/\/eldienteroto.org\/wp49\/wp-json\/wp\/v2\/comments?post=2804"}],"version-history":[{"count":12,"href":"https:\/\/eldienteroto.org\/wp49\/wp-json\/wp\/v2\/pages\/2804\/revisions"}],"predecessor-version":[{"id":18026,"href":"https:\/\/eldienteroto.org\/wp49\/wp-json\/wp\/v2\/pages\/2804\/revisions\/18026"}],"wp:attachment":[{"href":"https:\/\/eldienteroto.org\/wp49\/wp-json\/wp\/v2\/media?parent=2804"}],"curies":[{"name":"wp","href":"https:\/\/api.w.org\/{rel}","templated":true}]}}