{"id":2225,"date":"2021-11-03T21:25:07","date_gmt":"2021-11-03T21:25:07","guid":{"rendered":"https:\/\/eldienteroto.org\/wp49\/?page_id=2225"},"modified":"2025-06-17T19:21:19","modified_gmt":"2025-06-17T23:51:19","slug":"i","status":"publish","type":"page","link":"https:\/\/eldienteroto.org\/wp49\/i\/","title":{"rendered":"I"},"content":{"rendered":"\n<p><a href=\"https:\/\/eldienteroto.org\/wp49\/sael-ibanez\/\" target=\"_blank\" rel=\"noopener\">Ib\u00e1\u00f1ez, Sael<\/a><\/p>\n\n\n\n<p><a href=\"https:\/\/eldienteroto.org\/wp49\/idolos-rotos\/\" target=\"_blank\" rel=\"noopener\">\u00cddolos rotos<\/a><\/p>\n\n\n\n<p><a href=\"https:\/\/eldienteroto.org\/wp49\/ifigenia\/\" target=\"_blank\" rel=\"noopener\">Ifigenia<\/a><\/p>\n\n\n\n<p><a href=\"https:\/\/eldienteroto.org\/wp49\/wafi-salih\/_wp_link_placeholder\">im\u00e1genes de la ausent, Las<\/a><\/p>\n\n\n\n<p class=\"has-text-align-left\"><a href=\"https:\/\/eldienteroto.org\/wp49\/angel-gustavo-infante\/\" target=\"_blank\" rel=\"noopener\">Infante, \u00c1ngel Gustavo<\/a><\/p>\n\n\n\n<p><a rel=\"noopener\" href=\"https:\/\/eldienteroto.org\/wp49\/intemperie\/\" target=\"_blank\">Intemperie<\/a><\/p>\n\n\n\n<p><a href=\"https:\/\/eldienteroto.org\/wp49\/intima-obediencia\/\" target=\"_blank\" rel=\"noreferrer noopener\">\u00cdntima obediencia<\/a><\/p>\n\n\n\n<p><a rel=\"noopener\" href=\"https:\/\/eldienteroto.org\/wp49\/el-invencionero\/\" target=\"_blank\">Invencionero, el<\/a><\/p>\n\n\n\n<p><a rel=\"noreferrer noopener\" href=\"https:\/\/eldienteroto.org\/wp49\/inventario-para-un-nuevo-altar-2\/\" target=\"_blank\">Inventario para un nuevo altar<\/a><\/p>\n\n\n\n<p><a rel=\"noreferrer noopener\" href=\"https:\/\/eldienteroto.org\/wp49\/benito-irady\/\" target=\"_blank\">Irady, Benito<\/a><\/p>\n\n\n\n<p><a href=\"https:\/\/eldienteroto.org\/wp49\/la-isla-de-robinson\/\" target=\"_blank\" rel=\"noreferrer noopener\">isla de R\u00f3binson, La<\/a><\/p>\n\n\n\n<p><a href=\"https:\/\/eldienteroto.org\/wp49\/boris-izaguirre\/\" target=\"_blank\" rel=\"noopener\">Izaguirre, Boris<\/a><\/p>\n","protected":false},"excerpt":{"rendered":"<p>Ib\u00e1\u00f1ez, Sael \u00cddolos rotos Ifigenia im\u00e1genes de la ausent, Las Infante, \u00c1ngel Gustavo Intemperie \u00cdntima obediencia Invencionero, el Inventario para un nuevo altar Irady, Benito isla de R\u00f3binson, La Izaguirre, Boris<\/p>\n","protected":false},"author":6,"featured_media":0,"parent":0,"menu_order":0,"comment_status":"closed","ping_status":"closed","template":"","meta":{"_monsterinsights_skip_tracking":false,"_monsterinsights_sitenote_active":false,"_monsterinsights_sitenote_note":"","_monsterinsights_sitenote_category":0,"footnotes":""},"_links":{"self":[{"href":"https:\/\/eldienteroto.org\/wp49\/wp-json\/wp\/v2\/pages\/2225"}],"collection":[{"href":"https:\/\/eldienteroto.org\/wp49\/wp-json\/wp\/v2\/pages"}],"about":[{"href":"https:\/\/eldienteroto.org\/wp49\/wp-json\/wp\/v2\/types\/page"}],"author":[{"embeddable":true,"href":"https:\/\/eldienteroto.org\/wp49\/wp-json\/wp\/v2\/users\/6"}],"replies":[{"embeddable":true,"href":"https:\/\/eldienteroto.org\/wp49\/wp-json\/wp\/v2\/comments?post=2225"}],"version-history":[{"count":16,"href":"https:\/\/eldienteroto.org\/wp49\/wp-json\/wp\/v2\/pages\/2225\/revisions"}],"predecessor-version":[{"id":16484,"href":"https:\/\/eldienteroto.org\/wp49\/wp-json\/wp\/v2\/pages\/2225\/revisions\/16484"}],"wp:attachment":[{"href":"https:\/\/eldienteroto.org\/wp49\/wp-json\/wp\/v2\/media?parent=2225"}],"curies":[{"name":"wp","href":"https:\/\/api.w.org\/{rel}","templated":true}]}}