{"id":2212,"date":"2021-11-03T21:11:17","date_gmt":"2021-11-03T21:11:17","guid":{"rendered":"https:\/\/eldienteroto.org\/wp49\/?page_id=2212"},"modified":"2026-03-25T16:32:34","modified_gmt":"2026-03-25T21:02:34","slug":"t","status":"publish","type":"page","link":"https:\/\/eldienteroto.org\/wp49\/t\/","title":{"rendered":"T"},"content":{"rendered":"\n<p><a rel=\"noopener\" href=\"https:\/\/eldienteroto.org\/wp49\/mireya-tabuas\/\" target=\"_blank\">Tabuas, Mireya<\/a><\/p>\n\n\n\n<p><a href=\"https:\/\/eldienteroto.org\/wp49\/el-taller-blanco\/\" target=\"_blank\" rel=\"noreferrer noopener\">taller<\/a><a rel=\"noreferrer noopener\" href=\"https:\/\/eldienteroto.org\/wp49\/el-taller-blanco\/\" target=\"_blank\"> <\/a><a href=\"https:\/\/eldienteroto.org\/wp49\/el-taller-blanco\/\">blanco, El<\/a><\/p>\n\n\n\n<p><a rel=\"noreferrer noopener\" href=\"https:\/\/eldienteroto.org\/wp49\/tan-fuera-de-este-mundo\/\" target=\"_blank\">Tan fuera de este mundo<\/a><\/p>\n\n\n\n<p><a rel=\"noreferrer noopener\" href=\"https:\/\/eldienteroto.org\/wp49\/tanmatra-seleccion\/\" target=\"_blank\">Tanmatra<\/a><\/p>\n\n\n\n<p><a href=\"https:\/\/eldienteroto.org\/wp49\/la-tarea-del-testigo\/\" target=\"_blank\" rel=\"noopener\">tarea del testigo, La<\/a><\/p>\n\n\n\n<p><a href=\"https:\/\/eldienteroto.org\/wp49\/teatro-y-sociedad\/\">Teatro y sociedad<\/a><\/p>\n\n\n\n<p><a href=\"https:\/\/eldienteroto.org\/wp49\/felipe-tejera\/\" target=\"_blank\" rel=\"noopener\">Tejera, Felipe<\/a><\/p>\n\n\n\n<p><a href=\"https:\/\/eldienteroto.org\/wp49\/pedro-tellez\/\" target=\"_blank\" rel=\"noopener\">T\u00e9llez, Pedro<\/a><\/p>\n\n\n\n<p><a href=\"https:\/\/eldienteroto.org\/wp49\/temblor-pajaros\/\" target=\"_blank\" rel=\"noopener\">Temblor de p\u00e1jaros<\/a><\/p>\n\n\n\n<p><a rel=\"noopener\" href=\"https:\/\/eldienteroto.org\/wp49\/tentacion-carne\/\" target=\"_blank\">tentaci\u00f3n de la carne, La<\/a><\/p>\n\n\n\n<p><a href=\"https:\/\/eldienteroto.org\/wp49\/salvador-tenreiro\/\" target=\"_blank\" rel=\"noreferrer noopener\">Tenreiro, Salvador<\/a><\/p>\n\n\n\n<p><a href=\"https:\/\/eldienteroto.org\/wp49\/tiempo-de-tormentas\/\">Tiempo de tormentas<\/a><\/p>\n\n\n\n<p><a href=\"https:\/\/eldienteroto.org\/wp49\/tiempos-del-incendio\/\" target=\"_blank\" rel=\"noopener\">Tiempos del incendio<\/a><\/p>\n\n\n\n<p><a href=\"https:\/\/eldienteroto.org\/wp49\/todos-los-cuentos\/\" target=\"_blank\" rel=\"noopener\">Tienda de mu\u00f1ecos, la<\/a><\/p>\n\n\n\n<p><a href=\"https:\/\/eldienteroto.org\/wp49\/tierra-bajo-los-pies\/\" target=\"_blank\" rel=\"noopener\">Tierra bajo los pies<\/a><\/p>\n\n\n\n<p><a href=\"https:\/\/eldienteroto.org\/wp49\/tierra-talada\/\" target=\"_blank\" rel=\"noopener\">Tierra talada<\/a><\/p>\n\n\n\n<p><a href=\"https:\/\/eldienteroto.org\/wp49\/tio-conejo\/\" target=\"_blank\" rel=\"noopener\">T\u00edo Tigre y T\u00edo Conejo<\/a><\/p>\n\n\n\n<p><a href=\"https:\/\/eldienteroto.org\/wp49\/todo-un-pueblo\/\" target=\"_blank\" rel=\"noopener\">Todo un pueblo<\/a><\/p>\n\n\n\n<p><a href=\"https:\/\/eldienteroto.org\/wp49\/los-topos\/\" target=\"_blank\" rel=\"noopener\">Topos, Los<\/a><\/p>\n\n\n\n<p><a href=\"https:\/\/eldienteroto.org\/wp49\/fermin-toro\/\" target=\"_blank\" rel=\"noopener\">Toro, Ferm\u00edn<\/a><\/p>\n\n\n\n<p><a href=\"https:\/\/eldienteroto.org\/wp49\/ana-teresa-torres-una-semblanza-de-su-vida\/\" target=\"_blank\" rel=\"noopener\">Torres, Ana Teresa<\/a><\/p>\n\n\n\n<p><a href=\"https:\/\/eldienteroto.org\/wp49\/esmeralda-torres\/\" target=\"_blank\" rel=\"noopener\">Torres, Esmeralda<\/a><\/p>\n\n\n\n<p><a href=\"https:\/\/eldienteroto.org\/wp49\/hector-torres-una-semblanza-de-su-vida\/\" target=\"_blank\" rel=\"noopener\">Torres, H\u00e9ctor<\/a><\/p>\n\n\n\n<p><a href=\"https:\/\/eldienteroto.org\/wp49\/teofilo-tortolero\/\" target=\"_blank\" rel=\"noopener\">Tortolero, Te\u00f3filo<\/a><\/p>\n\n\n\n<p><a href=\"https:\/\/eldienteroto.org\/wp49\/hernando-track\/\" target=\"_blank\" rel=\"noopener\">Track, Hernando<\/a><\/p>\n\n\n\n<p><a href=\"https:\/\/eldienteroto.org\/wp49\/tradiciones-y-relatos\/\" target=\"_blank\" rel=\"noopener\">Tradiciones y relatos<\/a><\/p>\n\n\n\n<p><a href=\"https:\/\/eldienteroto.org\/wp49\/la-tragedia-del-generalisimo\/\" target=\"_blank\" rel=\"noopener\">tragedia del General\u00edsimo, La<\/a><\/p>\n\n\n\n<p><a href=\"https:\/\/eldienteroto.org\/wp49\/transiciones\/\" target=\"_blank\" rel=\"noopener\">Transiciones<\/a><\/p>\n\n\n\n<p><a href=\"https:\/\/eldienteroto.org\/wp49\/transilvania-unplugged\/\" target=\"_blank\" rel=\"noopener\">Transilvania unplugged<\/a><\/p>\n\n\n\n<p><a href=\"https:\/\/eldienteroto.org\/wp49\/triptico-venezolano\/\" target=\"_blank\" rel=\"noopener\">Trejo, Oswaldo<\/a><\/p>\n\n\n\n<p><a rel=\"noopener\" href=\"https:\/\/eldienteroto.org\/wp49\/la-trepadora-2\/\" target=\"_blank\">Trepadora, La<\/a><\/p>\n\n\n\n<p><a rel=\"noreferrer noopener\" href=\"https:\/\/eldienteroto.org\/wp49\/triandafila\/\" target=\"_blank\">Triand\u00e1fila<\/a><\/p>\n\n\n\n<p><a rel=\"noopener\" href=\"https:\/\/eldienteroto.org\/wp49\/triptico-venezolano\/\" target=\"_blank\">Tr\u00edptico venezolano<\/a><\/p>\n\n\n\n<p><a rel=\"noreferrer noopener\" href=\"https:\/\/eldienteroto.org\/wp49\/tropico-absoluto-libro\/\" target=\"_blank\">Tr\u00f3pico absoluto<\/a><\/p>\n\n\n\n<p><a rel=\"noopener\" href=\"https:\/\/eldienteroto.org\/wp49\/antonio-trujillo\/\" target=\"_blank\">Trujillo, Antonio<\/a><\/p>\n\n\n\n<p><a href=\"https:\/\/eldienteroto.org\/wp49\/ennio-tucci\/\" target=\"_blank\" rel=\"noreferrer noopener\">Tucci, Ennio<\/a><\/p>\n\n\n\n<p><a href=\"https:\/\/eldienteroto.org\/wp49\/tuetano\/\" target=\"_blank\" rel=\"noreferrer noopener\">Tu\u00e9tano<\/a><\/p>\n\n\n\n<p><a rel=\"noopener\" href=\"https:\/\/eldienteroto.org\/wp49\/el-turpial-que-vivio-dos-veces\/\" target=\"_blank\">Turpial que vivi\u00f3 dos veces, el<\/a><\/p>\n","protected":false},"excerpt":{"rendered":"<p>Tabuas, Mireya taller blanco, El Tan fuera de este mundo Tanmatra tarea del testigo, La Teatro y sociedad Tejera, Felipe T\u00e9llez, Pedro Temblor de p\u00e1jaros tentaci\u00f3n de la carne, La Tenreiro, Salvador Tiempo de tormentas Tiempos del incendio Tienda de mu\u00f1ecos, la Tierra bajo los pies Tierra talada T\u00edo Tigre y T\u00edo Conejo Todo un [&hellip;]<\/p>\n","protected":false},"author":6,"featured_media":0,"parent":0,"menu_order":0,"comment_status":"closed","ping_status":"closed","template":"","meta":{"_monsterinsights_skip_tracking":false,"_monsterinsights_sitenote_active":false,"_monsterinsights_sitenote_note":"","_monsterinsights_sitenote_category":0,"footnotes":""},"_links":{"self":[{"href":"https:\/\/eldienteroto.org\/wp49\/wp-json\/wp\/v2\/pages\/2212"}],"collection":[{"href":"https:\/\/eldienteroto.org\/wp49\/wp-json\/wp\/v2\/pages"}],"about":[{"href":"https:\/\/eldienteroto.org\/wp49\/wp-json\/wp\/v2\/types\/page"}],"author":[{"embeddable":true,"href":"https:\/\/eldienteroto.org\/wp49\/wp-json\/wp\/v2\/users\/6"}],"replies":[{"embeddable":true,"href":"https:\/\/eldienteroto.org\/wp49\/wp-json\/wp\/v2\/comments?post=2212"}],"version-history":[{"count":41,"href":"https:\/\/eldienteroto.org\/wp49\/wp-json\/wp\/v2\/pages\/2212\/revisions"}],"predecessor-version":[{"id":18455,"href":"https:\/\/eldienteroto.org\/wp49\/wp-json\/wp\/v2\/pages\/2212\/revisions\/18455"}],"wp:attachment":[{"href":"https:\/\/eldienteroto.org\/wp49\/wp-json\/wp\/v2\/media?parent=2212"}],"curies":[{"name":"wp","href":"https:\/\/api.w.org\/{rel}","templated":true}]}}