{"id":20,"date":"2021-07-28T19:08:41","date_gmt":"2021-07-28T19:08:41","guid":{"rendered":"https:\/\/eldienteroto.org\/wp49\/?page_id=20"},"modified":"2023-11-27T18:10:27","modified_gmt":"2023-11-27T18:10:27","slug":"contacto","status":"publish","type":"page","link":"https:\/\/eldienteroto.org\/wp49\/contacto\/","title":{"rendered":"Contacto"},"content":{"rendered":"<p>Si quieres colaborar con nosotros, hay varias maneras de hacerlo:<\/p>\n<ul>\n<li>Puedes hacernos llegar material digitalizado sobre o de literatura venezolana; aunque tenemos un buen acopio de ello, nunca est\u00e1 de m\u00e1s.<\/li>\n<li>Si eres autor o autora, puedes enviarnos una muestra de tus textos, ya sea poes\u00eda, cuento, ensayo\u2026 Adicionalmente, incluye una peque\u00f1a biograf\u00eda, foto en buena resoluci\u00f3n y portada del libro de donde se extraen los textos, si fuera el caso.<\/li>\n<\/ul>\n<p>Y si, simplemente, deseas solicitar una informaci\u00f3n, puedes comunicarte con nosotros a trav\u00e9s del siguiente correo: eldienteroto.org@gmail.com.<\/p>\n","protected":false},"excerpt":{"rendered":"<p>Si quieres colaborar con nosotros, hay varias maneras de hacerlo: Puedes hacernos llegar material digitalizado sobre o de literatura venezolana; aunque tenemos un buen acopio de ello, nunca est\u00e1 de m\u00e1s. Si eres autor o autora, puedes enviarnos una muestra de tus textos, ya sea poes\u00eda, cuento, ensayo\u2026 Adicionalmente, incluye una peque\u00f1a biograf\u00eda, foto en [&hellip;]<\/p>\n","protected":false},"author":6,"featured_media":0,"parent":0,"menu_order":0,"comment_status":"closed","ping_status":"closed","template":"","meta":{"_monsterinsights_skip_tracking":false,"_monsterinsights_sitenote_active":false,"_monsterinsights_sitenote_note":"","_monsterinsights_sitenote_category":0,"footnotes":""},"_links":{"self":[{"href":"https:\/\/eldienteroto.org\/wp49\/wp-json\/wp\/v2\/pages\/20"}],"collection":[{"href":"https:\/\/eldienteroto.org\/wp49\/wp-json\/wp\/v2\/pages"}],"about":[{"href":"https:\/\/eldienteroto.org\/wp49\/wp-json\/wp\/v2\/types\/page"}],"author":[{"embeddable":true,"href":"https:\/\/eldienteroto.org\/wp49\/wp-json\/wp\/v2\/users\/6"}],"replies":[{"embeddable":true,"href":"https:\/\/eldienteroto.org\/wp49\/wp-json\/wp\/v2\/comments?post=20"}],"version-history":[{"count":9,"href":"https:\/\/eldienteroto.org\/wp49\/wp-json\/wp\/v2\/pages\/20\/revisions"}],"predecessor-version":[{"id":9606,"href":"https:\/\/eldienteroto.org\/wp49\/wp-json\/wp\/v2\/pages\/20\/revisions\/9606"}],"wp:attachment":[{"href":"https:\/\/eldienteroto.org\/wp49\/wp-json\/wp\/v2\/media?parent=20"}],"curies":[{"name":"wp","href":"https:\/\/api.w.org\/{rel}","templated":true}]}}