{"id":1925,"date":"2021-10-18T21:17:58","date_gmt":"2021-10-18T21:17:58","guid":{"rendered":"https:\/\/eldienteroto.org\/wp49\/?page_id=1925"},"modified":"2024-10-22T15:46:19","modified_gmt":"2024-10-22T20:16:19","slug":"y","status":"publish","type":"page","link":"https:\/\/eldienteroto.org\/wp49\/y\/","title":{"rendered":"Y"},"content":{"rendered":"\n<p><a href=\"https:\/\/eldienteroto.org\/wp49\/eloi-yague\/\" target=\"_blank\" rel=\"noopener\">Yag\u00fce, Eloi<\/a><\/p>\n\n\n\n<p><a href=\"https:\/\/eldienteroto.org\/wp49\/oscar-yanes\/\" target=\"_blank\" rel=\"noopener\">Yanes, \u00d3scar<\/a><\/p>\n\n\n\n<p><a href=\"https:\/\/eldienteroto.org\/wp49\/palmenes-yarza\/\" target=\"_blank\" rel=\"noopener\">Yarza, P\u00e1lmenes<\/a><\/p>\n\n\n\n<p><a href=\"https:\/\/eldienteroto.org\/wp49\/lena-yau-una-semblanza-de-su-vida\/\" target=\"_blank\" rel=\"noopener\">Yau, Lena<\/a><\/p>\n\n\n\n<p><a href=\"https:\/\/eldienteroto.org\/wp49\/jose-ramon-yepes\/\" target=\"_blank\" rel=\"noopener\">Yepes, Jos\u00e9 Ram\u00f3n<\/a><\/p>\n\n\n\n<p><a href=\"https:\/\/eldienteroto.org\/wp49\/yo-que-supe-de-la-vieja-herida\/\" target=\"_blank\" rel=\"noopener\">Yo que supe de la vieja herida<\/a><\/p>\n\n\n\n<p><a rel=\"noopener\" href=\"https:\/\/eldienteroto.org\/wp49\/luis-yrausquin\/\" target=\"_blank\">Yrausquin, Luis<\/a><\/p>\n\n\n\n<p><a href=\"https:\/\/eldienteroto.org\/wp49\/ysabel-el-silencio-del-agua\/\" target=\"_blank\" rel=\"noreferrer noopener\">Ysabel. El silencio del agua<\/a><\/p>\n\n\n\n<p><a href=\"https:\/\/eldienteroto.org\/wp49\/carlos-yusti\/\" target=\"_blank\" rel=\"noopener\">Yusti, Carlos<\/a><\/p>\n","protected":false},"excerpt":{"rendered":"<p>Yag\u00fce, Eloi Yanes, \u00d3scar Yarza, P\u00e1lmenes Yau, Lena Yepes, Jos\u00e9 Ram\u00f3n Yo que supe de la vieja herida Yrausquin, Luis Ysabel. El silencio del agua Yusti, Carlos<\/p>\n","protected":false},"author":6,"featured_media":0,"parent":0,"menu_order":0,"comment_status":"closed","ping_status":"closed","template":"","meta":{"_monsterinsights_skip_tracking":false,"_monsterinsights_sitenote_active":false,"_monsterinsights_sitenote_note":"","_monsterinsights_sitenote_category":0,"footnotes":""},"_links":{"self":[{"href":"https:\/\/eldienteroto.org\/wp49\/wp-json\/wp\/v2\/pages\/1925"}],"collection":[{"href":"https:\/\/eldienteroto.org\/wp49\/wp-json\/wp\/v2\/pages"}],"about":[{"href":"https:\/\/eldienteroto.org\/wp49\/wp-json\/wp\/v2\/types\/page"}],"author":[{"embeddable":true,"href":"https:\/\/eldienteroto.org\/wp49\/wp-json\/wp\/v2\/users\/6"}],"replies":[{"embeddable":true,"href":"https:\/\/eldienteroto.org\/wp49\/wp-json\/wp\/v2\/comments?post=1925"}],"version-history":[{"count":9,"href":"https:\/\/eldienteroto.org\/wp49\/wp-json\/wp\/v2\/pages\/1925\/revisions"}],"predecessor-version":[{"id":13640,"href":"https:\/\/eldienteroto.org\/wp49\/wp-json\/wp\/v2\/pages\/1925\/revisions\/13640"}],"wp:attachment":[{"href":"https:\/\/eldienteroto.org\/wp49\/wp-json\/wp\/v2\/media?parent=1925"}],"curies":[{"name":"wp","href":"https:\/\/api.w.org\/{rel}","templated":true}]}}