{"id":1881,"date":"2021-10-14T20:32:50","date_gmt":"2021-10-14T20:32:50","guid":{"rendered":"https:\/\/eldienteroto.org\/wp49\/?page_id=1881"},"modified":"2025-12-19T17:18:21","modified_gmt":"2025-12-19T21:48:21","slug":"r","status":"publish","type":"page","link":"https:\/\/eldienteroto.org\/wp49\/r\/","title":{"rendered":"R"},"content":{"rendered":"\n<p><a rel=\"noopener\" href=\"https:\/\/eldienteroto.org\/wp49\/victor-racamonde\/\" target=\"_blank\">Racamonde, V\u00edctor<\/a><\/p>\n\n\n\n<p><a rel=\"noreferrer noopener\" href=\"https:\/\/eldienteroto.org\/wp49\/radio-de-pilas\/\" target=\"_blank\">radio de pilas y otros poemas, El<\/a><\/p>\n\n\n\n<p><a href=\"https:\/\/eldienteroto.org\/wp49\/pamela-rahn-sanchez\/\" target=\"_blank\" rel=\"noreferrer noopener\">Rahn, Pamela<\/a><\/p>\n\n\n\n<p><a href=\"https:\/\/eldienteroto.org\/wp49\/rajatabla\/\">Rajatabla<\/a><\/p>\n\n\n\n<p><a rel=\"noopener\" href=\"https:\/\/eldienteroto.org\/wp49\/zorian-ramirez-espinoza\/\" target=\"_blank\">Ram\u00edrez Espinoza, Zorian<\/a><\/p>\n\n\n\n<p><a href=\"https:\/\/eldienteroto.org\/wp49\/georgina-ramirez\/\" target=\"_blank\" rel=\"noreferrer noopener\">Ram\u00edrez, Georgina<\/a><\/p>\n\n\n\n<p><a href=\"https:\/\/eldienteroto.org\/wp49\/ricardo-ramirez-requena\/\" target=\"_blank\" rel=\"noopener\">Ram\u00edrez Requena, Ricardo<\/a><\/p>\n\n\n\n<p><a href=\"https:\/\/eldienteroto.org\/wp49\/quim-ramos\/\" target=\"_blank\" rel=\"noopener\">Ramos, Quim<\/a> (Joaqu\u00edn Ferrer)<\/p>\n\n\n\n<p><a href=\"https:\/\/eldienteroto.org\/wp49\/jose-antonio-ramos-sucre\/\" target=\"_blank\" rel=\"noopener\">Ramos Sucre, Jos\u00e9 Antonio<\/a><\/p>\n\n\n\n<p><a href=\"https:\/\/eldienteroto.org\/wp49\/la-rebelion-y-otros-cuentos\/\" target=\"_blank\" rel=\"noopener\">Rebeli\u00f3n y otros cuentos, la<\/a><\/p>\n\n\n\n<p><a rel=\"noopener\" href=\"https:\/\/eldienteroto.org\/wp49\/alejandro-rebolledo\/\" target=\"_blank\">Rebolledo, Alejandro<\/a><\/p>\n\n\n\n<p><a rel=\"noreferrer noopener\" href=\"https:\/\/eldienteroto.org\/wp49\/lidia-rebrij\/\" target=\"_blank\">Rebrij, Lidia<\/a><\/p>\n\n\n\n<p><a rel=\"noreferrer noopener\" href=\"https:\/\/eldienteroto.org\/wp49\/el-regente-heredia\/\" target=\"_blank\">regente Heredia, El<\/a><\/p>\n\n\n\n<p><a href=\"https:\/\/eldienteroto.org\/wp49\/el-regreso-de-eva\/\" target=\"_blank\" rel=\"noreferrer noopener\">regreso de Eva, El<\/a><\/p>\n\n\n\n<p>Reinaldo Solar (ver <a href=\"https:\/\/eldienteroto.org\/wp49\/el-ultimo-solar\/\" target=\"_blank\" rel=\"noreferrer noopener\">El \u00faltimo solar<\/a>)<\/p>\n\n\n\n<p><a rel=\"noreferrer noopener\" href=\"https:\/\/eldienteroto.org\/wp49\/relieve-del-tiempo\/\" target=\"_blank\">relieve del tiempo, El<\/a><\/p>\n\n\n\n<p><a href=\"https:\/\/eldienteroto.org\/wp49\/coromoto-renaud\/\" target=\"_blank\" rel=\"noreferrer noopener\">Renaud, Coromoto<\/a><\/p>\n\n\n\n<p><a href=\"https:\/\/eldienteroto.org\/wp49\/maria-alejandra-rendon-infante\/\" target=\"_blank\" rel=\"noopener\">Rend\u00f3n, Mar\u00eda Alejandra<\/a><\/p>\n\n\n\n<p><a rel=\"noopener\" href=\"https:\/\/eldienteroto.org\/wp49\/cesar-rengifo\/\" target=\"_blank\">Rengifo, C\u00e9sar<\/a><\/p>\n\n\n\n<p><a href=\"https:\/\/eldienteroto.org\/wp49\/eleonora-requena\/\" target=\"_blank\" rel=\"noreferrer noopener\">Requena, Eleonora<\/a><\/p>\n\n\n\n<p><a href=\"https:\/\/eldienteroto.org\/wp49\/resurrecciones\/\" target=\"_blank\" rel=\"noopener\">Resurrecciones<\/a><\/p>\n\n\n\n<p><a href=\"https:\/\/eldienteroto.org\/wp49\/retablos\/\" target=\"_blank\" rel=\"noopener\">Retablos<\/a><\/p>\n\n\n\n<p><a href=\"https:\/\/eldienteroto.org\/wp49\/el-rey-de-las-cenizas\/\">rey de las cenizas, El<\/a><\/p>\n\n\n\n<p><a rel=\"noreferrer noopener\" href=\"https:\/\/eldienteroto.org\/wp49\/jose-leonardo-riera-bravo\/\" target=\"_blank\">Riera Bravo, Jos\u00e9 Leonardo<\/a><\/p>\n\n\n\n<p><a href=\"https:\/\/eldienteroto.org\/wp49\/cesar-david-rincon\/\" target=\"_blank\" rel=\"noreferrer noopener\">Rinc\u00f3n, C\u00e9sar David<\/a><\/p>\n\n\n\n<p><a rel=\"noreferrer noopener\" href=\"https:\/\/eldienteroto.org\/wp49\/solange-rincon\/\" target=\"_blank\">Rinc\u00f3n, Solange<\/a><\/p>\n\n\n\n<p><a href=\"https:\/\/eldienteroto.org\/wp49\/alvaro-rios\/\">R\u00edos, \u00c1<\/a><a href=\"https:\/\/eldienteroto.org\/wp49\/alvaro-rios\/\" target=\"_blank\" rel=\"noreferrer noopener\">l<\/a><a href=\"https:\/\/eldienteroto.org\/wp49\/alvaro-rios\/\">varo<\/a><\/p>\n\n\n\n<p><a href=\"https:\/\/eldienteroto.org\/wp49\/ritmos-de-perez-bonalde\/\" target=\"_blank\" rel=\"noopener\">Ritmos (P\u00e9rez Bonalde)<\/a><\/p>\n\n\n\n<p><a href=\"https:\/\/eldienteroto.org\/wp49\/luz-marina-rivas\/\" target=\"_blank\" rel=\"noopener\">Rivas, Luz Marina<\/a><\/p>\n\n\n\n<p><a href=\"https:\/\/eldienteroto.org\/wp49\/humberto-rivas-mijares\/\" target=\"_blank\" rel=\"noopener\">Rivas Mijares, Humberto<\/a><\/p>\n\n\n\n<p><a rel=\"noopener\" href=\"https:\/\/eldienteroto.org\/wp49\/hesnor-rivera\/\" target=\"_blank\">Rivera, Hesnor<\/a><\/p>\n\n\n\n<p><a href=\"https:\/\/eldienteroto.org\/wp49\/jhon-rivera-stredel\/\" target=\"_blank\" rel=\"noreferrer noopener\">Rivera Str\u00e9del, Jhon<\/a><\/p>\n\n\n\n<p><a href=\"https:\/\/eldienteroto.org\/wp49\/adhely-rivero\/\" target=\"_blank\" rel=\"noopener\">Rivero, Adhely<\/a><\/p>\n\n\n\n<p><a rel=\"noopener\" href=\"https:\/\/eldienteroto.org\/wp49\/javier-alexander-roa\/\" target=\"_blank\">Roa, Javier Alexander<\/a><\/p>\n\n\n\n<p><a href=\"https:\/\/eldienteroto.org\/wp49\/antonio-robles\/\" target=\"_blank\" rel=\"noreferrer noopener\">Robles, Antonio<\/a><\/p>\n\n\n\n<p><a rel=\"noopener\" href=\"https:\/\/eldienteroto.org\/wp49\/ruben-dario-roca\/\" target=\"_blank\">Roca, Rub\u00e9n Dar\u00edo<\/a><\/p>\n\n\n\n<p><a href=\"https:\/\/eldienteroto.org\/wp49\/argenis-rodriguez\/\" target=\"_blank\" rel=\"noreferrer noopener\">Rodr\u00edguez, Argenis<\/a><\/p>\n\n\n\n<p><a href=\"https:\/\/eldienteroto.org\/wp49\/carlos-cesar-rodriguez\/\" target=\"_blank\" rel=\"noreferrer noopener\">Rodr\u00edguez, Carlos C\u00e9sar<\/a><\/p>\n\n\n\n<p><a rel=\"noopener\" href=\"https:\/\/eldienteroto.org\/wp49\/emira-rodriguez\/\" target=\"_blank\">Rodr\u00edguez, Emira<\/a><\/p>\n\n\n\n<p><a href=\"https:\/\/eldienteroto.org\/wp49\/ender-rodriguez\/\" target=\"_blank\" rel=\"noreferrer noopener\">Rodr\u00edguez, Ender<\/a><\/p>\n\n\n\n<p><a href=\"https:\/\/eldienteroto.org\/wp49\/marco-aurelio-rodriguez\/\" target=\"_blank\" rel=\"noreferrer noopener\">Rodr\u00edguez, Marco Aurelio<\/a><\/p>\n\n\n\n<p><a rel=\"noopener\" href=\"https:\/\/eldienteroto.org\/wp49\/renato-rodriguez\/\" target=\"_blank\">Rodr\u00edguez, Renato<\/a><\/p>\n\n\n\n<p><a href=\"https:\/\/eldienteroto.org\/wp49\/stephani-rodriguez\/\" target=\"_blank\" rel=\"noreferrer noopener\">Rodr\u00edguez, Stephani<\/a><\/p>\n\n\n\n<p><a href=\"https:\/\/eldienteroto.org\/wp49\/manuel-rodriguez-cardenas\/\" target=\"_blank\" rel=\"noreferrer noopener\">Rodr\u00edguez C\u00e1rdenas, Manuel<\/a><\/p>\n\n\n\n<p><a href=\"https:\/\/eldienteroto.org\/wp49\/alberto-rodriguez-carucci\/\" target=\"_blank\" rel=\"noopener\">Rodr\u00edguez Carucci, Alberto<\/a><\/p>\n\n\n\n<p><a href=\"https:\/\/eldienteroto.org\/wp49\/aristides-rojas\/\" target=\"_blank\" rel=\"noopener\">Rojas, Ar\u00edstides<\/a><\/p>\n\n\n\n<p><a href=\"https:\/\/eldienteroto.org\/wp49\/juan-manuel-romero-a\/\" target=\"_blank\" rel=\"noopener\">Rojas, Golcar<\/a><\/p>\n\n\n\n<p><a href=\"https:\/\/eldienteroto.org\/wp49\/nestor-rojas\/\" target=\"_blank\" rel=\"noopener\">Rojas, N\u00e9stor<\/a><\/p>\n\n\n\n<p><a href=\"https:\/\/eldienteroto.org\/wp49\/armando-rojas-guardia\/\" target=\"_blank\" rel=\"noopener\">Rojas Guardia, Armando<\/a><\/p>\n\n\n\n<p><a rel=\"noopener\" href=\"https:\/\/eldienteroto.org\/wp49\/pablo-rojas-guardia\/\" target=\"_blank\">Rojas Guardia, Pablo<\/a><\/p>\n\n\n\n<p><a href=\"https:\/\/eldienteroto.org\/wp49\/carlos-rojas-malpica\/\" target=\"_blank\" rel=\"noreferrer noopener\">Rojas Malpica, Carlos<\/a><\/p>\n\n\n\n<p><a rel=\"noopener\" href=\"https:\/\/eldienteroto.org\/wp49\/jairo-rojas-rojas\/\" target=\"_blank\">Rojas Rojas, Jairo<\/a><\/p>\n\n\n\n<p><a href=\"https:\/\/eldienteroto.org\/wp49\/yeiber-roman\/\">Rom\u00e1n, Yeiber<\/a><\/p>\n\n\n\n<p><a href=\"https:\/\/eldienteroto.org\/wp49\/denzil-romero\/\" target=\"_blank\" rel=\"noopener\">Romero, Denzil<\/a><\/p>\n\n\n\n<p><a rel=\"noopener\" href=\"https:\/\/eldienteroto.org\/wp49\/juan-manuel-romero-a\/\" target=\"_blank\">Romero, Juan Manuel<\/a><\/p>\n\n\n\n<p><a href=\"https:\/\/eldienteroto.org\/wp49\/mariela-romero\/\" target=\"_blank\" rel=\"noreferrer noopener\">Romero, Mariela<\/a><\/p>\n\n\n\n<p><a href=\"https:\/\/eldienteroto.org\/wp49\/manuel-vicente-romerogarcia\/\" target=\"_blank\" rel=\"noopener\">Romerogarc\u00eda, Manuel Vicente<\/a><\/p>\n\n\n\n<p><a href=\"https:\/\/eldienteroto.org\/wp49\/marhisela-ron-leon\/\" target=\"_blank\" rel=\"noopener\">Ron, Marhisela<\/a><\/p>\n\n\n\n<p><a href=\"https:\/\/eldienteroto.org\/wp49\/ros-de-olano\/\" target=\"_blank\" rel=\"noopener\">Ros de Olano, Antonio<\/a><\/p>\n\n\n\n<p><a href=\"https:\/\/eldienteroto.org\/wp49\/julio-horacio-rosales-echeverria\/\" target=\"_blank\" rel=\"noopener\">Rosales, Julio<\/a><\/p>\n\n\n\n<p><a href=\"https:\/\/eldienteroto.org\/wp49\/arnoldo-rosas\/\" target=\"_blank\" rel=\"noopener\">Rosas, Arnoldo<\/a><\/p>\n\n\n\n<p><a rel=\"noopener\" href=\"https:\/\/eldienteroto.org\/wp49\/gabriela-rosas\/\" target=\"_blank\">Rosas, Gabriela<\/a><\/p>\n\n\n\n<p><a href=\"https:\/\/eldienteroto.org\/wp49\/rosas-secas\/\" target=\"_blank\" rel=\"noreferrer noopener\">Rosas secas<\/a><\/p>\n\n\n\n<p><a href=\"https:\/\/eldienteroto.org\/wp49\/levy-rossell\/\" target=\"_blank\" rel=\"noopener\">Rossell, Levy<\/a><\/p>\n\n\n\n<p><a href=\"https:\/\/eldienteroto.org\/wp49\/manuel-felipe-rugeles\/\" target=\"_blank\" rel=\"noopener\">Rugeles, Manuel Felipe<\/a><\/p>\n","protected":false},"excerpt":{"rendered":"<p>Racamonde, V\u00edctor radio de pilas y otros poemas, El Rahn, Pamela Rajatabla Ram\u00edrez Espinoza, Zorian Ram\u00edrez, Georgina Ram\u00edrez Requena, Ricardo Ramos, Quim (Joaqu\u00edn Ferrer) Ramos Sucre, Jos\u00e9 Antonio Rebeli\u00f3n y otros cuentos, la Rebolledo, Alejandro Rebrij, Lidia regente Heredia, El regreso de Eva, El Reinaldo Solar (ver El \u00faltimo solar) relieve del tiempo, El Renaud, [&hellip;]<\/p>\n","protected":false},"author":6,"featured_media":0,"parent":0,"menu_order":0,"comment_status":"closed","ping_status":"closed","template":"","meta":{"_monsterinsights_skip_tracking":false,"_monsterinsights_sitenote_active":false,"_monsterinsights_sitenote_note":"","_monsterinsights_sitenote_category":0,"footnotes":""},"_links":{"self":[{"href":"https:\/\/eldienteroto.org\/wp49\/wp-json\/wp\/v2\/pages\/1881"}],"collection":[{"href":"https:\/\/eldienteroto.org\/wp49\/wp-json\/wp\/v2\/pages"}],"about":[{"href":"https:\/\/eldienteroto.org\/wp49\/wp-json\/wp\/v2\/types\/page"}],"author":[{"embeddable":true,"href":"https:\/\/eldienteroto.org\/wp49\/wp-json\/wp\/v2\/users\/6"}],"replies":[{"embeddable":true,"href":"https:\/\/eldienteroto.org\/wp49\/wp-json\/wp\/v2\/comments?post=1881"}],"version-history":[{"count":66,"href":"https:\/\/eldienteroto.org\/wp49\/wp-json\/wp\/v2\/pages\/1881\/revisions"}],"predecessor-version":[{"id":18049,"href":"https:\/\/eldienteroto.org\/wp49\/wp-json\/wp\/v2\/pages\/1881\/revisions\/18049"}],"wp:attachment":[{"href":"https:\/\/eldienteroto.org\/wp49\/wp-json\/wp\/v2\/media?parent=1881"}],"curies":[{"name":"wp","href":"https:\/\/api.w.org\/{rel}","templated":true}]}}