{"id":1292,"date":"2021-09-15T12:16:51","date_gmt":"2021-09-15T12:16:51","guid":{"rendered":"https:\/\/eldienteroto.org\/wp49\/?page_id=1292"},"modified":"2026-03-20T09:32:46","modified_gmt":"2026-03-20T14:02:46","slug":"s","status":"publish","type":"page","link":"https:\/\/eldienteroto.org\/wp49\/s\/","title":{"rendered":"S"},"content":{"rendered":"\n<p><a href=\"https:\/\/eldienteroto.org\/wp49\/norys-saavedra\/\" target=\"_blank\" rel=\"noreferrer noopener\">Saavedra, Norys<\/a><\/p>\n\n\n\n<p><a rel=\"noopener\" href=\"https:\/\/eldienteroto.org\/wp49\/sabado-que-nunca-llega\/\" target=\"_blank\">S\u00e1bado que nunca llega<\/a><\/p>\n\n\n\n<p><a href=\"https:\/\/eldienteroto.org\/wp49\/jose-alfredo-sabatino-pizzolante\/\" target=\"_blank\" rel=\"noopener\">Sabatino, Alfredo<\/a><\/p>\n\n\n\n<p><a href=\"https:\/\/eldienteroto.org\/wp49\/karina-sainz-borgo-una-semblanza-de-su-vida\/\" target=\"_blank\" rel=\"noopener\">Sainz-Borgo, Karina<\/a><\/p>\n\n\n\n<p class=\"has-text-align-left\"><a rel=\"noopener\" href=\"https:\/\/eldienteroto.org\/wp49\/adalber-salas-hernandez\/\" target=\"_blank\">Salas Hern\u00e1ndez, Adalber<\/a><\/p>\n\n\n\n<p><a href=\"https:\/\/eldienteroto.org\/wp49\/maria-clara-salas\/\" target=\"_blank\" rel=\"noreferrer noopener\">Salas, Mar\u00eda Clara<\/a><\/p>\n\n\n\n<p><a rel=\"noreferrer noopener\" href=\"https:\/\/eldienteroto.org\/wp49\/astrid-salazar\/\" target=\"_blank\">Salazar, Astrid<\/a><\/p>\n\n\n\n<p><a href=\"https:\/\/eldienteroto.org\/wp49\/magaly-salazar-sanabria\/\" target=\"_blank\" rel=\"noreferrer noopener\">Salazar Sanabria, Magaly<\/a><\/p>\n\n\n\n<p><a href=\"https:\/\/eldienteroto.org\/wp49\/wafi-salih\/\" target=\"_blank\" rel=\"noopener\">Salih, Wafi<\/a><\/p>\n\n\n\n<p><a href=\"https:\/\/eldienteroto.org\/wp49\/salmeron-acosta\/\" target=\"_blank\" rel=\"noopener\">Salmer\u00f3n Acosta, Cruz<\/a><\/p>\n\n\n\n<p><a href=\"https:\/\/eldienteroto.org\/wp49\/salomario\/\" target=\"_blank\" rel=\"noopener\">Salomario<\/a><\/p>\n\n\n\n<p><a rel=\"noopener\" href=\"https:\/\/eldienteroto.org\/wp49\/salsa-y-control\/\" target=\"_blank\">Salsa y control<\/a><\/p>\n\n\n\n<p><a rel=\"noreferrer noopener\" href=\"https:\/\/eldienteroto.org\/wp49\/la-salvacion-por-el-hastio\/\" target=\"_blank\">salvaci\u00f3n por el hast\u00edo, La<\/a><\/p>\n\n\n\n<p><a href=\"https:\/\/eldienteroto.org\/wp49\/oscar-sambrano-urdaneta\/\" target=\"_blank\" rel=\"noreferrer noopener\">Sambrano Urdaneta, Oscar<\/a><\/p>\n\n\n\n<p><a href=\"https:\/\/eldienteroto.org\/wp49\/jose-javier-sanchez\/\" target=\"_blank\" rel=\"noopener\">S\u00e1nchez, Jos\u00e9 Javier<\/a><\/p>\n\n\n\n<p><a href=\"https:\/\/eldienteroto.org\/wp49\/thalia-sanchez\/\" target=\"_blank\" rel=\"noopener\">S\u00e1nchez, Thal\u00eda<\/a><\/p>\n\n\n\n<p><a href=\"https:\/\/eldienteroto.org\/wp49\/ramon-diaz-sanchez-2\/\" target=\"_blank\" rel=\"noopener\">S\u00e1nchez D\u00edaz, Ram\u00f3n<\/a><\/p>\n\n\n\n<p><a href=\"https:\/\/eldienteroto.org\/wp49\/juan-sanchez-pelaez\/\" target=\"_blank\" rel=\"noopener\">S\u00e1nchez Pel\u00e1ez, Juan<\/a><\/p>\n\n\n\n<p><a href=\"https:\/\/eldienteroto.org\/wp49\/eduardo-sanchez-rugeles\/\" target=\"_blank\" rel=\"noopener\">S\u00e1nchez Rugeles, Eduardo<\/a><\/p>\n\n\n\n<p><a rel=\"noopener\" href=\"https:\/\/eldienteroto.org\/wp49\/carlos-sandoval\/\" target=\"_blank\">Sandoval, Carlos<\/a><\/p>\n\n\n\n<p><a rel=\"noreferrer noopener\" href=\"https:\/\/eldienteroto.org\/wp49\/eduardo-sanoja\/\" target=\"_blank\">Sanoja, Eduardo<\/a><\/p>\n\n\n\n<p><a rel=\"noreferrer noopener\" href=\"https:\/\/eldienteroto.org\/wp49\/sonia-sanoja\/\" target=\"_blank\">Sanoja, Sonia<\/a><\/p>\n\n\n\n<p><a rel=\"noopener\" href=\"https:\/\/eldienteroto.org\/wp49\/jesus-sanoja-hernandez\/\" target=\"_blank\">Sanoja Hern\u00e1ndez, Jes\u00fas<\/a><\/p>\n\n\n\n<p><a rel=\"noopener\" href=\"https:\/\/eldienteroto.org\/wp49\/rodolfo-santana\/\" target=\"_blank\">Santana, Rodolfo<\/a><\/p>\n\n\n\n<p><a href=\"https:\/\/eldienteroto.org\/wp49\/fedosy-santaella\/\" target=\"_blank\" rel=\"noopener\">Santaella, Fedosy<\/a><\/p>\n\n\n\n<p><a rel=\"noopener\" href=\"https:\/\/eldienteroto.org\/wp49\/raquel-santeliz\/\" target=\"_blank\">Santeliz, Raquel<\/a><\/p>\n\n\n\n<p><a href=\"https:\/\/eldienteroto.org\/wp49\/gina-saraceni\/\" target=\"_blank\" rel=\"noreferrer noopener\">Saraceni, Gina<\/a><\/p>\n\n\n\n<p><a href=\"https:\/\/eldienteroto.org\/wp49\/jorge-schmidke\/\">Schmidke, Jorge<\/a><\/p>\n\n\n\n<p><a href=\"https:\/\/eldienteroto.org\/wp49\/elizabeth-schon\/\" target=\"_blank\" rel=\"noopener\">Sch\u00f6n, Elizabeth<\/a><\/p>\n\n\n\n<p><a href=\"https:\/\/eldienteroto.org\/wp49\/se\/\" target=\"_blank\" rel=\"noopener\">S\u00e9<\/a><\/p>\n\n\n\n<p><a href=\"https:\/\/eldienteroto.org\/wp49\/cesar-seco\/\" target=\"_blank\" rel=\"noopener\">Seco, C\u00e9sar<\/a><\/p>\n\n\n\n<p><a rel=\"noopener\" href=\"https:\/\/eldienteroto.org\/wp49\/jesus-semprum\/\" target=\"_blank\">Semprum, Jes\u00fas<\/a><\/p>\n\n\n\n<p><a rel=\"noreferrer noopener\" href=\"https:\/\/eldienteroto.org\/wp49\/senor-marx\/\" target=\"_blank\">Se\u00f1or Marx no est\u00e1 en casa, El<\/a><\/p>\n\n\n\n<p><a rel=\"noopener\" href=\"https:\/\/eldienteroto.org\/wp49\/armando-jose-sequera-y-su-maquina-de-inventar-literatura\/\" target=\"_blank\">Sequera, Armando Jos\u00e9<\/a><\/p>\n\n\n\n<p><a href=\"https:\/\/eldienteroto.org\/wp49\/david-sequera\/\" target=\"_blank\" rel=\"noopener\">Sequera, David<\/a><\/p>\n\n\n\n<p><a rel=\"noopener\" href=\"https:\/\/eldienteroto.org\/wp49\/seres-cotidianos\/\" target=\"_blank\">Seres cotidianos<\/a><\/p>\n\n\n\n<p><a rel=\"noreferrer noopener\" href=\"https:\/\/eldienteroto.org\/wp49\/serpiente-breve\/\" target=\"_blank\">Serpiente breve<\/a><\/p>\n\n\n\n<p><a href=\"https:\/\/eldienteroto.org\/wp49\/hiranis-serrano\/\" target=\"_blank\" rel=\"noreferrer noopener\">Serrano, Hiranis<\/a><\/p>\n\n\n\n<p><a href=\"https:\/\/eldienteroto.org\/wp49\/si-me-riera-bravo\/\" target=\"_blank\" rel=\"noreferrer noopener\">Si me riera bravo<\/a><\/p>\n\n\n\n<p><a rel=\"noreferrer noopener\" href=\"https:\/\/eldienteroto.org\/wp49\/eduardo-sifontes\/\" target=\"_blank\">Sifontes, Eduardo<\/a><\/p>\n\n\n\n<p><a href=\"https:\/\/eldienteroto.org\/wp49\/lourdes-sifontes\/\" target=\"_blank\" rel=\"noreferrer noopener\">Sifontes, Lourdes<\/a><\/p>\n\n\n\n<p><a rel=\"noopener\" href=\"https:\/\/eldienteroto.org\/wp49\/alejandro-silva\/\" target=\"_blank\">Silva, Alejandro<\/a><\/p>\n\n\n\n<p><a href=\"https:\/\/eldienteroto.org\/wp49\/eustoquio-silva\/\" target=\"_blank\" rel=\"noreferrer noopener\">Silva, Eustoquio<\/a><\/p>\n\n\n\n<p><a href=\"https:\/\/eldienteroto.org\/wp49\/julio-rafael-silva\/\" target=\"_blank\" rel=\"noopener\">Silva, Julio Rafael<\/a><\/p>\n\n\n\n<p><a rel=\"noopener\" href=\"https:\/\/eldienteroto.org\/wp49\/ludovico-silva\/\" target=\"_blank\">Silva, Ludovico<\/a><\/p>\n\n\n\n<p><a href=\"https:\/\/eldienteroto.org\/wp49\/luisa-del-valle-silva\/\" target=\"_blank\" rel=\"noreferrer noopener\">Silva, Luisa del Valle<\/a><\/p>\n\n\n\n<p><a href=\"https:\/\/eldienteroto.org\/wp49\/alfredo-silva-estrada\/\" target=\"_blank\" rel=\"noopener\">Silva Estrada, Alfredo<\/a><\/p>\n\n\n\n<p><a rel=\"noopener\" href=\"https:\/\/eldienteroto.org\/wp49\/milagros-socorro\/\" target=\"_blank\">Socorro, Milagros<\/a><\/p>\n\n\n\n<p><a href=\"https:\/\/eldienteroto.org\/wp49\/juan-pablo-sojo\/\" target=\"_blank\" rel=\"noreferrer noopener\">Sojo, Juan Pablo<\/a><\/p>\n\n\n\n<p><a href=\"https:\/\/eldienteroto.org\/wp49\/sol-invisible\/\" target=\"_blank\" rel=\"noopener\">sol invisible, El<\/a><\/p>\n\n\n\n<p><a href=\"https:\/\/eldienteroto.org\/wp49\/jose-solanes\/\" target=\"_blank\" rel=\"noopener\">Solanes, Jos\u00e9<\/a><\/p>\n\n\n\n<p><a href=\"https:\/\/eldienteroto.org\/wp49\/solitaria-solidaria\/\" target=\"_blank\" rel=\"noopener\">Solitaria solidaria<\/a><\/p>\n\n\n\n<p><a href=\"https:\/\/eldienteroto.org\/wp49\/somaris\/\" target=\"_blank\" rel=\"noopener\">Somaris<\/a><\/p>\n\n\n\n<p><a href=\"https:\/\/eldienteroto.org\/wp49\/son-mondongo-son\/\" target=\"_blank\" rel=\"noopener\">Son mondongo son<\/a><\/p>\n\n\n\n<p><a rel=\"noopener\" href=\"https:\/\/eldienteroto.org\/wp49\/sones-canciones-y-otros-poemas\/\" target=\"_blank\">Sones, canciones y otros poemas<\/a><\/p>\n\n\n\n<p><a href=\"https:\/\/eldienteroto.org\/wp49\/sonoro-silencio\/\" target=\"_blank\" rel=\"noreferrer noopener\">Sonoro silencio<\/a><\/p>\n\n\n\n<p><a href=\"https:\/\/eldienteroto.org\/wp49\/ana-teresa-sosa\/\" target=\"_blank\" rel=\"noreferrer noopener\">Sosa, Ana Teresa<\/a><\/p>\n\n\n\n<p><a rel=\"noreferrer noopener\" href=\"https:\/\/eldienteroto.org\/wp49\/arturo-sosa-leal\/\" target=\"_blank\">Sosa Leal, Arturo<\/a><\/p>\n\n\n\n<p><a href=\"https:\/\/eldienteroto.org\/wp49\/jesus-miguel-soto\/\" target=\"_blank\" rel=\"noreferrer noopener\">Soto, Jes\u00fas Miguel<\/a><\/p>\n\n\n\n<p><a rel=\"noreferrer noopener\" href=\"https:\/\/eldienteroto.org\/wp49\/oscar-sotillo-meneses\/\" target=\"_blank\">Sotillo, Oscar<\/a><\/p>\n\n\n\n<p><a href=\"https:\/\/eldienteroto.org\/wp49\/pedro-sotillo\/\" target=\"_blank\" rel=\"noreferrer noopener\">Sotillo, Pedro<\/a><\/p>\n\n\n\n<p><a href=\"https:\/\/eldienteroto.org\/wp49\/henrique-soublette\/\" target=\"_blank\" rel=\"noopener\">Soublette, Henrique<\/a><\/p>\n\n\n\n<p><a rel=\"noopener\" href=\"https:\/\/eldienteroto.org\/wp49\/victoria-de-stefano\/\" target=\"_blank\">Stefano, Victoria De<\/a><\/p>\n\n\n\n<p><a href=\"https:\/\/eldienteroto.org\/wp49\/gerardo-steinfeld\/\" target=\"_blank\" rel=\"noreferrer noopener\">Steinfeld, Gerardo<\/a><\/p>\n\n\n\n<p><a href=\"https:\/\/eldienteroto.org\/wp49\/gloria-stolk\/\" target=\"_blank\" rel=\"noreferrer noopener\">Stolk, Gloria<\/a><\/p>\n\n\n\n<p><a href=\"https:\/\/eldienteroto.org\/wp49\/atilio-storey-richardson\/\" target=\"_blank\" rel=\"noopener\">Storey, Atilio<\/a><\/p>\n\n\n\n<p><a rel=\"noopener\" href=\"https:\/\/eldienteroto.org\/wp49\/gregorio-suarez-lopez\/\" target=\"_blank\">Su\u00e1rez L\u00f3pez, Gregorio<\/a><\/p>\n\n\n\n<p><a href=\"https:\/\/eldienteroto.org\/wp49\/efrain-subero\/\" target=\"_blank\" rel=\"noreferrer noopener\">Subero, Efra\u00edn<\/a><\/p>\n\n\n\n<p><a rel=\"noopener\" href=\"https:\/\/eldienteroto.org\/wp49\/guillermo-sucre\/\" target=\"_blank\">Sucre, Guillermo<\/a><\/p>\n\n\n\n<p><a rel=\"noreferrer noopener\" href=\"https:\/\/eldienteroto.org\/wp49\/suma-de-venezuela\/\" target=\"_blank\">Suma de Venezuela<\/a><\/p>\n\n\n\n<p><a rel=\"noreferrer noopener\" href=\"https:\/\/eldienteroto.org\/wp49\/sumergida\/\" target=\"_blank\">Sumergida<\/a><\/p>\n\n\n\n<p><a href=\"https:\/\/eldienteroto.org\/wp49\/francisco-suniaga\/\" target=\"_blank\" rel=\"noopener\">Suniaga, Francisco<\/a><\/p>\n\n\n\n<p><a href=\"https:\/\/eldienteroto.org\/wp49\/supernova\/\" target=\"_blank\" rel=\"noopener\">Supernova<\/a><\/p>\n\n\n\n<p><a href=\"https:\/\/eldienteroto.org\/wp49\/cesar-suppini\/\" target=\"_blank\" rel=\"noopener\">Suppini, C\u00e9sar<\/a><\/p>\n\n\n\n<p><a href=\"https:\/\/eldienteroto.org\/wp49\/al-sur-del-equanil\/\" target=\"_blank\" rel=\"noopener\">Sur del Equanil, al<\/a><\/p>\n\n\n\n<p><a href=\"https:\/\/eldienteroto.org\/wp49\/blanca-strepponi\/\" target=\"_blank\" rel=\"noopener\">Strepponi, Blanca<\/a><\/p>\n","protected":false},"excerpt":{"rendered":"<p>Saavedra, Norys S\u00e1bado que nunca llega Sabatino, Alfredo Sainz-Borgo, Karina Salas Hern\u00e1ndez, Adalber Salas, Mar\u00eda Clara Salazar, Astrid Salazar Sanabria, Magaly Salih, Wafi Salmer\u00f3n Acosta, Cruz Salomario Salsa y control salvaci\u00f3n por el hast\u00edo, La Sambrano Urdaneta, Oscar S\u00e1nchez, Jos\u00e9 Javier S\u00e1nchez, Thal\u00eda S\u00e1nchez D\u00edaz, Ram\u00f3n S\u00e1nchez Pel\u00e1ez, Juan S\u00e1nchez Rugeles, Eduardo Sandoval, Carlos Sanoja, [&hellip;]<\/p>\n","protected":false},"author":6,"featured_media":0,"parent":0,"menu_order":0,"comment_status":"closed","ping_status":"closed","template":"","meta":{"_monsterinsights_skip_tracking":false,"_monsterinsights_sitenote_active":false,"_monsterinsights_sitenote_note":"","_monsterinsights_sitenote_category":0,"footnotes":""},"_links":{"self":[{"href":"https:\/\/eldienteroto.org\/wp49\/wp-json\/wp\/v2\/pages\/1292"}],"collection":[{"href":"https:\/\/eldienteroto.org\/wp49\/wp-json\/wp\/v2\/pages"}],"about":[{"href":"https:\/\/eldienteroto.org\/wp49\/wp-json\/wp\/v2\/types\/page"}],"author":[{"embeddable":true,"href":"https:\/\/eldienteroto.org\/wp49\/wp-json\/wp\/v2\/users\/6"}],"replies":[{"embeddable":true,"href":"https:\/\/eldienteroto.org\/wp49\/wp-json\/wp\/v2\/comments?post=1292"}],"version-history":[{"count":78,"href":"https:\/\/eldienteroto.org\/wp49\/wp-json\/wp\/v2\/pages\/1292\/revisions"}],"predecessor-version":[{"id":18423,"href":"https:\/\/eldienteroto.org\/wp49\/wp-json\/wp\/v2\/pages\/1292\/revisions\/18423"}],"wp:attachment":[{"href":"https:\/\/eldienteroto.org\/wp49\/wp-json\/wp\/v2\/media?parent=1292"}],"curies":[{"name":"wp","href":"https:\/\/api.w.org\/{rel}","templated":true}]}}